{"id":262076,"date":"2026-01-13T23:20:36","date_gmt":"2026-01-13T20:20:36","guid":{"rendered":"https:\/\/baldumarket.lt\/product\/materac-multipocket-kampas-120x200\/"},"modified":"2026-02-11T18:19:22","modified_gmt":"2026-02-11T15:19:22","slug":"materac-multipocket-kampas-120x200","status":"publish","type":"product","link":"https:\/\/baldumarket.lt\/lt\/product\/materac-multipocket-kampas-120x200\/","title":{"rendered":"Kampas 120&#215;200 daugiaki\u0161enis \u010diu\u017einys"},"content":{"rendered":"<p>Kampas 120\u00d7200 \u010diu\u017einys: Kiekvieno miegamojo \u0161irdis yra lova, tiksliau, \u010diu\u017einys, u\u017etikrinantis patog\u0173 mieg\u0105 ir atkuriantis energij\u0105 naujai dienai. Kampas spyruoklinis \u010diu\u017einys yra puikus pasirinkimas tiems, kurie vertina komfort\u0105. D\u0117l nepriklausomai veikian\u010di\u0173 daugiaki\u0161enini\u0173 spyruokli\u0173 \u0161is \u010diu\u017einys pasi\u017eymi i\u0161skirtiniu ta\u0161kiniu elastingumu ir puikiai prisitaiko prie k\u016bno formos. Be to, elastingos hibridin\u0117s putos su higienos sertifikatu garantuoja dar didesn\u012f komfort\u0105. Tiems, kurie r\u016bpinasi higiena ir ken\u010dia nuo alergijos, Kampas \u010diu\u017einys si\u016blo daug privalum\u0173. 3D ventiliacijos juostos naudojimas u\u017etikrina puik\u0173 v\u0117dinim\u0105, o mink\u0161tas \u201eQ-Dry&amp;Soft\u201c megztas u\u017evalkalas efektyviai sugeria dr\u0117gm\u0119. Ir dar ne viskas, u\u017evalkalas turi u\u017etrauktuk\u0105, kad b\u016bt\u0173 lengva nuimti ir i\u0161skalbti, tod\u0117l \u010diu\u017einys i\u0161lieka gaivus. Pagrindin\u0117s savyb\u0117s:<br \/>\n\u010ciu\u017einio \u0161erd\u012f sudaro nepriklausomai veikian\u010dios daugiaki\u0161en\u0117s spyruokl\u0117s, padengtos elastingomis, higienos sertifikuotomis hibridin\u0117mis putomis. Spyruokli\u0173 i\u0161d\u0117stymas atskirose ki\u0161en\u0117se u\u017etikrina auk\u0161t\u0105 \u010diu\u017einio ta\u0161kin\u012f elastingum\u0105 ir tinkam\u0105 k\u016bno atram\u0105. 7 komforto zonos u\u017etikrina, kad \u010diu\u017einys ergonomi\u0161kai prisitaikyt\u0173 prie j\u016bs\u0173 k\u016bno formos. Dvipusis \u010diu\u017einys leid\u017eia apversti ir sukti, kad b\u016bt\u0173 i\u0161vengta deformacijos. Rekomenduojama dvipus\u012f \u010diu\u017ein\u012f apversti kas 6 m\u0117nesius, kad pailg\u0117t\u0173 jo tarnavimo laikas ir pager\u0117t\u0173 miego higiena. \u010ciu\u017einio auk\u0161tis: 26 cm. \u010ciu\u017einio kietumas: vidutinis H2. \u201eQ-Dry&amp;Soft\u201c u\u017evalkalas \u2013 itin mink\u0161tas ir efektyviai sugeria dr\u0117gm\u0119. U\u017evalkalas turi u\u017etrauktuk\u0105, kuris leid\u017eia j\u012f padalinti \u012f dvi dalis, kad b\u016bt\u0173 dar patogiau skalbti skalbimo ma\u0161inoje iki 60 \u00b0C temperat\u016broje. Galimi plo\u010diai: 90, 120, 140, 160 ir 180 cm. M\u0117gaukit\u0117s komfortu su 25 met\u0173 garantija! Garantija taikoma tiek put\u0173, tiek spyruoklini\u0173 \u010diu\u017eini\u0173 put\u0173 \u0161erdiai. Jei abejojate, ar \u201eKampas\u201c \u010diu\u017einys atitiks j\u016bs\u0173 l\u016bkes\u010dius, raginame perskaityti m\u016bs\u0173 vadov\u0105 skirtuke \u201e\u012ekv\u0117pimai\u201c, kuris pad\u0117s jums i\u0161sirinkti teisingai.<\/p>\n<p>Prek\u0117s kodas L07-MA-KAMPAS-120-MAT01-BK Simbolis ZM EAN Ilgis 200 cm Plotis 120 cm Auk\u0161tis 26 cm Kolekcija Kampas Miegamoji dalis 120\u00d7200 U\u017epildas daugiaki\u0161en\u0117 spyruokl\u0117 Kietumo zonos 7 zonos Kietumas H2 Nuimamas u\u017evalkalas Gamintojas Juoda Raudona Balta Baldo tipas \u010ciu\u017einiai PVM mokestis 23% EAN 5906123602013<\/p>","protected":false},"excerpt":{"rendered":"<p>Kampas 120&#215;200 Mattress: The heart of every bedroom is the bed, or more precisely, the mattress, which ensures a comfortable sleep and restores energy for a new day. The Kampas spring mattress is an excellent choice for those who value comfort. Thanks to independently working multipocket springs, this mattress offers exceptional point elasticity and perfect [&hellip;]<\/p>","protected":false},"featured_media":262077,"comment_status":"open","ping_status":"open","template":"","meta":[],"product_brand":[],"product_cat":[9200,1099],"product_tag":[],"class_list":{"0":"post-262076","1":"product","2":"type-product","3":"status-publish","4":"has-post-thumbnail","6":"product_cat-black-red-white","7":"product_cat-mattresses","9":"first","10":"instock","11":"purchasable","12":"product-type-simple"},"_links":{"self":[{"href":"https:\/\/baldumarket.lt\/lt\/wp-json\/wp\/v2\/product\/262076","targetHints":{"allow":["GET"]}}],"collection":[{"href":"https:\/\/baldumarket.lt\/lt\/wp-json\/wp\/v2\/product"}],"about":[{"href":"https:\/\/baldumarket.lt\/lt\/wp-json\/wp\/v2\/types\/product"}],"replies":[{"embeddable":true,"href":"https:\/\/baldumarket.lt\/lt\/wp-json\/wp\/v2\/comments?post=262076"}],"wp:featuredmedia":[{"embeddable":true,"href":"https:\/\/baldumarket.lt\/lt\/wp-json\/wp\/v2\/media\/262077"}],"wp:attachment":[{"href":"https:\/\/baldumarket.lt\/lt\/wp-json\/wp\/v2\/media?parent=262076"}],"wp:term":[{"taxonomy":"product_brand","embeddable":true,"href":"https:\/\/baldumarket.lt\/lt\/wp-json\/wp\/v2\/product_brand?post=262076"},{"taxonomy":"product_cat","embeddable":true,"href":"https:\/\/baldumarket.lt\/lt\/wp-json\/wp\/v2\/product_cat?post=262076"},{"taxonomy":"product_tag","embeddable":true,"href":"https:\/\/baldumarket.lt\/lt\/wp-json\/wp\/v2\/product_tag?post=262076"}],"curies":[{"name":"wp","href":"https:\/\/api.w.org\/{rel}","templated":true}]}}