{"id":262073,"date":"2026-01-13T23:20:33","date_gmt":"2026-01-13T20:20:33","guid":{"rendered":"https:\/\/baldumarket.lt\/product\/materac-multipocket-fabus-z-sizalem-180x200\/"},"modified":"2026-02-11T18:19:22","modified_gmt":"2026-02-11T15:19:22","slug":"materac-multipocket-fabus-z-sizalem-180x200","status":"publish","type":"product","link":"https:\/\/baldumarket.lt\/lt\/product\/materac-multipocket-fabus-z-sizalem-180x200\/","title":{"rendered":"\u201eFabus\u201c daugiaki\u0161enis \u010diu\u017einys su sizaliu 180\u00d7200"},"content":{"rendered":"<p>\u201eFabus\u201c 180 \u00d7 200 komforti\u0161kas \u010diu\u017einys<\/p>\n<p>\u201eFabus\u201c 180 \u00d7 200 cm \u010diu\u017einys u\u017etikrina puiki\u0105 k\u016bno atram\u0105 d\u0117l savaranki\u0161kai veikian\u010di\u0173 daugiaki\u0161enini\u0173 spyruokli\u0173, kurios prisitaiko prie j\u016bs\u0173 k\u016bno formos. \u010ciu\u017einys turi 7 komforto zonas, tod\u0117l puikiai prisitaiko prie j\u016bs\u0173 k\u016bno anatomijos ir suteikia ergonomi\u0161k\u0105 atram\u0105. Alavijo u\u017evalkalas pasi\u017eymi regeneracin\u0117mis ir od\u0105 apsaugan\u010diomis savyb\u0117mis, o mink\u0161ta strukt\u016bra apsaugo nuo dirginimo, u\u017etikrindama patog\u0173 ir saug\u0173 mieg\u0105. Funkcionalumas<\/p>\n<p>Dvipus\u0117 \u010diu\u017einio konstrukcija leid\u017eia reguliariai sukti \u010diu\u017ein\u012f, taip pailginant jo tarnavimo laik\u0105. Rekomenduojama reguliariai sukti \u010diu\u017ein\u012f, kad b\u016bt\u0173 palaikoma jo higiena ir miego kokyb\u0117. U\u017evalkalas su keturpusiu u\u017etrauktuku yra lengvai nuimamas ir skalbiamas skalbimo ma\u0161inoje iki 60 \u00b0C temperat\u016broje, tod\u0117l \u010diu\u017ein\u012f lengva valyti. Specialios savyb\u0117s: Nepriklausomai veikian\u010dios daugiaki\u0161en\u0117s spyruokl\u0117s u\u017etikrina didel\u012f ta\u0161kin\u012f elastingum\u0105. Dvipusis nat\u016bralaus sizalio sluoksnis suteikia papildomo tvirtumo. 7 komforto zonos, ergonomi\u0161kai prisitaikan\u010dios prie k\u016bno formos. Dvipusis dizainas leid\u017eia apversti ir pasukti \u010diu\u017ein\u012f. \u010ciu\u017einio kietumas suteikia tinkam\u0105 atram\u0105. Alijo\u0161iaus u\u017evalkalas su regeneracin\u0117mis ir od\u0105 apsaugan\u010diomis savyb\u0117mis. Mink\u0161tas u\u017evalkalas apsaugo nuo dirginimo. Keturpusis u\u017etrauktukas, kad u\u017evalkal\u0105 b\u016bt\u0173 lengva nuimti. U\u017evalkal\u0105 galima skalbti skalbimo ma\u0161inoje iki 60 \u00b0C temperat\u016broje. 25 met\u0173 garantija spyruokl\u0117ms (reikalinga pirkimo registracija gamintojo svetain\u0117je).<\/p>\n<p>Santrauka<\/p>\n<p>\u201eFabus\u201c 180 \u00d7 200 cm \u010diu\u017einys sujungia pa\u017eangi\u0105 daugiaki\u0161enini\u0173 spyruokli\u0173 technologij\u0105, 7 komforto zonas ir nat\u016bralaus sizalio sluoksn\u012f. Sizalis suteikia tvirt\u0105, ta\u010diau ergonomi\u0161k\u0105 atram\u0105 miego metu. Dvipusis dizainas ir skalbiamas u\u017evalkalas daro \u010diu\u017ein\u012f funkcional\u0173 ir lengvai valom\u0105. 25 met\u0173 spyruokli\u0173 garantija patvirtina j\u0173 patvarum\u0105 ir auk\u0161t\u0105 kokyb\u0119, garantuojan\u010di\u0105 ilgamet\u012f komfort\u0105.<\/p>\n<p>Prek\u0117s kodas L07-MA-FABUS-180-MAT01-BK Ilgis 200 cm Plotis 180 cm Auk\u0161tis 23 cm Kolekcija \u201eFabus\u201c Miegamoji dalis 180\u00d7200 U\u017epildas daugiaki\u0161en\u0117 spyruokl\u0117 Kietumo zonos 7 zonos Kietumas H3 Nuimamas u\u017evalkalas Gamintojas Juoda Raudona Balta Bald\u0173 tipas \u010ciu\u017einiai PVM 23% EAN 5906123041751<\/p>","protected":false},"excerpt":{"rendered":"<p>\u201eFabus\u201c 180\u00d7200 komforti\u0161kas \u010diu\u017einys. \u201eFabus\u201c 180\u00d7200 cm \u010diu\u017einys u\u017etikrina puiki\u0105 k\u016bno atram\u0105 d\u0117l daugiaki\u0161enini\u0173 spyruokli\u0173, kurios veikia nepriklausomai ir prisitaiko prie j\u016bs\u0173 k\u016bno formos. \u010ciu\u017einys turi 7 komforto zonas, tod\u0117l puikiai prisitaiko prie j\u016bs\u0173 k\u016bno anatomijos ir u\u017etikrina ergonomi\u0161k\u0105 atram\u0105. Alavijo u\u017evalkalas pasi\u017eymi regeneracin\u0117mis ir od\u0105 apsaugan\u010diomis savyb\u0117mis, o jo mink\u0161ta strukt\u016bra [\u2026]<\/p>","protected":false},"featured_media":262074,"comment_status":"open","ping_status":"open","template":"","meta":[],"product_brand":[],"product_cat":[9200,1099],"product_tag":[],"class_list":{"0":"post-262073","1":"product","2":"type-product","3":"status-publish","4":"has-post-thumbnail","6":"product_cat-black-red-white","7":"product_cat-mattresses","9":"first","10":"instock","11":"purchasable","12":"product-type-simple"},"_links":{"self":[{"href":"https:\/\/baldumarket.lt\/lt\/wp-json\/wp\/v2\/product\/262073","targetHints":{"allow":["GET"]}}],"collection":[{"href":"https:\/\/baldumarket.lt\/lt\/wp-json\/wp\/v2\/product"}],"about":[{"href":"https:\/\/baldumarket.lt\/lt\/wp-json\/wp\/v2\/types\/product"}],"replies":[{"embeddable":true,"href":"https:\/\/baldumarket.lt\/lt\/wp-json\/wp\/v2\/comments?post=262073"}],"wp:featuredmedia":[{"embeddable":true,"href":"https:\/\/baldumarket.lt\/lt\/wp-json\/wp\/v2\/media\/262074"}],"wp:attachment":[{"href":"https:\/\/baldumarket.lt\/lt\/wp-json\/wp\/v2\/media?parent=262073"}],"wp:term":[{"taxonomy":"product_brand","embeddable":true,"href":"https:\/\/baldumarket.lt\/lt\/wp-json\/wp\/v2\/product_brand?post=262073"},{"taxonomy":"product_cat","embeddable":true,"href":"https:\/\/baldumarket.lt\/lt\/wp-json\/wp\/v2\/product_cat?post=262073"},{"taxonomy":"product_tag","embeddable":true,"href":"https:\/\/baldumarket.lt\/lt\/wp-json\/wp\/v2\/product_tag?post=262073"}],"curies":[{"name":"wp","href":"https:\/\/api.w.org\/{rel}","templated":true}]}}