{"id":262035,"date":"2026-01-13T23:19:57","date_gmt":"2026-01-13T20:19:57","guid":{"rendered":"https:\/\/baldumarket.lt\/product\/materac-multipocket-estivo-ii-120x200\/"},"modified":"2026-02-11T18:19:22","modified_gmt":"2026-02-11T15:19:22","slug":"materac-multipocket-estivo-ii-120x200","status":"publish","type":"product","link":"https:\/\/baldumarket.lt\/lt\/product\/materac-multipocket-estivo-ii-120x200\/","title":{"rendered":"Estivo II 120&#215;200 daugiaki\u0161enis \u010diu\u017einys"},"content":{"rendered":"<p>\u201eEstivo II\u201c \u010diu\u017einys 120 \u00d7 200. \u201eEstivo II\u201c \u010diu\u017einys garantuoja patog\u0173 mieg\u0105 ir energijos atk\u016brim\u0105. \u010ciu\u017einys pagamintas i\u0161 daugiaki\u0161enini\u0173 spyruokli\u0173 ir auk\u0161tos kokyb\u0117s med\u017eiag\u0173, tod\u0117l pasi\u017eymi puikiu ta\u0161kiniu elastingumu ir H3 kietumu. Padalintas \u012f 7 komforto zonas, jis u\u017etikrina optimali\u0105 k\u016bno atram\u0105, nepriklausomai nuo miegojimo pad\u0117ties. Galima \u012fsigyti \u012fvairi\u0173 dyd\u017ei\u0173. Pagrindin\u0117s savyb\u0117s:<br \/>\n\u010ciu\u017einio \u0161erdis pagaminta i\u0161 daugiaki\u0161enini\u0173 spyruokli\u0173. Jis i\u0161 abiej\u0173 pusi\u0173 sukietintas nat\u016bralaus kokoso pluo\u0161to sluoksniu. Spyruokli\u0173 i\u0161d\u0117stymas atskirose ki\u0161en\u0117se u\u017etikrina auk\u0161t\u0105 ta\u0161k\u0173 elastingum\u0105 ir 7 komforto zonas. Kont\u016bruotas putplastis pagerina v\u0117dinim\u0105 ir suteikia masa\u017eo efekt\u0105. Dvipus\u012f \u010diu\u017ein\u012f galima apversti ir pasukti. Rekomenduojama dvipus\u012f \u010diu\u017ein\u012f pasukti kas 6 m\u0117nesius, kad pailg\u0117t\u0173 jo tarnavimo laikas ir pager\u0117t\u0173 miego higiena. \u010ciu\u017einio kietumas: kietas H3. \u010ciu\u017einio auk\u0161tis: 28 cm. Deimanto formos u\u017evalkalas su u\u017etrauktukais visose keturiose \u010diu\u017einio pus\u0117se leid\u017eia lengvai nuimti ir skalbti skalbimo ma\u0161inoje iki 60 \u00b0C temperat\u016broje. 25 met\u0173 garantija spyruokl\u0117ms! Jei abejojate, ar \u201eEkko\u201c \u010diu\u017einys pateisins j\u016bs\u0173 l\u016bkes\u010dius, raginame perskaityti m\u016bs\u0173 vadov\u0105 skirtuke \u201e\u012ekv\u0117pimai\u201c, kuris pad\u0117s jums i\u0161sirinkti teisingai.<\/p>\n<p>Prek\u0117s kodas L07-MA-ESTIVO_II-120-MAT01-BK Simbolis ZM EAN Ilgis 200 cm Plotis 120 cm Auk\u0161tis 28 cm Kolekcija Estivo II Miegamoji dalis 120\u00d7200 U\u017epildas daugiaki\u0161en\u0117 spyruokl\u0117 Kietumo zonos 7 zonos Kietumas H3 Nuimamas u\u017evalkalas Gamintojas Juoda Raudona Balta Baldo tipas \u010ciu\u017einiai PVM mokestis 23% EAN 5906123601900<\/p>","protected":false},"excerpt":{"rendered":"<p>Estivo II Mattress 120&#215;200 The Estivo II mattress guarantees comfortable sleep and energy regeneration. Equipped with multipocket springs and high-quality materials, it offers excellent point elasticity and H3 hardness. Divided into 7 comfort zones, it provides optimal body support regardless of sleep position. Available in various sizes. Key features: The mattress core is made of [&hellip;]<\/p>","protected":false},"featured_media":262036,"comment_status":"open","ping_status":"open","template":"","meta":[],"product_brand":[],"product_cat":[9200,1099],"product_tag":[],"class_list":{"0":"post-262035","1":"product","2":"type-product","3":"status-publish","4":"has-post-thumbnail","6":"product_cat-black-red-white","7":"product_cat-mattresses","9":"first","10":"instock","11":"purchasable","12":"product-type-simple"},"_links":{"self":[{"href":"https:\/\/baldumarket.lt\/lt\/wp-json\/wp\/v2\/product\/262035","targetHints":{"allow":["GET"]}}],"collection":[{"href":"https:\/\/baldumarket.lt\/lt\/wp-json\/wp\/v2\/product"}],"about":[{"href":"https:\/\/baldumarket.lt\/lt\/wp-json\/wp\/v2\/types\/product"}],"replies":[{"embeddable":true,"href":"https:\/\/baldumarket.lt\/lt\/wp-json\/wp\/v2\/comments?post=262035"}],"wp:featuredmedia":[{"embeddable":true,"href":"https:\/\/baldumarket.lt\/lt\/wp-json\/wp\/v2\/media\/262036"}],"wp:attachment":[{"href":"https:\/\/baldumarket.lt\/lt\/wp-json\/wp\/v2\/media?parent=262035"}],"wp:term":[{"taxonomy":"product_brand","embeddable":true,"href":"https:\/\/baldumarket.lt\/lt\/wp-json\/wp\/v2\/product_brand?post=262035"},{"taxonomy":"product_cat","embeddable":true,"href":"https:\/\/baldumarket.lt\/lt\/wp-json\/wp\/v2\/product_cat?post=262035"},{"taxonomy":"product_tag","embeddable":true,"href":"https:\/\/baldumarket.lt\/lt\/wp-json\/wp\/v2\/product_tag?post=262035"}],"curies":[{"name":"wp","href":"https:\/\/api.w.org\/{rel}","templated":true}]}}