{"id":262032,"date":"2026-01-13T23:19:53","date_gmt":"2026-01-13T20:19:53","guid":{"rendered":"https:\/\/baldumarket.lt\/product\/materac-multipocket-erso-vegan-180x200\/"},"modified":"2026-02-11T18:19:22","modified_gmt":"2026-02-11T15:19:22","slug":"materac-multipocket-erso-vegan-180x200","status":"publish","type":"product","link":"https:\/\/baldumarket.lt\/lt\/product\/materac-multipocket-erso-vegan-180x200\/","title":{"rendered":"Erso vegani\u0161kas daugiaki\u0161enis \u010diu\u017einys 180&#215;200"},"content":{"rendered":"<p>Erso Vegan 180\u00d7200 \u010diu\u017einio komfortas<br \/>\n\u201eErso Vegan 180\u00d7200\u201c \u010diu\u017einys u\u017etikrina puik\u0173 atram\u0105 d\u0117l nepriklausomai veikian\u010di\u0173 daugiaki\u0161enini\u0173 spyruokli\u0173, kurios prisitaiko prie k\u016bno formos ir u\u017etikrina auk\u0161t\u0105 ta\u0161kin\u012f elastingum\u0105. Septynios komforto zonos padeda ergonomi\u0161kai paskirstyti svor\u012f, o tai palaiko sveik\u0105 miegojimo pad\u0117t\u012f. D\u0117l hibridinio putplas\u010dio ir latekso sluoksnio \u010diu\u017einys yra elastingas ir pralaidus orui, u\u017etikrinant optimal\u0173 komfort\u0105 ir miego higien\u0105. Funkcionalumas<br \/>\n\u010ciu\u017einys yra dvipusis, tod\u0117l j\u012f lengva naudoti. Didelis H3 kietumas u\u017etikrina stabili\u0105 ir tvirt\u0105 k\u016bno atram\u0105. Vegani\u0161kas u\u017evalkalas, kur\u012f galima skalbti iki 60 \u00b0C temperat\u016broje, turi u\u017etrauktuk\u0105, kuris j\u012f dalija \u012f dvi dalis, kad b\u016bt\u0173 lengva nuimti ir pri\u017ei\u016br\u0117ti. Ypatyb\u0117s: nepriklausomai veikian\u010dios daugiaki\u0161en\u0117s spyruokl\u0117s, padengtos elastingomis hibridin\u0117mis putomis su higienos sertifikatu. 7 komforto zonos suteikia ergonomi\u0161k\u0105 k\u016bno atram\u0105. Dvipusis \u010diu\u017einys. Hibridin\u0117s putos ir latekso sluoksnis suteikia papildomo elastingumo ir pralaidumo orui. \u010ciu\u017einio auk\u0161tis: 27 cm. Didelis H3 \u010diu\u017einio kietumas. Vegani\u0161k\u0105 u\u017evalkal\u0105 galima padalinti \u012f dvi dalis. U\u017evalkal\u0105 galima skalbti skalbimo ma\u0161inoje iki 60 \u00b0C temperat\u016broje. 25 met\u0173 garantija putplas\u010dio \u0161erdiai ir spyruokl\u0117ms (reikalinga pirkimo registracija gamintojo svetain\u0117je). Santrauka<br \/>\n\u201eErso Vegan 180\u00d7200\u201c \u010diu\u017einys pasi\u017eymi pa\u017eangiu dizainu, kuriame derinamos daugiaki\u0161en\u0117s spyruokl\u0117s, hibridinis putplastis ir lateksas, u\u017etikrinantys i\u0161skirtin\u012f atram\u0105 ir komfort\u0105. D\u0117l didelio kietumo \u0161is \u010diu\u017einys tinka tiems, kurie teikia pirmenyb\u0119 tvirtai atramai miego metu. D\u0117l praktini\u0173 savybi\u0173, toki\u0173 kaip vegani\u0161kas u\u017evalkalas ir lengva prie\u017ei\u016bra, \u0161is gaminys derina funkcionalum\u0105 ir patvarum\u0105, k\u0105 patvirtina 25 met\u0173 garantija.<\/p>\n<p>Prek\u0117s kodas L07-MA-ERSO_VEGAN-180-MAT01-BK Ilgis 200 cm Plotis 180 cm Auk\u0161tis 27 cm Erso kolekcija Miegamoji dalis 180\u00d7200 U\u017epildas daugiaki\u0161en\u0117 spyruokl\u0117 Kietumo zonos 7 zonos Kietumas H3 Nuimamas u\u017evalkalas Gamintojas Juoda Raudona Balta Bald\u0173 tipas \u010ciu\u017einiai PVM mokestis 23% EAN 5906123047609<\/p>","protected":false},"excerpt":{"rendered":"<p>Erso Vegan 180&#215;200 Mattress Comfort The Erso Vegan 180&#215;200 mattress provides excellent support thanks to the use of independently working multipocket springs that adapt to the shape of the body, ensuring high point elasticity. Seven comfort zones help with ergonomic weight distribution, which supports a healthy sleeping position. Thanks to the hybrid foam and latex [&hellip;]<\/p>","protected":false},"featured_media":262033,"comment_status":"open","ping_status":"open","template":"","meta":[],"product_brand":[],"product_cat":[9200,1099],"product_tag":[],"class_list":{"0":"post-262032","1":"product","2":"type-product","3":"status-publish","4":"has-post-thumbnail","6":"product_cat-black-red-white","7":"product_cat-mattresses","9":"first","10":"instock","11":"purchasable","12":"product-type-simple"},"_links":{"self":[{"href":"https:\/\/baldumarket.lt\/lt\/wp-json\/wp\/v2\/product\/262032","targetHints":{"allow":["GET"]}}],"collection":[{"href":"https:\/\/baldumarket.lt\/lt\/wp-json\/wp\/v2\/product"}],"about":[{"href":"https:\/\/baldumarket.lt\/lt\/wp-json\/wp\/v2\/types\/product"}],"replies":[{"embeddable":true,"href":"https:\/\/baldumarket.lt\/lt\/wp-json\/wp\/v2\/comments?post=262032"}],"wp:featuredmedia":[{"embeddable":true,"href":"https:\/\/baldumarket.lt\/lt\/wp-json\/wp\/v2\/media\/262033"}],"wp:attachment":[{"href":"https:\/\/baldumarket.lt\/lt\/wp-json\/wp\/v2\/media?parent=262032"}],"wp:term":[{"taxonomy":"product_brand","embeddable":true,"href":"https:\/\/baldumarket.lt\/lt\/wp-json\/wp\/v2\/product_brand?post=262032"},{"taxonomy":"product_cat","embeddable":true,"href":"https:\/\/baldumarket.lt\/lt\/wp-json\/wp\/v2\/product_cat?post=262032"},{"taxonomy":"product_tag","embeddable":true,"href":"https:\/\/baldumarket.lt\/lt\/wp-json\/wp\/v2\/product_tag?post=262032"}],"curies":[{"name":"wp","href":"https:\/\/api.w.org\/{rel}","templated":true}]}}