{"id":262018,"date":"2026-01-13T23:19:34","date_gmt":"2026-01-13T20:19:34","guid":{"rendered":"https:\/\/baldumarket.lt\/product\/materac-kieszeniowy-variant-ii-90x200\/"},"modified":"2026-02-11T18:19:22","modified_gmt":"2026-02-11T15:19:22","slug":"materac-kieszeniowy-variant-ii-90x200","status":"publish","type":"product","link":"https:\/\/baldumarket.lt\/lt\/product\/materac-kieszeniowy-variant-ii-90x200\/","title":{"rendered":"II variantas 90&#215;200 ki\u0161eninis \u010diu\u017einys"},"content":{"rendered":"<p>\u010ciu\u017einys \u201eVariant II\u201c 90\u00d7200. \u201eVariant II\u201c \u010diu\u017einys \u2013 tai novatori\u0161kas sprendimas, kuris yra pagrindinis bet kurios lovos komforto elementas. \u0160is \u010diu\u017einys ne tik u\u017etikrina puik\u0173 mieg\u0105, bet ir palaiko sveik\u0105 stubur\u0105. Jo mink\u0161tas, auksin\u0117s spalvos megztas u\u017evalkalas lengvai skalbiamas skalbimo ma\u0161inoje iki 60 \u00b0C temperat\u016broje, tod\u0117l j\u012f lengva valyti. Po u\u017evalkalu slypi unikali konstrukcija, kurioje derinamos ki\u0161enin\u0117s spyruokl\u0117s ir didelio elastingumo putos, sukurian\u010dios ne\u012ftik\u0117tinai patog\u0173 \u010diu\u017ein\u012f, kurio kietumo \u012fvertinimas yra H3. Be to, 7 komforto zonos suteikia ergonomi\u0161k\u0105 atram\u0105 galvai, pe\u010diams, juosmens stuburui, klubams, keliams ir p\u0117doms, tod\u0117l pager\u0117ja k\u016bno atrama. \u201eVariant II\u201c \u010diu\u017einys yra keturi\u0173 skirting\u0173 plo\u010di\u0173, tod\u0117l tinka \u012fvairi\u0173 tip\u0173 lovoms. Ta\u010diau norint m\u0117gautis visi\u0161ku komfortu, verta j\u012f pad\u0117ti ant tinkamai parinkto r\u0117mo, kuris suteiks papildomos amortizacijos. \u0160is derinys garantuoja kasdien\u012f prabang\u0173 poils\u012f. Pagrindin\u0117s savyb\u0117s:<br \/>\n\u010ciu\u017einio \u0161erd\u012f sudaro nepriklausomai veikian\u010dios ki\u0161enin\u0117s spyruokl\u0117s, padengtos elastingu porolonu. Spyruokli\u0173 i\u0161d\u0117stymas atskirose ki\u0161en\u0117se u\u017etikrina auk\u0161t\u0105 \u010diu\u017einio ta\u0161kin\u012f elastingum\u0105 ir tinkam\u0105 k\u016bno atram\u0105. 7 komforto zonos u\u017etikrina, kad \u010diu\u017einys ergonomi\u0161kai prisitaikyt\u0173 prie j\u016bs\u0173 k\u016bno formos. Dvipusis \u010diu\u017einys. \u010ciu\u017einio auk\u0161tis: 21 cm. \u010ciu\u017einio kietumas: kietas H3. \u201eGold\u201c u\u017evalkalas turi u\u017etrauktuk\u0105, kad b\u016bt\u0173 lengva nuimti ir patogiai skalbti skalbimo ma\u0161inoje iki 60 \u00b0C temperat\u016broje. Galimi plo\u010diai: 90, 120, 140 ir 160 cm. 25 met\u0173 spyruokl\u0117ms suteikiama 25 met\u0173 garantija! Jei abejojate, ar \u201eVariant II\u201c \u010diu\u017einys atitiks j\u016bs\u0173 l\u016bkes\u010dius, raginame perskaityti m\u016bs\u0173 vadov\u0105 skirtuke \u201e\u012ekv\u0117pimai\u201c, kuris pad\u0117s jums i\u0161sirinkti teisingai.<\/p>\n<p>Prek\u0117s kodas L07-MA-VARIANT_II-90-MAT01-BK Simbolis ZM EAN Ilgis 200 cm Plotis 90 cm Auk\u0161tis 21 cm Kolekcija II variantas Miegamoji dalis 90\u00d7200 U\u017epildas ki\u0161enin\u0117 spyruokl\u0117 Kietumo zonos 7 zonos Kietumas H3 Nuimamas u\u017evalkalas Gamintojas Juoda Raudona Balta Baldo tipas \u010ciu\u017einiai PVM mokestis 23% EAN 5906123603096<\/p>","protected":false},"excerpt":{"rendered":"<p>Variant II 90&#215;200 MattressThe Variant II mattress is an innovative solution that is a key element of comfort in any bed. This mattress not only ensures excellent sleep but also supports a healthy spine. Its soft-touch Gold knit cover is easy to machine wash at up to 60\u00b0C, making it easy to keep clean. Beneath [&hellip;]<\/p>","protected":false},"featured_media":262019,"comment_status":"open","ping_status":"open","template":"","meta":[],"product_brand":[],"product_cat":[9200,1099],"product_tag":[],"class_list":{"0":"post-262018","1":"product","2":"type-product","3":"status-publish","4":"has-post-thumbnail","6":"product_cat-black-red-white","7":"product_cat-mattresses","9":"first","10":"instock","11":"purchasable","12":"product-type-simple"},"_links":{"self":[{"href":"https:\/\/baldumarket.lt\/lt\/wp-json\/wp\/v2\/product\/262018","targetHints":{"allow":["GET"]}}],"collection":[{"href":"https:\/\/baldumarket.lt\/lt\/wp-json\/wp\/v2\/product"}],"about":[{"href":"https:\/\/baldumarket.lt\/lt\/wp-json\/wp\/v2\/types\/product"}],"replies":[{"embeddable":true,"href":"https:\/\/baldumarket.lt\/lt\/wp-json\/wp\/v2\/comments?post=262018"}],"wp:featuredmedia":[{"embeddable":true,"href":"https:\/\/baldumarket.lt\/lt\/wp-json\/wp\/v2\/media\/262019"}],"wp:attachment":[{"href":"https:\/\/baldumarket.lt\/lt\/wp-json\/wp\/v2\/media?parent=262018"}],"wp:term":[{"taxonomy":"product_brand","embeddable":true,"href":"https:\/\/baldumarket.lt\/lt\/wp-json\/wp\/v2\/product_brand?post=262018"},{"taxonomy":"product_cat","embeddable":true,"href":"https:\/\/baldumarket.lt\/lt\/wp-json\/wp\/v2\/product_cat?post=262018"},{"taxonomy":"product_tag","embeddable":true,"href":"https:\/\/baldumarket.lt\/lt\/wp-json\/wp\/v2\/product_tag?post=262018"}],"curies":[{"name":"wp","href":"https:\/\/api.w.org\/{rel}","templated":true}]}}