{"id":261994,"date":"2026-01-13T23:19:15","date_gmt":"2026-01-13T20:19:15","guid":{"rendered":"https:\/\/baldumarket.lt\/product\/materac-kieszeniowy-simplo-90x200\/"},"modified":"2026-02-11T18:19:23","modified_gmt":"2026-02-11T15:19:23","slug":"materac-kieszeniowy-simplo-90x200","status":"publish","type":"product","link":"https:\/\/baldumarket.lt\/lt\/product\/materac-kieszeniowy-simplo-90x200\/","title":{"rendered":"Simplo ki\u0161eninis \u010diu\u017einys 90\u00d7200"},"content":{"rendered":"<p>\u201eSimplo\u201c 90\u00d7200 \u010diu\u017einys: \u012erengdami miegam\u0105j\u012f, nepamir\u0161kite pasirinkti tinkamo \u010diu\u017einio patogiam nakties miegui. \u201eSimplo\u201c \u010diu\u017einys i\u0161siskiria prieinama kaina ir kruop\u0161\u010diu meistri\u0161kumu. Jo \u0161erdis sudaryta i\u0161 putplas\u010dio ir ki\u0161enini\u0173 spyruokli\u0173, kurios pagerina vidin\u0119 ventiliacij\u0105 ir u\u017etikrina patog\u0173 mieg\u0105. D\u0117l 7 komforto zon\u0173 ir ta\u0161kinio elastingumo \u010diu\u017einys puikiai prisitaiko prie j\u016bs\u0173 k\u016bno form\u0173, suteikdamas i\u0161skirtin\u012f komfort\u0105. \u201eSimplo\u201c \u010diu\u017einys yra vidutinio H2 kietumo ir suteikia puik\u0173 pagrind\u0105 patogiam nakties miegui. Galite j\u012f u\u017etiesti ant tinkamo r\u0117mo, sukurdami tobul\u0105 duet\u0105, pritaikyt\u0105 j\u016bs\u0173 poreikiams. \u201eMicro\u201c u\u017evalkalas pagamintas i\u0161 dygsniuoto, puraus, antialerginio audinio, pagaminto naudojant tik sertifikuotus ir saugius komponentus, atsi\u017evelgiant \u012f j\u016bs\u0173 sveikat\u0105. Pagrindin\u0117s savyb\u0117s:<br \/>\n\u010ciu\u017einio \u0161erd\u012f sudaro nepriklausomai veikian\u010dios ki\u0161enin\u0117s spyruokl\u0117s, padengtos elastingu porolonu. Spyruokli\u0173 i\u0161d\u0117stymas atskirose ki\u0161en\u0117se u\u017etikrina auk\u0161t\u0105 \u010diu\u017einio ta\u0161kin\u012f elastingum\u0105 ir tinkam\u0105 k\u016bno atram\u0105. 7 komforto zonos u\u017etikrina, kad \u010diu\u017einys ergonomi\u0161kai prisitaikyt\u0173 prie j\u016bs\u0173 k\u016bno formos. Vienpusis \u010diu\u017einys. \u010ciu\u017einio auk\u0161tis: 16 cm. \u010ciu\u017einio kietumas: vidutinis H2. Mikro u\u017evalkalas. Galimi plo\u010diai: 90, 120, 140 ir 160 cm. Jei abejojate, ar \u201eSimplo\u201c \u010diu\u017einys atitiks j\u016bs\u0173 l\u016bkes\u010dius, raginame perskaityti m\u016bs\u0173 vadov\u0105 skirtuke \u201e\u012ekv\u0117pimai\u201c, kuris pad\u0117s jums i\u0161sirinkti tinkam\u0105 variant\u0105.<\/p>\n<p>Prek\u0117s kodas L07-MA-SIMPLO-90-MAT01-BK Simbolis ZM EAN Ilgis 200 cm Plotis 90 cm Auk\u0161tis 16 cm Kolekcija Simplo Miegamoji dalis 90\u00d7200 U\u017epildas ki\u0161enin\u0117 spyruokl\u0117 Kietumo zonos 7 zonos Kietumas H2 Nuimamas u\u017evalkalas Gamintojas Juoda Raudona Balta Baldo tipas \u010ciu\u017einiai PVM mokestis 23% EAN 5906123602372<\/p>","protected":false},"excerpt":{"rendered":"<p>\u201eSimplo\u201c 90\u00d7200 \u010diu\u017einys: \u012erengdami miegam\u0105j\u012f, nepamir\u0161kite pasirinkti tinkamo \u010diu\u017einio patogiam nakties miegui. \u201eSimplo\u201c \u010diu\u017einys i\u0161siskiria prieinama kaina ir kruop\u0161\u010diu meistri\u0161kumu. Jo pagrind\u0105 sudaro putplastis ir ki\u0161enin\u0117s spyruokl\u0117s, kurios pagerina vidin\u0119 ventiliacij\u0105 ir u\u017etikrina patog\u0173 mieg\u0105. D\u0117l 7 komforto zon\u0173 [\u2026]<\/p>","protected":false},"featured_media":261995,"comment_status":"open","ping_status":"open","template":"","meta":[],"product_brand":[],"product_cat":[9200,1099],"product_tag":[],"class_list":{"0":"post-261994","1":"product","2":"type-product","3":"status-publish","4":"has-post-thumbnail","6":"product_cat-black-red-white","7":"product_cat-mattresses","9":"first","10":"instock","11":"purchasable","12":"product-type-simple"},"_links":{"self":[{"href":"https:\/\/baldumarket.lt\/lt\/wp-json\/wp\/v2\/product\/261994","targetHints":{"allow":["GET"]}}],"collection":[{"href":"https:\/\/baldumarket.lt\/lt\/wp-json\/wp\/v2\/product"}],"about":[{"href":"https:\/\/baldumarket.lt\/lt\/wp-json\/wp\/v2\/types\/product"}],"replies":[{"embeddable":true,"href":"https:\/\/baldumarket.lt\/lt\/wp-json\/wp\/v2\/comments?post=261994"}],"wp:featuredmedia":[{"embeddable":true,"href":"https:\/\/baldumarket.lt\/lt\/wp-json\/wp\/v2\/media\/261995"}],"wp:attachment":[{"href":"https:\/\/baldumarket.lt\/lt\/wp-json\/wp\/v2\/media?parent=261994"}],"wp:term":[{"taxonomy":"product_brand","embeddable":true,"href":"https:\/\/baldumarket.lt\/lt\/wp-json\/wp\/v2\/product_brand?post=261994"},{"taxonomy":"product_cat","embeddable":true,"href":"https:\/\/baldumarket.lt\/lt\/wp-json\/wp\/v2\/product_cat?post=261994"},{"taxonomy":"product_tag","embeddable":true,"href":"https:\/\/baldumarket.lt\/lt\/wp-json\/wp\/v2\/product_tag?post=261994"}],"curies":[{"name":"wp","href":"https:\/\/api.w.org\/{rel}","templated":true}]}}