{"id":261922,"date":"2026-01-13T23:18:17","date_gmt":"2026-01-13T20:18:17","guid":{"rendered":"https:\/\/baldumarket.lt\/product\/materac-kieszeniowy-premia-120x200\/"},"modified":"2026-02-11T18:19:24","modified_gmt":"2026-02-11T15:19:24","slug":"materac-kieszeniowy-premia-120x200","status":"publish","type":"product","link":"https:\/\/baldumarket.lt\/lt\/product\/materac-kieszeniowy-premia-120x200\/","title":{"rendered":"Premia 120\u00d7200 ki\u0161eninis \u010diu\u017einys"},"content":{"rendered":"<p>\u201ePremia 120\u00d7200\u201c \u010diu\u017einys yra patikimas ir patogus pasirinkimas, kur\u012f galima naudoti \u012fvairiuose kambariuose. D\u0117l savo universalumo ir patogumo jis idealiai tinka miegamajam, vaiko kambariui ar vie\u0161bu\u010dio kambariui, nes tai maloni vieta pails\u0117ti ir atsipalaiduoti. Pagrindin\u0117s savyb\u0117s:<br \/>\n\u010ciu\u017einio \u0161erd\u012f sudaro nepriklausomai veikian\u010dios ki\u0161enin\u0117s spyruokl\u0117s, padengtos elastingu, higienos sertifikuotu poliuretano putplas\u010diu. Atskirose ki\u0161en\u0117se esan\u010dios ki\u0161enin\u0117s spyruokl\u0117s u\u017etikrina auk\u0161t\u0105 ta\u0161kin\u012f elastingum\u0105 ir tinkam\u0105 k\u016bno atram\u0105. Septynios komforto zonos u\u017etikrina, kad \u010diu\u017einys ergonomi\u0161kai prisitaikyt\u0173 prie j\u016bs\u0173 k\u016bno formos. Dvipus\u012f \u010diu\u017ein\u012f galima apversti ir pasukti, kad b\u016bt\u0173 i\u0161vengta deformacijos. Rekomenduojama dvipus\u012f \u010diu\u017ein\u012f pasukti kas 6 m\u0117nesius, kad pailgintum\u0117te jo tarnavimo laik\u0105 ir pagerintum\u0117te miego higien\u0105. \u010ciu\u017einio auk\u0161tis: 19 cm. \u010ciu\u017einio kietumas: vidutinis H2. \u201eAqua\u201c u\u017evalkalas \u2013 megztas audinys, sertifikuotas pagal ekologi\u0161k\u0105 \u201e\u00d6ko-Tex\u00ae Standard 100\u201c, dygsniuotas puriu antialerginiu audiniu. U\u017evalkalas turi u\u017etrauktukus visose keturiose \u010diu\u017einio pus\u0117se, kad j\u012f b\u016bt\u0173 lengva nuimti ir skalbti skalbimo ma\u0161inoje iki 60 \u00b0C temperat\u016broje. Galimi plo\u010diai: 80, 90, 120, 140, 160 ir 180 cm. M\u0117gaukit\u0117s komfortu su 25 met\u0173 garantija! Garantija taikoma \u010diu\u017einio u\u017epildui, t. y. spyruoklin\u0117ms \u010diu\u017eini\u0173 spyruokl\u0117ms ir putplas\u010dio \u010diu\u017eini\u0173 putplas\u010dio \u0161erdiai. Jei abejojate, ar \u201ePremia\u201c \u010diu\u017einys atitiks j\u016bs\u0173 l\u016bkes\u010dius, raginame perskaityti m\u016bs\u0173 vadov\u0105 skiltyje \u201e\u012ekv\u0117pimai\u201c, kuris pad\u0117s jums i\u0161sirinkti tinkamiausi\u0105.<\/p>\n<p>Prek\u0117s kodas L07-MATERAC-PREMIA_120-MAT01 Simbolis ZM EAN Ilgis 200 cm Plotis 120 cm Auk\u0161tis 19 cm Kolekcija Premia Miegamoji dalis 120\u00d7200 U\u017epildas ki\u0161enin\u0117 spyruokl\u0117 Kietumo zonos 7 zonos Kietumas H2 Nuimamas u\u017evalkalas Gamintojas Juoda Raudona Balta Baldo tipas \u010ciu\u017einiai PVM mokestis 23% EAN 5906123602945<\/p>","protected":false},"excerpt":{"rendered":"<p>\u201ePremia 120\u00d7200\u201c \u010diu\u017einys yra patikimas ir patogus pasirinkimas, kur\u012f galima naudoti \u012fvairiuose kambariuose. D\u0117l savo universalumo ir patogumo jis idealiai tinka miegamajam, vaiko kambariui ar vie\u0161bu\u010dio kambariui \u2013 tai maloni vieta pails\u0117ti ir atsipalaiduoti. Pagrindin\u0117s savyb\u0117s: \u010ciu\u017einio \u0161erd\u012f sudaro nepriklausomai veikian\u010dios ki\u0161enin\u0117s spyruokl\u0117s, padengtos [\u2026]<\/p>","protected":false},"featured_media":261923,"comment_status":"open","ping_status":"open","template":"","meta":[],"product_brand":[],"product_cat":[9200,1099],"product_tag":[],"class_list":{"0":"post-261922","1":"product","2":"type-product","3":"status-publish","4":"has-post-thumbnail","6":"product_cat-black-red-white","7":"product_cat-mattresses","9":"first","10":"instock","11":"purchasable","12":"product-type-simple"},"_links":{"self":[{"href":"https:\/\/baldumarket.lt\/lt\/wp-json\/wp\/v2\/product\/261922","targetHints":{"allow":["GET"]}}],"collection":[{"href":"https:\/\/baldumarket.lt\/lt\/wp-json\/wp\/v2\/product"}],"about":[{"href":"https:\/\/baldumarket.lt\/lt\/wp-json\/wp\/v2\/types\/product"}],"replies":[{"embeddable":true,"href":"https:\/\/baldumarket.lt\/lt\/wp-json\/wp\/v2\/comments?post=261922"}],"wp:featuredmedia":[{"embeddable":true,"href":"https:\/\/baldumarket.lt\/lt\/wp-json\/wp\/v2\/media\/261923"}],"wp:attachment":[{"href":"https:\/\/baldumarket.lt\/lt\/wp-json\/wp\/v2\/media?parent=261922"}],"wp:term":[{"taxonomy":"product_brand","embeddable":true,"href":"https:\/\/baldumarket.lt\/lt\/wp-json\/wp\/v2\/product_brand?post=261922"},{"taxonomy":"product_cat","embeddable":true,"href":"https:\/\/baldumarket.lt\/lt\/wp-json\/wp\/v2\/product_cat?post=261922"},{"taxonomy":"product_tag","embeddable":true,"href":"https:\/\/baldumarket.lt\/lt\/wp-json\/wp\/v2\/product_tag?post=261922"}],"curies":[{"name":"wp","href":"https:\/\/api.w.org\/{rel}","templated":true}]}}