{"id":261890,"date":"2026-01-13T23:17:52","date_gmt":"2026-01-13T20:17:52","guid":{"rendered":"https:\/\/baldumarket.lt\/product\/materac-kieszeniowy-posito-ii-100x200\/"},"modified":"2026-02-11T18:19:24","modified_gmt":"2026-02-11T15:19:24","slug":"materac-kieszeniowy-posito-ii-100x200","status":"publish","type":"product","link":"https:\/\/baldumarket.lt\/lt\/product\/materac-kieszeniowy-posito-ii-100x200\/","title":{"rendered":"\u010ciu\u017einys \u201ePosito II 100&#215;200\u201c su ki\u0161en\u0117mis"},"content":{"rendered":"<p>\u010ciu\u017einys \u201ePosito II\u201c 100\u00d7200. \u201ePosito II\u201c spyruoklinis \u010diu\u017einys yra raktas \u012f patog\u0173 mieg\u0105 ir regeneracij\u0105. D\u0117l nepriklausomai veikian\u010di\u0173 ki\u0161enini\u0173 spyruokli\u0173 jis pasi\u017eymi dideliu ta\u0161kiniu elastingumu ir puikiai prisitaiko prie k\u016bno linij\u0173. Higieni\u0161kai sertifikuotas, elastingas poliuretano putplastis suteikia papildomo komforto, tod\u0117l tinka alergi\u0161kiems \u017emon\u0117ms. Stilingas u\u017evalkalas, pagamintas i\u0161 mink\u0161to megzto audinio, yra dar vienas \u201ePosito II\u201c \u010diu\u017einio privalumas. U\u017evalkalas turi u\u017etrauktuk\u0105, kad b\u016bt\u0173 lengva nuimti ir skalbti skalbimo ma\u0161inoje. \u0160is \u010diu\u017einys u\u017etikrina patog\u0173 mieg\u0105 ir regeneracij\u0105, tod\u0117l tai idealus pasirinkimas miegamajam. Pagrindin\u0117s savyb\u0117s:<br \/>\n\u010ciu\u017einio \u0161erd\u012f sudaro nepriklausomai veikian\u010dios ki\u0161enin\u0117s spyruokl\u0117s, padengtos higienos sertifikuotomis, elastingomis poliuretano putomis. Spyruokli\u0173 i\u0161d\u0117stymas atskirose ki\u0161en\u0117se u\u017etikrina auk\u0161t\u0105 ta\u0161k\u0173 elastingum\u0105 ir tinkam\u0105 k\u016bno atram\u0105. Dvipus\u012f \u010diu\u017ein\u012f galima apversti ir pasukti, kad jis nedeformuot\u0173si. Rekomenduojama dvipus\u012f \u010diu\u017ein\u012f pasukti kas 6 m\u0117nesius, kad pailgintum\u0117te jo tarnavimo laik\u0105 ir pagerintum\u0117te miego higien\u0105. \u010ciu\u017einio auk\u0161tis: 20 cm. \u010ciu\u017einio kietumas: vidutinis H2. \u201eYoung\u201c megztas audinys turi dalijam\u0105j\u012f u\u017etrauktuk\u0105, leid\u017eiant\u012f padalinti u\u017evalkal\u0105 per pus\u0119. U\u017evalkal\u0105 galima skalbti skalbimo ma\u0161inoje iki 60 \u00b0C temperat\u016broje. Galimi plo\u010diai: 90, 100, 120 cm. M\u0117gaukit\u0117s komfortu su 25 met\u0173 garantija! Garantija taikoma \u010diu\u017einio spyruokl\u0117ms. Jei abejojate, ar \u201ePosito II\u201c \u010diu\u017einys atitiks j\u016bs\u0173 l\u016bkes\u010dius, raginame perskaityti m\u016bs\u0173 vadov\u0105 skirtuke \u201e\u012ekv\u0117pimai\u201c, kuris pad\u0117s jums i\u0161sirinkti teisingai.<\/p>\n<p>Prek\u0117s kodas L07-MA-POSITO_II-100-MAT01-BK Simbolis ZM EAN Ilgis 200 cm Plotis 100 cm Auk\u0161tis 20 cm Kolekcija Posito II Miegamoji dalis 100\u00d7200 U\u017epildas ki\u0161enin\u0117 spyruokl\u0117 Kietumo zonos 7 zonos Kietumas H2 Nuimamas u\u017evalkalas Gamintojas Juoda Raudona Balta Baldo tipas \u010ciu\u017einiai PVM mokestis 23% EAN 5906123037266<\/p>","protected":false},"excerpt":{"rendered":"<p>Posito II 100&#215;200 MattressThe Posito II spring mattress is the key to comfortable sleep and regeneration. Thanks to its independently working pocket springs, it provides high point elasticity and excellent body contouring. Hygienic-certified, resilient polyurethane foam provides additional comfort, making it suitable for allergy sufferers. A stylish cover made of soft-touch knit fabric is another [&hellip;]<\/p>","protected":false},"featured_media":261891,"comment_status":"open","ping_status":"open","template":"","meta":[],"product_brand":[],"product_cat":[9200,1099],"product_tag":[],"class_list":{"0":"post-261890","1":"product","2":"type-product","3":"status-publish","4":"has-post-thumbnail","6":"product_cat-black-red-white","7":"product_cat-mattresses","9":"first","10":"instock","11":"purchasable","12":"product-type-simple"},"_links":{"self":[{"href":"https:\/\/baldumarket.lt\/lt\/wp-json\/wp\/v2\/product\/261890","targetHints":{"allow":["GET"]}}],"collection":[{"href":"https:\/\/baldumarket.lt\/lt\/wp-json\/wp\/v2\/product"}],"about":[{"href":"https:\/\/baldumarket.lt\/lt\/wp-json\/wp\/v2\/types\/product"}],"replies":[{"embeddable":true,"href":"https:\/\/baldumarket.lt\/lt\/wp-json\/wp\/v2\/comments?post=261890"}],"wp:featuredmedia":[{"embeddable":true,"href":"https:\/\/baldumarket.lt\/lt\/wp-json\/wp\/v2\/media\/261891"}],"wp:attachment":[{"href":"https:\/\/baldumarket.lt\/lt\/wp-json\/wp\/v2\/media?parent=261890"}],"wp:term":[{"taxonomy":"product_brand","embeddable":true,"href":"https:\/\/baldumarket.lt\/lt\/wp-json\/wp\/v2\/product_brand?post=261890"},{"taxonomy":"product_cat","embeddable":true,"href":"https:\/\/baldumarket.lt\/lt\/wp-json\/wp\/v2\/product_cat?post=261890"},{"taxonomy":"product_tag","embeddable":true,"href":"https:\/\/baldumarket.lt\/lt\/wp-json\/wp\/v2\/product_tag?post=261890"}],"curies":[{"name":"wp","href":"https:\/\/api.w.org\/{rel}","templated":true}]}}