{"id":261874,"date":"2026-01-13T23:17:39","date_gmt":"2026-01-13T20:17:39","guid":{"rendered":"https:\/\/baldumarket.lt\/product\/materac-kieszeniowy-neso-180x200\/"},"modified":"2026-02-11T18:19:24","modified_gmt":"2026-02-11T15:19:24","slug":"materac-kieszeniowy-neso-180x200","status":"publish","type":"product","link":"https:\/\/baldumarket.lt\/lt\/product\/materac-kieszeniowy-neso-180x200\/","title":{"rendered":"Neso ki\u0161eninis \u010diu\u017einys 180\u00d7200"},"content":{"rendered":"<p>Neso 160\u00d7200 \u010diu\u017einys: Neso \u010diu\u017einys \u2013 tai novatori\u0161kas sprendimas, kuris ne tik u\u017etikrina patog\u0173 mieg\u0105, bet ir palaiko j\u016bs\u0173 k\u016bno jon\u0173 pusiausvyr\u0105 d\u0117ka \u201eOxyon\u00ae\u201c audinio su neigiamais jonais. \u0160is \u010diu\u017einys sujungia ki\u0161enini\u0173 spyruokli\u0173 ir didelio elastingumo put\u0173 savybes, \u012fterptas \u012f \u201eRiviera\u201c audin\u012f su dekoratyviniu kra\u0161tu, sukurdamas tvirt\u0105, H3 klas\u0117s \u010diu\u017ein\u012f. Unikalios savyb\u0117s: 7 komforto zonos, kurios suteikia ergonomi\u0161k\u0105 atram\u0105 galvai, pe\u010diams, juosmens stuburui, klubams, keliams ir p\u0117doms. Kruop\u0161\u010diai parinktas lankstus r\u0117mas, si\u016blomas keturi\u0173 plo\u010di\u0173, padidins miego komfort\u0105. I\u0161laikykite nepriekai\u0161ting\u0105 \u201eNeso\u201c \u010diu\u017einio i\u0161vaizd\u0105 reguliariai skalbdami jo u\u017evalkal\u0105, kad kiekvien\u0105 dien\u0105 m\u0117gautum\u0117t\u0117s i\u0161skirtiniu komfortu. Pagrindin\u0117s savyb\u0117s: \u010ciu\u017einio \u0161erd\u012f sudaro ki\u0161enin\u0117s spyruokl\u0117s, apgaubtos elastingu poliuretano putplas\u010diu, tod\u0117l jis yra hibridin\u0117s konstrukcijos. Spyruokli\u0173 i\u0161d\u0117stymas atskirose ki\u0161en\u0117se u\u017etikrina auk\u0161t\u0105 \u010diu\u017einio ta\u0161kin\u012f elastingum\u0105. Kont\u016bruotos putos pagerina v\u0117dinim\u0105 \u010diu\u017einio viduje ir suteikia masa\u017eo efekt\u0105. \u010ciu\u017einys i\u0161 vienos pus\u0117s padengtas didelio elastingumo put\u0173 sluoksniu. 7 komforto zonos. \u010ciu\u017einio kietumas: kietas H3. \u201eOxyon\u00ae\u201c u\u017evalkalas \u2013 \u201eOXYON\u201c megztas audinys, turintis ekologi\u0161k\u0105 \u201e\u00d6ko-Tex\u00ae Standard 100\u201c sertifikat\u0105, dygsniuotas puriu antialerginiu audiniu. U\u017evalkalas turi u\u017etrauktuk\u0105 visose keturiose \u010diu\u017einio pus\u0117se, kad b\u016bt\u0173 lengva nuimti ir skalbti skalbimo ma\u0161inoje iki 60 \u00b0C temperat\u016broje. Galimi plo\u010diai: 90, 140, 160, 180 cm. Spyruokl\u0117ms suteikiama 25 met\u0173 garantija. Jei abejojate, ar \u201eNeso\u201c \u010diu\u017einys pateisins j\u016bs\u0173 l\u016bkes\u010dius, raginame perskaityti m\u016bs\u0173 vadov\u0105 skiltyje \u201e\u012ekv\u0117pimai\u201c, kuris pad\u0117s jums i\u0161sirinkti tinkam\u0105 variant\u0105.<\/p>\n<p>Prek\u0117s kodas L07-MA-NESO_OXYON-180-MAT01-BK Simbolis ZM EAN Ilgis 200 cm Plotis 180 cm Auk\u0161tis 23 cm Kolekcija Neso Miegamoji dalis 180\u00d7200 U\u017epildas ki\u0161enin\u0117 spyruokl\u0117 Kietumo zonos 7 zonos Kietumas H3 Nuimamas u\u017evalkalas Gamintojas Juoda Raudona Balta Baldo tipas \u010ciu\u017einiai PVM mokestis 23% EAN 5906123602112<\/p>","protected":false},"excerpt":{"rendered":"<p>\u201eNeso\u201c 160 \u00d7 200 \u010diu\u017einys: \u201eNeso\u201c \u010diu\u017einys \u2013 tai novatori\u0161kas sprendimas, kuris ne tik u\u017etikrina patog\u0173 mieg\u0105, bet ir palaiko j\u016bs\u0173 k\u016bno jon\u0173 pusiausvyr\u0105 d\u0117l \u201eOxyon\u00ae\u201c audinio su neigiamais jonais. \u0160is \u010diu\u017einys sujungia ki\u0161enini\u0173 spyruokli\u0173 ir didelio elastingumo put\u0173 savybes, \u012fterptas \u012f \u201eRiviera\u201c audin\u012f su dekoratyviniu kra\u0161tu, sukurdamas tvirt\u0105, H3 klas\u0117s \u010diu\u017ein\u012f. Jo [\u2026]<\/p>","protected":false},"featured_media":261875,"comment_status":"open","ping_status":"open","template":"","meta":[],"product_brand":[],"product_cat":[9200,1099],"product_tag":[],"class_list":{"0":"post-261874","1":"product","2":"type-product","3":"status-publish","4":"has-post-thumbnail","6":"product_cat-black-red-white","7":"product_cat-mattresses","9":"first","10":"instock","11":"purchasable","12":"product-type-simple"},"_links":{"self":[{"href":"https:\/\/baldumarket.lt\/lt\/wp-json\/wp\/v2\/product\/261874","targetHints":{"allow":["GET"]}}],"collection":[{"href":"https:\/\/baldumarket.lt\/lt\/wp-json\/wp\/v2\/product"}],"about":[{"href":"https:\/\/baldumarket.lt\/lt\/wp-json\/wp\/v2\/types\/product"}],"replies":[{"embeddable":true,"href":"https:\/\/baldumarket.lt\/lt\/wp-json\/wp\/v2\/comments?post=261874"}],"wp:featuredmedia":[{"embeddable":true,"href":"https:\/\/baldumarket.lt\/lt\/wp-json\/wp\/v2\/media\/261875"}],"wp:attachment":[{"href":"https:\/\/baldumarket.lt\/lt\/wp-json\/wp\/v2\/media?parent=261874"}],"wp:term":[{"taxonomy":"product_brand","embeddable":true,"href":"https:\/\/baldumarket.lt\/lt\/wp-json\/wp\/v2\/product_brand?post=261874"},{"taxonomy":"product_cat","embeddable":true,"href":"https:\/\/baldumarket.lt\/lt\/wp-json\/wp\/v2\/product_cat?post=261874"},{"taxonomy":"product_tag","embeddable":true,"href":"https:\/\/baldumarket.lt\/lt\/wp-json\/wp\/v2\/product_tag?post=261874"}],"curies":[{"name":"wp","href":"https:\/\/api.w.org\/{rel}","templated":true}]}}