{"id":261834,"date":"2026-01-13T23:17:06","date_gmt":"2026-01-13T20:17:06","guid":{"rendered":"https:\/\/baldumarket.lt\/product\/materac-kieszeniowy-ekko-140x200\/"},"modified":"2026-02-11T18:19:24","modified_gmt":"2026-02-11T15:19:24","slug":"materac-kieszeniowy-ekko-140x200","status":"publish","type":"product","link":"https:\/\/baldumarket.lt\/lt\/product\/materac-kieszeniowy-ekko-140x200\/","title":{"rendered":"Ekko ki\u0161eninis \u010diu\u017einys 140\u00d7200"},"content":{"rendered":"<p>Ekko 140\u00d7200 \u010diu\u017einys\u201eEkko\u201c ki\u0161enini\u0173 spyruokli\u0173 \u010diu\u017einys \u2013 puikus pasirinkimas tiems, kurie m\u0117gsta komfort\u0105 ir tobul\u0105 nakties mieg\u0105. D\u0117l vienpusio sizalio \u0161erdies jis suteikia puiki\u0105 k\u016bno atram\u0105 ir optimali\u0105 oro cirkuliacij\u0105, tod\u0117l miegas tampa dar ramesnis. Pasirinkdami \u201eEkko\u201c \u010diu\u017ein\u012f, renkat\u0117s komfort\u0105 ir kokyb\u0119, o tai rei\u0161kia tobul\u0105 miego patirt\u012f. Pagrindin\u0117s savyb\u0117s:<br \/>\n\u010ciu\u017einio \u0161erdis sudaryta i\u0161 nepriklausomai veikian\u010di\u0173 ki\u0161enini\u0173 spyruokli\u0173, padengt\u0173 elastingomis, higienos reikalavimus atitinkan\u010diomis poliuretano putomis. Spyruokli\u0173 i\u0161d\u0117stymas atskirose ki\u0161en\u0117se u\u017etikrina auk\u0161t\u0105 \u010diu\u017einio ta\u0161kin\u012f elastingum\u0105 ir garantuoja tinkam\u0105 k\u016bno atram\u0105. Vienpusis sizalio sluoksnis nat\u016braliai sutvirtina \u010diu\u017ein\u012f. 7 komforto zonos u\u017etikrina, kad \u010diu\u017einys tiksliai prisitaikyt\u0173 prie j\u016bs\u0173 k\u016bno formos. Dvipus\u012f \u010diu\u017ein\u012f galima apversti ir pasukti, kad jis nesideformuot\u0173. Rekomenduojama dvipus\u012f \u010diu\u017ein\u012f apversti kas 6 m\u0117nesius, kad pailgintum\u0117te jo tarnavimo laik\u0105 ir pagerintum\u0117te miego higien\u0105. \u010ciu\u017einio auk\u0161tis: 19 cm. \u010ciu\u017einio kietumas: kietas H3. \u201eAqua\u201c u\u017evalkalas \u2013 pagamintas i\u0161 trikota\u017eo, turin\u010dio ekologi\u0161k\u0105 \u201e\u00d6ko-Tex\u00ae Standard 100\u201c sertifikat\u0105, dygsniuotas puriu antialerginiu audiniu. U\u017evalkalas nuimamas ir skalbiamas u\u017etrauktuku. Galima skalbti skalbimo ma\u0161inoje iki 60 \u00b0C temperat\u016broje. Galimi plo\u010diai: 90, 120, 140, 160, 180 cm. M\u0117gaukit\u0117s komfortu su 25 met\u0173 garantija! Garantija taikoma \u010diu\u017einio u\u017epildui, t. y. spyruoklin\u0117ms \u010diu\u017eini\u0173 spyruokl\u0117ms ir putplas\u010dio \u0161erdiai putplas\u010dio \u010diu\u017einiuose. Jei abejojate, ar \u201eEkko\u201c \u010diu\u017einys atitiks j\u016bs\u0173 l\u016bkes\u010dius, raginame perskaityti m\u016bs\u0173 vadov\u0105 skirtuke \u201e\u012ekv\u0117pimai\u201c, kuris pad\u0117s jums i\u0161sirinkti tinkamiausi\u0105.<\/p>\n<p>Prek\u0117s kodas L07-MATTRESS-EKKO_140-MAT01 Simbolis ZM EAN Ilgis 200 cm Plotis 140 cm Auk\u0161tis 19 cm Kolekcija Ekko Miegamoji dalis 140\u00d7200 U\u017epildas ki\u0161enin\u0117 spyruokl\u0117 Kietumo zonos 7 zonos Kietumas H3 Nuimamas u\u017evalkalas Gamintojas Juoda Raudona Balta Baldo tipas \u010ciu\u017einiai PVM mokestis 23% EAN 5906123602617<\/p>","protected":false},"excerpt":{"rendered":"<p>Ekko 140\u00d7200 \u010diu\u017einys\u201eEkko\u201c ki\u0161enini\u0173 spyruokli\u0173 \u010diu\u017einys \u2013 puikus pasirinkimas tiems, kurie m\u0117gsta komfort\u0105 ir puik\u0173 nakties mieg\u0105. D\u0117l vienpusio sizalio \u0161erdies jis suteikia puiki\u0105 k\u016bno atram\u0105 ir optimali\u0105 oro cirkuliacij\u0105, tod\u0117l miegas tampa dar ramesnis. Pasirinkdami \u201eEkko\u201c \u010diu\u017ein\u012f, renkat\u0117s komfort\u0105 ir kokyb\u0119, o tai rei\u0161kia [\u2026]<\/p>","protected":false},"featured_media":261835,"comment_status":"open","ping_status":"open","template":"","meta":[],"product_brand":[],"product_cat":[9200,1099],"product_tag":[],"class_list":{"0":"post-261834","1":"product","2":"type-product","3":"status-publish","4":"has-post-thumbnail","6":"product_cat-black-red-white","7":"product_cat-mattresses","9":"first","10":"instock","11":"purchasable","12":"product-type-simple"},"_links":{"self":[{"href":"https:\/\/baldumarket.lt\/lt\/wp-json\/wp\/v2\/product\/261834","targetHints":{"allow":["GET"]}}],"collection":[{"href":"https:\/\/baldumarket.lt\/lt\/wp-json\/wp\/v2\/product"}],"about":[{"href":"https:\/\/baldumarket.lt\/lt\/wp-json\/wp\/v2\/types\/product"}],"replies":[{"embeddable":true,"href":"https:\/\/baldumarket.lt\/lt\/wp-json\/wp\/v2\/comments?post=261834"}],"wp:featuredmedia":[{"embeddable":true,"href":"https:\/\/baldumarket.lt\/lt\/wp-json\/wp\/v2\/media\/261835"}],"wp:attachment":[{"href":"https:\/\/baldumarket.lt\/lt\/wp-json\/wp\/v2\/media?parent=261834"}],"wp:term":[{"taxonomy":"product_brand","embeddable":true,"href":"https:\/\/baldumarket.lt\/lt\/wp-json\/wp\/v2\/product_brand?post=261834"},{"taxonomy":"product_cat","embeddable":true,"href":"https:\/\/baldumarket.lt\/lt\/wp-json\/wp\/v2\/product_cat?post=261834"},{"taxonomy":"product_tag","embeddable":true,"href":"https:\/\/baldumarket.lt\/lt\/wp-json\/wp\/v2\/product_tag?post=261834"}],"curies":[{"name":"wp","href":"https:\/\/api.w.org\/{rel}","templated":true}]}}