{"id":261808,"date":"2026-01-13T23:16:45","date_gmt":"2026-01-13T20:16:45","guid":{"rendered":"https:\/\/baldumarket.lt\/product\/materac-kieszeniowy-ceres-av-z-kokosem-120x200\/"},"modified":"2026-02-11T18:19:25","modified_gmt":"2026-02-11T15:19:25","slug":"materac-kieszeniowy-ceres-av-z-kokosem-120x200","status":"publish","type":"product","link":"https:\/\/baldumarket.lt\/lt\/product\/materac-kieszeniowy-ceres-av-z-kokosem-120x200\/","title":{"rendered":"Ceres AV ki\u0161eninis \u010diu\u017einys su kokoso dro\u017el\u0117mis 120&#215;200"},"content":{"rendered":"<p>Ceres AV 120\u00d7200 Comfort \u010diu\u017einys<\/p>\n<p>\u201eCeres AV\u201c 120 \u00d7 200 cm \u010diu\u017einys idealiai tinka tiems, kurie ie\u0161ko tvirto atramos miego metu. D\u0117l 7 komforto zon\u0173 ir ta\u0161kinio elastingumo \u010diu\u017einys prisitaiko prie nat\u016brali\u0173 k\u016bno linki\u0173, u\u017etikrindamas optimali\u0105 atram\u0105. Alavijo u\u017evalkalas valo, maitina ir dr\u0117kina od\u0105, dar labiau prisid\u0117damas prie atkuriamojo miego kokyb\u0117s. Funkcionalumas<\/p>\n<p>Dvipusis \u010diu\u017einio dizainas leid\u017eia reguliariai sukti \u010diu\u017ein\u012f, taip pailginant jo tarnavimo laik\u0105. Rekomenduojama \u010diu\u017ein\u012f pasukti kas 6 m\u0117nesius, kad b\u016bt\u0173 i\u0161laikyta jo higiena ir komfortas. U\u017evalkalas su padalintu u\u017etrauktuku yra lengvai nuimamas ir skalbiamas skalbimo ma\u0161inoje iki 60 \u00b0C temperat\u016broje, tod\u0117l j\u012f lengva valyti. Specialios savyb\u0117s: Nepriklausomai veikian\u010dios ki\u0161enin\u0117s spyruokl\u0117s u\u017etikrina didel\u012f ta\u0161kin\u012f elastingum\u0105. Nat\u016bralaus kokoso sluoksnis vienoje \u010diu\u017einio pus\u0117je suteikia papildomo tvirtumo. 7 komforto zonos, kurios puikiai prisitaiko prie k\u016bno formos. Dvipusis dizainas leid\u017eia sukti \u010diu\u017ein\u012f. Tvirtas \u010diu\u017einys, u\u017etikrinantis tinkam\u0105 atram\u0105. U\u017evalkalas su alaviju valo, maitina ir dr\u0117kina od\u0105. Padalintas u\u017etrauktukas leid\u017eia lengvai nuimti u\u017evalkal\u0105. U\u017evalkal\u0105 galima skalbti skalbimo ma\u0161inoje iki 60 \u00b0C temperat\u016broje. 25 met\u0173 garantija spyruokl\u0117ms (reikalinga pirkimo registracija gamintojo svetain\u0117je).<br \/>\nSantrauka<\/p>\n<p>\u201eCeres AV 120\u00d7200\u201c \u010diu\u017einys pasi\u017eymi pa\u017eangia ki\u0161enini\u0173 spyruokli\u0173 technologija, 7 komforto zonomis ir nat\u016bralaus kokoso sluoksniu, u\u017etikrinan\u010diu tvirt\u0105 ir patogi\u0105 atram\u0105 miego metu. Dvipusis dizainas ir lengva prie\u017ei\u016bra daro \u010diu\u017ein\u012f funkcional\u0173 ir patvar\u0173. Be to, 25 met\u0173 spyruokli\u0173 garantija patvirtina auk\u0161t\u0105 gaminio kokyb\u0119, u\u017etikrinan\u010di\u0105 ilgalaik\u012f komfort\u0105 ir pasitenkinim\u0105 naudojimu.<\/p>\n<p>Prek\u0117s kodas L07-MA-CERES_AV-120-MAT01-BK Ilgis 200 cm Plotis 120 cm Auk\u0161tis 21 cm Kolekcija Ceres AV Miegamoji dalis 120\u00d7200 U\u017epildas ki\u0161enin\u0117 spyruokl\u0117 Kietumo zonos 7 zonos Kietumas H3 Nuimamas u\u017evalkalas Gamintojas Juoda Raudona Balta Baldo tipas \u010ciu\u017einiai PVM 23% EAN 5906123040525<\/p>","protected":false},"excerpt":{"rendered":"<p>Ceres AV 120&#215;200 Comfort Mattress The Ceres AV 120&#215;200 cm mattress is ideal for those seeking firm support during sleep. With 7 comfort zones and point elasticity, the mattress adapts to the natural curves of the body, providing optimal support. The aloe vera cover cleanses, nourishes, and moisturizes the skin, further contributing to the quality [&hellip;]<\/p>","protected":false},"featured_media":261809,"comment_status":"open","ping_status":"open","template":"","meta":[],"product_brand":[],"product_cat":[9200,1099],"product_tag":[],"class_list":{"0":"post-261808","1":"product","2":"type-product","3":"status-publish","4":"has-post-thumbnail","6":"product_cat-black-red-white","7":"product_cat-mattresses","9":"first","10":"instock","11":"purchasable","12":"product-type-simple"},"_links":{"self":[{"href":"https:\/\/baldumarket.lt\/lt\/wp-json\/wp\/v2\/product\/261808","targetHints":{"allow":["GET"]}}],"collection":[{"href":"https:\/\/baldumarket.lt\/lt\/wp-json\/wp\/v2\/product"}],"about":[{"href":"https:\/\/baldumarket.lt\/lt\/wp-json\/wp\/v2\/types\/product"}],"replies":[{"embeddable":true,"href":"https:\/\/baldumarket.lt\/lt\/wp-json\/wp\/v2\/comments?post=261808"}],"wp:featuredmedia":[{"embeddable":true,"href":"https:\/\/baldumarket.lt\/lt\/wp-json\/wp\/v2\/media\/261809"}],"wp:attachment":[{"href":"https:\/\/baldumarket.lt\/lt\/wp-json\/wp\/v2\/media?parent=261808"}],"wp:term":[{"taxonomy":"product_brand","embeddable":true,"href":"https:\/\/baldumarket.lt\/lt\/wp-json\/wp\/v2\/product_brand?post=261808"},{"taxonomy":"product_cat","embeddable":true,"href":"https:\/\/baldumarket.lt\/lt\/wp-json\/wp\/v2\/product_cat?post=261808"},{"taxonomy":"product_tag","embeddable":true,"href":"https:\/\/baldumarket.lt\/lt\/wp-json\/wp\/v2\/product_tag?post=261808"}],"curies":[{"name":"wp","href":"https:\/\/api.w.org\/{rel}","templated":true}]}}