{"id":261784,"date":"2026-01-13T23:16:27","date_gmt":"2026-01-13T20:16:27","guid":{"rendered":"https:\/\/baldumarket.lt\/product\/materac-kieszeniowy-alya-140x200\/"},"modified":"2026-02-11T18:19:25","modified_gmt":"2026-02-11T15:19:25","slug":"materac-kieszeniowy-alya-140x200","status":"publish","type":"product","link":"https:\/\/baldumarket.lt\/lt\/product\/materac-kieszeniowy-alya-140x200\/","title":{"rendered":"\u010ciu\u017einys \u201eAlya\u201c su ki\u0161en\u0117mis, 140&#215;200"},"content":{"rendered":"<p>\u010ciu\u017einys \u201eAlya\u201c 140\u00d7200. \u201eAlya\u201c \u010diu\u017einys \u2013 tai pasirinkimas tiems, kurie vertina tvirtum\u0105 ir estetik\u0105 miegant. \u0160tai kod\u0117l verta j\u012f i\u0161bandyti: \u0161is labai kietas H4 \u010diu\u017einys puikiai tinka sveriantiems daugiau nei 110 kg, taip pat tiems, kurie tiesiog renkasi kiet\u0105 miego pavir\u0161i\u0173. \u201eAlya\u201c \u010diu\u017einys turi ki\u0161enines spyruokles, poliuretano putas ir papildom\u0105 sutvirtinim\u0105 i\u0161 nat\u016bralaus sizalio i\u0161 abiej\u0173 pusi\u0173, kuris sugeria dr\u0117gm\u0119 miego metu ir j\u0105 atiduoda dienos metu. Purus u\u017evalkalas, pagamintas i\u0161 eukalipto Tencel audinio, yra mink\u0161tas, patvarus, lankstus ir lengvai biologi\u0161kai skaidus. \u201eAlya\u201c \u010diu\u017einys turi 7 komforto zonas, kurios u\u017etikrina optimali\u0105 galvos, pe\u010di\u0173, juosmens stuburo, klub\u0173, \u0161laun\u0173, keli\u0173 ir p\u0117d\u0173 atram\u0105, nepriklausomai nuo j\u016bs\u0173 miegojimo pad\u0117ties. Reguliariai plaunant u\u017evalkal\u0105, j\u016bs\u0173 \u010diu\u017einys daugel\u012f met\u0173 i\u0161liks nepriekai\u0161tingos b\u016bkl\u0117s. Jis tiekiamas \u012fvairi\u0173 plo\u010di\u0173 \u2013 nuo 90 iki 180 cm, tod\u0117l galite rinktis i\u0161 plataus dyd\u017ei\u0173 pasirinkimo. Taip pat svarbu pasirinkti tinkam\u0105 lankst\u0173 r\u0117m\u0105, kuris kartu su \u010diu\u017einiu sukurs tobul\u0105 poilsio viet\u0105 miegamajame. Pagrindin\u0117s savyb\u0117s: \u010ciu\u017einio \u0161erdis sudaryta i\u0161 nepriklausomai veikian\u010di\u0173 ki\u0161enini\u0173 spyruokli\u0173, padengt\u0173 elastingu poliuretano putplas\u010diu, turin\u010diu higienos sertifikat\u0105. Spyruokli\u0173 i\u0161d\u0117stymas atskirose ki\u0161en\u0117se u\u017etikrina auk\u0161t\u0105 \u010diu\u017einio ta\u0161kin\u012f elastingum\u0105. Dvipusis kietinimas nat\u016bralaus sizalio sluoksniu. 7 komforto zonos. Dvipusis \u010diu\u017einys. Rekomenduojama dvipus\u012f \u010diu\u017ein\u012f apversti kas 6 m\u0117nesius, kad pailgintum\u0117te jo tarnavimo laik\u0105 ir pagerintum\u0117te miego higien\u0105. \u010ciu\u017einio auk\u0161tis: 23 cm. \u010ciu\u017einio kietumas: labai kietas H4. Tencel\u00ae u\u017evalkalas \u2013 Tencel megztas audinys su ekologi\u0161ku \u00d6ko-Tex\u00ae Standard 100 sertifikatu, dygsniuotas puriu antialerginiu flisu. Tencel pluo\u0161tai yra nat\u016bralios kilm\u0117s, itin mink\u0161ti ir patvar\u016bs. U\u017evalkalas turi u\u017etrauktukus visose keturiose \u010diu\u017einio pus\u0117se, kad b\u016bt\u0173 lengva nuimti. U\u017evalkal\u0105 galima skalbti skalbimo ma\u0161inoje iki 60 \u00b0C temperat\u016broje. Jei abejojate, ar \u201eAlya\u201c \u010diu\u017einys atitiks j\u016bs\u0173 l\u016bkes\u010dius, raginame perskaityti m\u016bs\u0173 vadov\u0105 skirtuke \u201e\u012ekv\u0117pimai\u201c, kuris pad\u0117s jums i\u0161sirinkti teisingai.<\/p>\n<p>Prek\u0117s kodas L07-MA-ALYA_TENCEL-140-MAT01-BK Simbolis ZM EAN Ilgis 200 cm Plotis 140 cm Auk\u0161tis 23 cm Kolekcija Alya Miegamoji dalis 140\u00d7200 U\u017epildas ki\u0161enin\u0117 spyruokl\u0117 Kietumo zonos 7 zonos Kietumas H4 Nuimamas u\u017evalkalas Gamintojas Juoda Raudona Balta Baldo tipas \u010ciu\u017einiai PVM mokestis 23% EAN 5906123601818<\/p>","protected":false},"excerpt":{"rendered":"<p>Alya 140&#215;200 Mattress The Alya mattress is a choice for those who value solidity and aesthetics when it comes to sleep. Here&#8217;s why it&#8217;s worth exploring: This very firm H4 mattress is perfect for those weighing over 110 kg, as well as those who simply prefer a firm sleeping surface. The Alya mattress features pocket [&hellip;]<\/p>","protected":false},"featured_media":261785,"comment_status":"open","ping_status":"open","template":"","meta":[],"product_brand":[],"product_cat":[9200,1099],"product_tag":[],"class_list":{"0":"post-261784","1":"product","2":"type-product","3":"status-publish","4":"has-post-thumbnail","6":"product_cat-black-red-white","7":"product_cat-mattresses","9":"first","10":"instock","11":"purchasable","12":"product-type-simple"},"_links":{"self":[{"href":"https:\/\/baldumarket.lt\/lt\/wp-json\/wp\/v2\/product\/261784","targetHints":{"allow":["GET"]}}],"collection":[{"href":"https:\/\/baldumarket.lt\/lt\/wp-json\/wp\/v2\/product"}],"about":[{"href":"https:\/\/baldumarket.lt\/lt\/wp-json\/wp\/v2\/types\/product"}],"replies":[{"embeddable":true,"href":"https:\/\/baldumarket.lt\/lt\/wp-json\/wp\/v2\/comments?post=261784"}],"wp:featuredmedia":[{"embeddable":true,"href":"https:\/\/baldumarket.lt\/lt\/wp-json\/wp\/v2\/media\/261785"}],"wp:attachment":[{"href":"https:\/\/baldumarket.lt\/lt\/wp-json\/wp\/v2\/media?parent=261784"}],"wp:term":[{"taxonomy":"product_brand","embeddable":true,"href":"https:\/\/baldumarket.lt\/lt\/wp-json\/wp\/v2\/product_brand?post=261784"},{"taxonomy":"product_cat","embeddable":true,"href":"https:\/\/baldumarket.lt\/lt\/wp-json\/wp\/v2\/product_cat?post=261784"},{"taxonomy":"product_tag","embeddable":true,"href":"https:\/\/baldumarket.lt\/lt\/wp-json\/wp\/v2\/product_tag?post=261784"}],"curies":[{"name":"wp","href":"https:\/\/api.w.org\/{rel}","templated":true}]}}