{"id":261775,"date":"2026-01-13T23:16:20","date_gmt":"2026-01-13T20:16:20","guid":{"rendered":"https:\/\/baldumarket.lt\/product\/materac-bonellowy-na-ramie-drewnianej-tiago-standard-90x198-szary\/"},"modified":"2026-02-11T18:19:25","modified_gmt":"2026-02-11T15:19:25","slug":"materac-bonellowy-na-ramie-drewnianej-tiago-standard-90x198-szary","status":"publish","type":"product","link":"https:\/\/baldumarket.lt\/lt\/product\/materac-bonellowy-na-ramie-drewnianej-tiago-standard-90x198-szary\/","title":{"rendered":"Tiago Standard 90\u00d7198 pilkas bonell \u010diu\u017einys ant medinio r\u0117mo"},"content":{"rendered":"<p>\u201eTiago Standard 90\u201c \u010diu\u017einys, pilkas. \u201eTiago Standard\u201c \u010diu\u017einys \u2013 puikus pasirinkimas tiems, kurie ie\u0161ko ir \u012fsp\u016bdingos i\u0161vaizdos, ir sveiko miego. Vidutinio H2 kietumo lygio, su \u201ebonell\u201c spyruokli\u0173 \u0161erdimi ir poliuretano put\u0173 sluoksniu \u0161is \u010diu\u017einys suteikia stabili\u0105 atram\u0105 visam k\u016bnui. Galima rinktis i\u0161 dviej\u0173 eleganti\u0161k\u0173 spalv\u0173 \u2013 \u201eSawana 17\u201c (sm\u0117lio) ir \u201eSawana 03\u201c (pilkos). Jis puikiai dera su \u201eIndiana\u201c ir \u201eMalcolm\u201c lovomis, sukurdamas harmoning\u0105 i\u0161d\u0117stym\u0105 miegamajame, jaunimo kambaryje, svetain\u0117je ar biure. Pagrindin\u0117s savyb\u0117s: \u010ciu\u017einio \u0161erdis pagaminta i\u0161 \u201ebonell\u201c spyruokli\u0173 ir poliuretano put\u0173 sluoksnio. Vienoda spyruokli\u0173 sistema suteikia stabili\u0105 atram\u0105 visam k\u016bnui. \u010ciu\u017einys turi medin\u012f r\u0117m\u0105. 2 spalv\u0173 variantai: sm\u0117lio \u2013 \u201eSawana17\u201c ir pilkos \u2013 \u201eSawana03\u201c. \u010ciu\u017einio auk\u0161tis: 19,5 cm. \u010ciu\u017einio kietumas: vidutinis H2. 90\u00d7198 \u010diu\u017einys puikiai tinka su \u201eIndiana\u201c ir \u201eMalcolm\u201c lovomis. Jei abejojate, ar \u201eTiago Standard\u201c \u010diu\u017einys atitiks j\u016bs\u0173 l\u016bkes\u010dius, raginame perskaityti m\u016bs\u0173 vadov\u0105 skiltyje \u201e\u012ekv\u0117pimai\u201c, kuris pad\u0117s jums i\u0161sirinkti tinkam\u0105 variant\u0105.<\/p>\n<p>Prek\u0117s kodas L07-MATTRESS-TIAGO_90_STANDARD-S~00123024 Simbolis ZM EAN Ilgis 198 cm Plotis 90 cm Auk\u0161tis 19,5 cm Kolekcija Tiago Standard Miegamasis plotas 90\u00d7198 U\u017epildas Bonell spyruoklinis pagrindas Kietumo zonos 1 zona Kietumas H2 Nenuimamas u\u017evalkalas Gamintojas Juoda Raudona Balta Baldo tipas \u010ciu\u017einiai PVM mokestis 23% EAN 5906123603034<\/p>","protected":false},"excerpt":{"rendered":"<p>\u201eTiago Standard 90\u201c \u010diu\u017einys, pilkas. \u201eTiago Standard\u201c \u010diu\u017einys \u2013 puikus pasirinkimas tiems, kurie siekia ir \u012fsp\u016bdingos i\u0161vaizdos, ir sveiko miego. Vidutinio H2 kietumo, \u201ebonell\u201c spyruokli\u0173 \u0161erdies ir poliuretano put\u0173 sluoksnio d\u0117ka \u0161is \u010diu\u017einys suteikia stabili\u0105 atram\u0105 visam k\u016bnui. Galima rinktis i\u0161 dviej\u0173 eleganti\u0161k\u0173 spalv\u0173: \u201eSawana 17 [\u2026]\u201c.<\/p>","protected":false},"featured_media":0,"comment_status":"open","ping_status":"open","template":"","meta":[],"product_brand":[],"product_cat":[9200,1099],"product_tag":[],"class_list":{"0":"post-261775","1":"product","2":"type-product","3":"status-publish","5":"product_cat-black-red-white","6":"product_cat-mattresses","8":"first","9":"instock","10":"purchasable","11":"product-type-simple"},"_links":{"self":[{"href":"https:\/\/baldumarket.lt\/lt\/wp-json\/wp\/v2\/product\/261775","targetHints":{"allow":["GET"]}}],"collection":[{"href":"https:\/\/baldumarket.lt\/lt\/wp-json\/wp\/v2\/product"}],"about":[{"href":"https:\/\/baldumarket.lt\/lt\/wp-json\/wp\/v2\/types\/product"}],"replies":[{"embeddable":true,"href":"https:\/\/baldumarket.lt\/lt\/wp-json\/wp\/v2\/comments?post=261775"}],"wp:attachment":[{"href":"https:\/\/baldumarket.lt\/lt\/wp-json\/wp\/v2\/media?parent=261775"}],"wp:term":[{"taxonomy":"product_brand","embeddable":true,"href":"https:\/\/baldumarket.lt\/lt\/wp-json\/wp\/v2\/product_brand?post=261775"},{"taxonomy":"product_cat","embeddable":true,"href":"https:\/\/baldumarket.lt\/lt\/wp-json\/wp\/v2\/product_cat?post=261775"},{"taxonomy":"product_tag","embeddable":true,"href":"https:\/\/baldumarket.lt\/lt\/wp-json\/wp\/v2\/product_tag?post=261775"}],"curies":[{"name":"wp","href":"https:\/\/api.w.org\/{rel}","templated":true}]}}