{"id":261754,"date":"2026-01-13T23:16:04","date_gmt":"2026-01-13T20:16:04","guid":{"rendered":"https:\/\/baldumarket.lt\/product\/materac-bonellowy-marfik-120x200\/"},"modified":"2026-02-11T18:19:25","modified_gmt":"2026-02-11T15:19:25","slug":"materac-bonellowy-marfik-120x200","status":"publish","type":"product","link":"https:\/\/baldumarket.lt\/lt\/product\/materac-bonellowy-marfik-120x200\/","title":{"rendered":"Marfik 120\u00d7200 Bonnell spyruoklinis \u010diu\u017einys"},"content":{"rendered":"<p>Marfik 120\u00d7200 \u010diu\u017einysMarfik \u010diu\u017einys yra pagrindinis lovos elementas, skirtas u\u017etikrinti patogi\u0105 mieg\u0105. Pagrindin\u0117s savyb\u0117s: \u010ciu\u017einio \u0161erd\u012f sudaro \u201ebonell\u201c spyruokl\u0117s, padengtos elastingu poliuretano putplas\u010diu, turin\u010diu higienos sertifikat\u0105. Veltinio \u012fd\u0117klai i\u0161 abiej\u0173 pusi\u0173 apsaugo putplast\u012f nuo trinties. Dvipus\u012f \u010diu\u017ein\u012f galima apversti ir pasukti, kad jis nedeformuot\u0173si. Rekomenduojama dvipus\u012f \u010diu\u017ein\u012f pasukti kas 6 m\u0117nesius, kad pailg\u0117t\u0173 jo tarnavimo laikas ir pager\u0117t\u0173 miego higiena. \u010ciu\u017einio auk\u0161tis: 16 cm. \u010ciu\u017einio kietumas: vidutinis H2. Mikrou\u017evalkalas \u2013 mikroaudinys su ekologi\u0161ku \u201e\u00d6ko-Tex\u00ae Standard 100\u201c sertifikatu, dygsniuotas puriu antialerginiu audiniu. U\u017evalkalas turi u\u017etrauktukus visose keturiose \u010diu\u017einio pus\u0117se, kad b\u016bt\u0173 lengva nuimti. U\u017evalkal\u0105 galima skalbti skalbimo ma\u0161inoje iki 60 \u00b0C temperat\u016broje. Galimi plo\u010diai: 80, 90, 120, 140, 160 cm. Jei abejojate, ar \u201eMarfik\u201c \u010diu\u017einys atitiks j\u016bs\u0173 l\u016bkes\u010dius, raginame perskaityti m\u016bs\u0173 vadov\u0105 skirtuke \u201e\u012ekv\u0117pimai\u201c, kuris pad\u0117s jums i\u0161sirinkti tinkamiausi\u0105.<\/p>\n<p>Prek\u0117s kodas L07-MATERAC-MARFIK_120-MAT01 Simbolis ZM EAN Ilgis 200 cm Plotis 120 cm Auk\u0161tis 16 cm Kolekcija Marfik Miegamoji dalis 120\u00d7200 U\u017epildas: bonell spyruoklinis pagrindas Kietumo zonos 1 zona Kietumas H2 Nuimamas u\u017evalkalas Gamintojas Juoda Raudona Balta Baldo tipas: \u010ciu\u017einiai PVM mokestis 23% EAN 5906123602709<\/p>","protected":false},"excerpt":{"rendered":"<p>\u201eMarfik\u201c 120\u00d7200 \u010diu\u017einys\u201eMarfik\u201c \u010diu\u017einys yra pagrindinis lovos elementas, skirtas patogiam miegui u\u017etikrinti. Pagrindin\u0117s savyb\u0117s: \u010ciu\u017einio \u0161erd\u012f sudaro \u201ebonell\u201c spyruokl\u0117s, padengtos elastingu poliuretano putplas\u010diu, turin\u010diu higienos sertifikat\u0105. Veltinio \u012fd\u0117klai i\u0161 abiej\u0173 pusi\u0173 apsaugo putplast\u012f nuo trinties. Dvipus\u012f \u010diu\u017ein\u012f galima apversti ir pasukti, kad jis nedeformuot\u0173si. [\u2026]<\/p>","protected":false},"featured_media":261755,"comment_status":"open","ping_status":"open","template":"","meta":[],"product_brand":[],"product_cat":[9200,1099],"product_tag":[],"class_list":{"0":"post-261754","1":"product","2":"type-product","3":"status-publish","4":"has-post-thumbnail","6":"product_cat-black-red-white","7":"product_cat-mattresses","9":"first","10":"instock","11":"purchasable","12":"product-type-simple"},"_links":{"self":[{"href":"https:\/\/baldumarket.lt\/lt\/wp-json\/wp\/v2\/product\/261754","targetHints":{"allow":["GET"]}}],"collection":[{"href":"https:\/\/baldumarket.lt\/lt\/wp-json\/wp\/v2\/product"}],"about":[{"href":"https:\/\/baldumarket.lt\/lt\/wp-json\/wp\/v2\/types\/product"}],"replies":[{"embeddable":true,"href":"https:\/\/baldumarket.lt\/lt\/wp-json\/wp\/v2\/comments?post=261754"}],"wp:featuredmedia":[{"embeddable":true,"href":"https:\/\/baldumarket.lt\/lt\/wp-json\/wp\/v2\/media\/261755"}],"wp:attachment":[{"href":"https:\/\/baldumarket.lt\/lt\/wp-json\/wp\/v2\/media?parent=261754"}],"wp:term":[{"taxonomy":"product_brand","embeddable":true,"href":"https:\/\/baldumarket.lt\/lt\/wp-json\/wp\/v2\/product_brand?post=261754"},{"taxonomy":"product_cat","embeddable":true,"href":"https:\/\/baldumarket.lt\/lt\/wp-json\/wp\/v2\/product_cat?post=261754"},{"taxonomy":"product_tag","embeddable":true,"href":"https:\/\/baldumarket.lt\/lt\/wp-json\/wp\/v2\/product_tag?post=261754"}],"curies":[{"name":"wp","href":"https:\/\/api.w.org\/{rel}","templated":true}]}}