{"id":261753,"date":"2026-01-13T23:16:03","date_gmt":"2026-01-13T20:16:03","guid":{"rendered":"https:\/\/baldumarket.lt\/product\/lustro-stojace-w-ramie-mia-34x154-cm-dab\/"},"modified":"2026-02-11T18:19:26","modified_gmt":"2026-02-11T15:19:26","slug":"lustro-stojace-w-ramie-mia-34x154-cm-dab","status":"publish","type":"product","link":"https:\/\/baldumarket.lt\/lt\/product\/lustro-stojace-w-ramie-mia-34x154-cm-dab\/","title":{"rendered":"Mia pastatomas veidrodis r\u0117me, 34\u00d7154 cm, \u0105\u017euolo spalvos"},"content":{"rendered":"<p>\u201eMia\u201c veidrodis \u2013 lengva forma, i\u0161rai\u0161kingas efektas: dizainas ir funkcionalumas. \u201eMia\u201c sieninis veidrodis \u2013 tai tobulas estetikos ir prakti\u0161kumo derinys. Jo plonas dizainas, kurio matmenys 34 x 154 cm, puikiai tinka tiek ma\u017eesniems, tiek didesniems kambariams. R\u0117mas, pagamintas i\u0161 patvarios kompozitin\u0117s medienos, yra trij\u0173 universali\u0173 spalv\u0173: \u0105\u017euolo, baltos ir juodos. Laisvai pastatomas dizainas su atrama suteikia visi\u0161k\u0105 mobilum\u0105 \u2013 nereikia gr\u0119\u017eti skyli\u0173 sienoje, norint naudoti veidrod\u012f miegamajame, r\u016bbin\u0117je ar prie\u0161kambaryje. \u201eMia\u201c veidrodis puikiai dera prie skandinavi\u0161ko, bohemi\u0161ko ir klasikinio stiliaus, vizualiai padidindamas ir pa\u0161viesindamas interjer\u0105. Specialios savyb\u0117s: Matmenys: 34 x 154 cm \u2013 prakti\u0161kas formatas kasdieniam naudojimui. Laisvai pastatoma konstrukcija su atrama \u2013 mobilumas be surinkimo. Kompozitinis med\u017eio r\u0117mas \u2013 patvarumas ir estetinis patrauklumas. Spalva: \u0105\u017euolo \u2013 lengvai prisitaiko prie bet kokio interjero. Tinka \u012fvairiems interjerams \u2013 skandinavi\u0161kam, bohemi\u0161kam ir klasikiniam. Santrauka: \u201eMia\u201c veidrodis yra eleganti\u0161kas, funkcionalus ir mobilus sprendimas bet kokiam interjerui. D\u0117l klasikin\u0117s formos, auk\u0161tos kokyb\u0117s gamybos ir laisvai stovin\u010dios konstrukcijos jis tinka kasdieniam naudojimui ir yra \u012fdomus dekoratyvinis elementas.<\/p>\n<p>Prek\u0117s kodas MT_MIR-LUS-MIA-34\/154-OAK Plotis 34 cm Gylis 42 cm Auk\u0161tis 154 cm Kolekcija Mia Spalva \u0105\u017euolas Atspalvis tamsi mediena Stilius modernus Med\u017eiaga laminatas Forma sta\u010diakamp\u0117 Gamintojas Juoda Raudona Balta Bald\u0173 tipas Veidrod\u017eiai PVM 23% EAN 5906123122917<\/p>","protected":false},"excerpt":{"rendered":"<p>\u201eMia\u201c veidrodis \u2013 lengva forma, i\u0161rai\u0161kingas efektas: dizainas ir funkcionalumas. \u201eMia\u201c sieninis veidrodis \u2013 tai tobulas estetikos ir prakti\u0161kumo derinys. Jo plonas dizainas, 34 x 154 cm, puikiai tinka tiek ma\u017eesniems, tiek didesniems kambariams. R\u0117mas, pagamintas i\u0161 patvarios kompozicin\u0117s medienos, yra trij\u0173 universali\u0173 spalv\u0173: \u0105\u017euolo, baltos ir juodos. [\u2026]<\/p>","protected":false},"featured_media":0,"comment_status":"open","ping_status":"open","template":"","meta":[],"product_brand":[],"product_cat":[9200,1108],"product_tag":[],"class_list":{"0":"post-261753","1":"product","2":"type-product","3":"status-publish","5":"product_cat-black-red-white","6":"product_cat-mirrors","8":"first","9":"instock","10":"purchasable","11":"product-type-simple"},"_links":{"self":[{"href":"https:\/\/baldumarket.lt\/lt\/wp-json\/wp\/v2\/product\/261753","targetHints":{"allow":["GET"]}}],"collection":[{"href":"https:\/\/baldumarket.lt\/lt\/wp-json\/wp\/v2\/product"}],"about":[{"href":"https:\/\/baldumarket.lt\/lt\/wp-json\/wp\/v2\/types\/product"}],"replies":[{"embeddable":true,"href":"https:\/\/baldumarket.lt\/lt\/wp-json\/wp\/v2\/comments?post=261753"}],"wp:attachment":[{"href":"https:\/\/baldumarket.lt\/lt\/wp-json\/wp\/v2\/media?parent=261753"}],"wp:term":[{"taxonomy":"product_brand","embeddable":true,"href":"https:\/\/baldumarket.lt\/lt\/wp-json\/wp\/v2\/product_brand?post=261753"},{"taxonomy":"product_cat","embeddable":true,"href":"https:\/\/baldumarket.lt\/lt\/wp-json\/wp\/v2\/product_cat?post=261753"},{"taxonomy":"product_tag","embeddable":true,"href":"https:\/\/baldumarket.lt\/lt\/wp-json\/wp\/v2\/product_tag?post=261753"}],"curies":[{"name":"wp","href":"https:\/\/api.w.org\/{rel}","templated":true}]}}