{"id":261749,"date":"2026-01-13T23:15:59","date_gmt":"2026-01-13T20:15:59","guid":{"rendered":"https:\/\/baldumarket.lt\/product\/lustro-scienne-w-ramie-white-antique-66x186-cm-biale\/"},"modified":"2026-02-11T18:19:26","modified_gmt":"2026-02-11T15:19:26","slug":"lustro-scienne-w-ramie-white-antique-66x186-cm-biale","status":"publish","type":"product","link":"https:\/\/baldumarket.lt\/lt\/product\/lustro-scienne-w-ramie-white-antique-66x186-cm-biale\/","title":{"rendered":"Baltas antikvarinis \u012fr\u0117mintas sieninis veidrodis 66\u00d7186 cm, baltas"},"content":{"rendered":"<p>Baltas antikinis veidrodis \u2013 klasika su vinta\u017einiu prieskoniu. Dizainas ir funkcionalumas. Baltas antikinis sieninis veidrodis yra stilingas priedas, kuris suteiks unikalaus \u017eavesio bet kokiam interjerui. Dekoratyvus sendintos baltos spalvos r\u0117melis suteikia jam romanti\u0161k\u0105 ir \u0161iek tiek kaimi\u0161k\u0105 charakter\u012f. Jis puikiai dera prie Provanso, \u201eshabby chic\u201c ar klasikinio interjero. Didelis, 66 x 186 cm dyd\u017eio veidrodis puikiai tiks \u012fvairiuose kambariuose \u2013 nuo miegamojo, per prie\u0161kambar\u012f iki r\u016bbin\u0117s. D\u0117l savo dyd\u017eio jis ne tik atlieka praktin\u0119 funkcij\u0105, bet ir vizualiai padidina erdv\u0119 bei suteikia lengvumo. MDF r\u0117mas, padengtas dekoratyvine folija, derina estetik\u0105 ir ilgaam\u017ei\u0161kum\u0105. Ypatingos savyb\u0117s: Matmenys 66 x 186 cm \u2013 idealiai tinka kasdieniam naudojimui ir vizualiai padidina interjer\u0105. MDF r\u0117mas \u2013 patvari konstrukcija su dekoratyvine apdaila. Balta spalva su sendinto efekto efektu \u2013 vinta\u017einis, \u201eshabby chic\u201c, kaimi\u0161ka atmosfera. Universalus panaudojimas \u2013 miegamajam, r\u016bbinei, svetainei ar prie\u0161kambariui. Stilinga i\u0161vaizda \u2013 esteti\u0161kas priedas ir prakti\u0161kas baldas. Santrauka: Baltas antikvarinis veidrodis yra pasirinkimas tiems, kurie vertina vinta\u017eines detales ir romanti\u0161k\u0105 estetik\u0105. Ry\u0161ki sendinta apdaila ir didelis formatas paver\u010dia j\u012f funkcionaliu kasdieniu daiktu ir dekoratyviu akcentu bet kuriame interjere. Puikiai tinka erdv\u0117ms, kuriose svarbus ir stilius, ir prakti\u0161kumas.<\/p>\n<p>Prek\u0117s kodas MT_MIR-LUS-102_285-66\/186-WHITE_ANTIQUE Plotis 66 cm Gylis 1,6 cm Auk\u0161tis 186 cm Spalva sendinta balta Atspalvis balta Stilius modernus Med\u017eiaga laminatas Forma sta\u010diakamp\u0117 Gamintojas Juoda Raudona Balta Bald\u0173 tipas Veidrod\u017eiai PVM 23% EAN 5906123122849<\/p>","protected":false},"excerpt":{"rendered":"<p>Baltas antikinis veidrodis \u2013 klasika su vinta\u017einiu prieskoniu. Dizainas ir funkcionalumas. Baltas antikinis sieninis veidrodis yra stilingas aksesuaras, kuris suteiks unikalaus \u017eavesio bet kokiam interjerui. Dekoratyvus sendintos baltos spalvos r\u0117melis suteikia jam romanti\u0161k\u0105 ir \u0161iek tiek kaimi\u0161k\u0105 charakter\u012f. Jis puikiai dera prie Provanso, \u201eshabby chic\u201c ar klasikinio stiliaus interjero. [\u2026]<\/p>","protected":false},"featured_media":0,"comment_status":"open","ping_status":"open","template":"","meta":[],"product_brand":[],"product_cat":[9200,1108],"product_tag":[],"class_list":{"0":"post-261749","1":"product","2":"type-product","3":"status-publish","5":"product_cat-black-red-white","6":"product_cat-mirrors","8":"first","9":"instock","10":"purchasable","11":"product-type-simple"},"_links":{"self":[{"href":"https:\/\/baldumarket.lt\/lt\/wp-json\/wp\/v2\/product\/261749","targetHints":{"allow":["GET"]}}],"collection":[{"href":"https:\/\/baldumarket.lt\/lt\/wp-json\/wp\/v2\/product"}],"about":[{"href":"https:\/\/baldumarket.lt\/lt\/wp-json\/wp\/v2\/types\/product"}],"replies":[{"embeddable":true,"href":"https:\/\/baldumarket.lt\/lt\/wp-json\/wp\/v2\/comments?post=261749"}],"wp:attachment":[{"href":"https:\/\/baldumarket.lt\/lt\/wp-json\/wp\/v2\/media?parent=261749"}],"wp:term":[{"taxonomy":"product_brand","embeddable":true,"href":"https:\/\/baldumarket.lt\/lt\/wp-json\/wp\/v2\/product_brand?post=261749"},{"taxonomy":"product_cat","embeddable":true,"href":"https:\/\/baldumarket.lt\/lt\/wp-json\/wp\/v2\/product_cat?post=261749"},{"taxonomy":"product_tag","embeddable":true,"href":"https:\/\/baldumarket.lt\/lt\/wp-json\/wp\/v2\/product_tag?post=261749"}],"curies":[{"name":"wp","href":"https:\/\/api.w.org\/{rel}","templated":true}]}}