{"id":261740,"date":"2026-01-13T23:15:51","date_gmt":"2026-01-13T20:15:51","guid":{"rendered":"https:\/\/baldumarket.lt\/product\/lustro-scienne-w-drewnianej-ramie-circle-80-cm-okragle-czarne\/"},"modified":"2026-02-11T18:19:26","modified_gmt":"2026-02-11T15:19:26","slug":"lustro-scienne-w-drewnianej-ramie-circle-80-cm-okragle-czarne","status":"publish","type":"product","link":"https:\/\/baldumarket.lt\/lt\/product\/lustro-scienne-w-drewnianej-ramie-circle-80-cm-okragle-czarne\/","title":{"rendered":"Apvalus 80 cm juodo medinio r\u0117mo sieninis veidrodis"},"content":{"rendered":"<p>Apskritimo formos veidrodis \u2013 nesenstanti sienos puo\u0161mena. Apskritimo formos veidrodis yra eleganti\u0161kas, funkcionalus aksesuaras, derinantis prakti\u0161kum\u0105 su estetika. Klasikin\u0117, apvali forma suteikia harmonijos ir lengvumo bet kokiam interjerui, puikiai der\u0117dama tiek modernioje, tiek tradicin\u0117je aplinkoje. Tai puikus pasirinkimas svetainei, miegamajam, prie\u0161kambariui ar net vonios kambariui. Dizainas ir funkcionalumas. 80 cm skersmens apvalus apskritimo formos veidrodis \u012fr\u0117mintas \u012f tvirt\u0105 juod\u0105 nat\u016bralaus med\u017eio r\u0117m\u0105. \u0160i forma ir spalv\u0173 gama sukuria nesenstant\u012f papildym\u0105, kuris dera prie \u012fvairi\u0173 interjero stili\u0173 \u2013 nuo skandinavi\u0161ko iki industrinio. Galite j\u012f pakabinti vien\u0105 vir\u0161 komodos arba sukurti keli\u0173 veidrod\u017ei\u0173 kompozicij\u0105, kad sukurtum\u0117te patraukli\u0105 dekoratyvin\u0119 sien\u0105. Ypatingos savyb\u0117s: 80 cm skersmuo \u2013 ry\u0161kus, ta\u010diau subtilus akcentas interjere. Nat\u016bralaus juodo med\u017eio r\u0117mas \u2013 elegancija ir patvarumas. Apvali forma \u2013 suteikia erdvei lengvumo ir harmonijos. Sieninis veidrodis \u2013 puikiai tinka pakabinti vir\u0161 komodos, konsolinio staliuko ar kriaukl\u0117s. Universalus \u2013 tinka svetain\u0117ms, miegamiesiems, prie\u0161kambariams ar vonios kambariams. Apskritimo formos veidrodis yra puikus pasirinkimas nesenstan\u010dio dizaino ir nat\u016brali\u0173 med\u017eiag\u0173 m\u0117g\u0117jams. Jis papildys bet koki\u0105 erdv\u0119, suteikdamas elegancijos, \u0161viesos ir erdvumo. Apvali forma ir klasikinis juodas r\u0117melis suteikia jam stiling\u0105 ir prakti\u0161k\u0105 dizaino element\u0105.<\/p>\n<p>Prek\u0117s kodas MT_DOZ-LUS-CIRCLE-80-BLACK Plotis 80 cm Gylis 4 cm Auk\u0161tis 80 cm Kolekcija Apskritimas Spalva juoda Atspalvis juodas Stilius modernus Med\u017eiaga mediena\/stiklas Forma apvali Gamintojas Juoda Raudona Balta Bald\u0173 tipas Veidrod\u017eiai PVM 23% EAN 5906123122665<\/p>","protected":false},"excerpt":{"rendered":"<p>The Circle Mirror \u2013 Timeless Wall Decoration. The Circle Mirror is an elegant, functional accessory that combines practicality with aesthetics. Its classic, round shape lends harmony and lightness to any interior, working well in both modern and traditional settings. It will be an excellent choice for a living room, bedroom, hallway, or even a bathroom. [&hellip;]<\/p>","protected":false},"featured_media":0,"comment_status":"open","ping_status":"open","template":"","meta":[],"product_brand":[],"product_cat":[9200,1108],"product_tag":[],"class_list":{"0":"post-261740","1":"product","2":"type-product","3":"status-publish","5":"product_cat-black-red-white","6":"product_cat-mirrors","8":"first","9":"instock","10":"purchasable","11":"product-type-simple"},"_links":{"self":[{"href":"https:\/\/baldumarket.lt\/lt\/wp-json\/wp\/v2\/product\/261740","targetHints":{"allow":["GET"]}}],"collection":[{"href":"https:\/\/baldumarket.lt\/lt\/wp-json\/wp\/v2\/product"}],"about":[{"href":"https:\/\/baldumarket.lt\/lt\/wp-json\/wp\/v2\/types\/product"}],"replies":[{"embeddable":true,"href":"https:\/\/baldumarket.lt\/lt\/wp-json\/wp\/v2\/comments?post=261740"}],"wp:attachment":[{"href":"https:\/\/baldumarket.lt\/lt\/wp-json\/wp\/v2\/media?parent=261740"}],"wp:term":[{"taxonomy":"product_brand","embeddable":true,"href":"https:\/\/baldumarket.lt\/lt\/wp-json\/wp\/v2\/product_brand?post=261740"},{"taxonomy":"product_cat","embeddable":true,"href":"https:\/\/baldumarket.lt\/lt\/wp-json\/wp\/v2\/product_cat?post=261740"},{"taxonomy":"product_tag","embeddable":true,"href":"https:\/\/baldumarket.lt\/lt\/wp-json\/wp\/v2\/product_tag?post=261740"}],"curies":[{"name":"wp","href":"https:\/\/api.w.org\/{rel}","templated":true}]}}