{"id":261735,"date":"2026-01-13T23:15:46","date_gmt":"2026-01-13T20:15:46","guid":{"rendered":"https:\/\/baldumarket.lt\/product\/lustro-scienne-quantro-zestaw-4-luster-30x30-cm-srebrne\/"},"modified":"2026-02-11T18:19:27","modified_gmt":"2026-02-11T15:19:27","slug":"lustro-scienne-quantro-zestaw-4-luster-30x30-cm-srebrne","status":"publish","type":"product","link":"https:\/\/baldumarket.lt\/lt\/product\/lustro-scienne-quantro-zestaw-4-luster-30x30-cm-srebrne\/","title":{"rendered":"Quantro sienini\u0173 veidrod\u017ei\u0173 rinkinys, 4 vnt., 30&#215;30 cm, sidabro spalvos"},"content":{"rendered":"<p>\u201eQuantro\u201c veidrodis \u2013 minimalistin\u0117 forma, maksimalus poveikis. Dizainas ir funkcionalumas. \u201eQuantro\u201c veidrodis \u2013 tai keturi\u0173 kvadratini\u0173 veidrod\u017ei\u0173 rinkinys, kuriuos galite laisvai i\u0161d\u0117styti pagal savo id\u0117jas. J\u0173 ber\u0117mes dizainas suteikia jiems modern\u0173, subtil\u0173 vaizd\u0105, tod\u0117l puikiai tinka minimalistiniam, skandinavi\u0161kam ar industriniam interjerui. I\u0161d\u0117styti vertikaliai, horizontaliai arba simetri\u0161kai, jie visada prideda erdv\u0117s ir \u0161viesos. D\u0117l kompakti\u0161k\u0173 matmen\u0173 (30 \u00d7 30 cm) ir lengvo dizaino \u201eQuantro\u201c veidrod\u017eiai puikiai tinka tiek siauriems koridoriams, tiek didesn\u0117ms sienoms svetain\u0117se ar persirengimo kambariuose. Tai prakti\u0161kas priedas, derinantis prakti\u0161kum\u0105 su dekoratyviniu efektu. Specialios savyb\u0117s: keturi\u0173 30 \u00d7 30 cm sienini\u0173 veidrod\u017ei\u0173 rinkinys. Be r\u0117melio \u2013 minimalistinis, lengvas dizainas. Galima kabinti \u012fvairiomis konfig\u016bracijomis. Universalus stilius \u2013 tinka daugeliui interjer\u0173 ir stili\u0173. Puikiai tinka svetain\u0117ms, prie\u0161kambariams, miegamiesiems ar persirengimo kambariams. Santrauka. \u201eQuantro\u201c veidrodis yra puikus pasirinkimas tiems, kurie vertina paprastum\u0105 ir dizaino lankstum\u0105. D\u0117l modulin\u0117s formos jis leid\u017eia kurti individualias kompozicijas, o diskreti\u0161kas dizainas suteikia modern\u0173 charakter\u012f ir opti\u0161kai padidina erdv\u0119.<\/p>\n<p>Prek\u0117s kodas MT_MIR-LUS-QUANTRO-SET4-30\/30 Plotis 60 cm Gylis 0,3 cm Auk\u0161tis 60 cm Kolekcija Quantro Spalva sidabrin\u0117 Atspalvis sidabrin\u0117 Stilius modernus Med\u017eiaga stiklas Forma kvadratin\u0117 Gamintojas Juoda Raudona Balta Bald\u0173 tipas Veidrod\u017eiai PVM 23% EAN 5906123122757<\/p>","protected":false},"excerpt":{"rendered":"<p>Quantro Mirror \u2013 Minimalist Form, Maximum Impact. Design and Functionality. The Quantro Mirror is a set of four square mirrors that you can freely arrange according to your own ideas. Their frameless design gives them a modern, subtle look, making them a perfect fit for minimalist, Scandinavian, or industrial interiors. Arranged vertically, horizontally, or in [&hellip;]<\/p>","protected":false},"featured_media":0,"comment_status":"open","ping_status":"open","template":"","meta":[],"product_brand":[],"product_cat":[9200,1108],"product_tag":[],"class_list":{"0":"post-261735","1":"product","2":"type-product","3":"status-publish","5":"product_cat-black-red-white","6":"product_cat-mirrors","8":"first","9":"instock","10":"purchasable","11":"product-type-simple"},"_links":{"self":[{"href":"https:\/\/baldumarket.lt\/lt\/wp-json\/wp\/v2\/product\/261735","targetHints":{"allow":["GET"]}}],"collection":[{"href":"https:\/\/baldumarket.lt\/lt\/wp-json\/wp\/v2\/product"}],"about":[{"href":"https:\/\/baldumarket.lt\/lt\/wp-json\/wp\/v2\/types\/product"}],"replies":[{"embeddable":true,"href":"https:\/\/baldumarket.lt\/lt\/wp-json\/wp\/v2\/comments?post=261735"}],"wp:attachment":[{"href":"https:\/\/baldumarket.lt\/lt\/wp-json\/wp\/v2\/media?parent=261735"}],"wp:term":[{"taxonomy":"product_brand","embeddable":true,"href":"https:\/\/baldumarket.lt\/lt\/wp-json\/wp\/v2\/product_brand?post=261735"},{"taxonomy":"product_cat","embeddable":true,"href":"https:\/\/baldumarket.lt\/lt\/wp-json\/wp\/v2\/product_cat?post=261735"},{"taxonomy":"product_tag","embeddable":true,"href":"https:\/\/baldumarket.lt\/lt\/wp-json\/wp\/v2\/product_tag?post=261735"}],"curies":[{"name":"wp","href":"https:\/\/api.w.org\/{rel}","templated":true}]}}