{"id":261732,"date":"2026-01-13T23:15:43","date_gmt":"2026-01-13T20:15:43","guid":{"rendered":"https:\/\/baldumarket.lt\/product\/lustro-romance-96-cm-modrzew-sibiu-jasny-dab-sanremo-jasny\/"},"modified":"2026-02-11T18:19:27","modified_gmt":"2026-02-11T15:19:27","slug":"lustro-romance-96-cm-modrzew-sibiu-jasny-dab-sanremo-jasny","status":"publish","type":"product","link":"https:\/\/baldumarket.lt\/lt\/product\/lustro-romance-96-cm-modrzew-sibiu-jasny-dab-sanremo-jasny\/","title":{"rendered":"ROMANCE veidrodis, 96 cm, \u0161viesus Sibiu maumedis\/\u0161viesus San Remo \u0105\u017euolas"},"content":{"rendered":"<p>\u201eRomance\u201c veidrodis \u2013 paskutiniai akcentai prie\u0161 i\u0161einant. Ie\u0161kote stiling\u0173 ir prakti\u0161k\u0173 element\u0173 savo prie\u0161kambariui? \u201eRomance\u201c kolekcija, \u012fkv\u0117pta skandinavi\u0161ko dizaino paprastumo, gali b\u016bti puikus sprendimas. \u201eRomance\u201c veidrodis yra ne tik funkcionalus elementas, bet ir eleganti\u0161kas j\u016bs\u0173 prie\u0161kambario papildymas. 96 cm kvadratinis veidrod\u017eio skydelis atlieka kelet\u0105 svarbi\u0173 funkcij\u0173. Pirma, atspind\u0117damas \u0161vies\u0105, jis pa\u0161viesina kambar\u012f ir sukuria maloni\u0105 atmosfer\u0105. Antra, jis b\u016btinas norint sutrumpinti vaizd\u0105 prie\u0161 i\u0161einant i\u0161 nam\u0173. Jo d\u0117ka galite b\u016bti tikri, kad atrodysite b\u016btent taip, kaip norite. Veidrod\u017eio dizainas pabr\u0117\u017eia \u201eRomance\u201c kolekcijos charakter\u012f. Platus r\u0117mas apdailintas \u0161viesia Sibiu maumed\u017eio mediena, suteikian\u010dia jam lengvumo ir gaivumo poj\u016bt\u012f. Vir\u0161utin\u0117 San Remo \u0105\u017euolo briauna suteikia bendrai i\u0161vaizdai charakterio ir elegancijos. Veidrodis ne tik atlieka praktin\u0119 funkcij\u0105, bet ir tampa dekoratyviniu elementu, pagerinan\u010diu j\u016bs\u0173 prie\u0161kambario estetik\u0105. \u201eRomance\u201c kolekcija suteikia galimyb\u0119 visi\u0161kai apstatyti j\u016bs\u0173 prie\u0161kambar\u012f. Veidrodis puikiai dera su kitais kolekcijos elementais, tokiais kaip komoda, drabu\u017ei\u0173 spinta, spintel\u0117 ar pakabinama sienel\u0117. Tai leid\u017eia sukurti darni\u0105 ir harmoning\u0105 kompozicij\u0105, atspindin\u010di\u0105 j\u016bs\u0173 individual\u0173 stili\u0173. Tegul \u201eRomantikos veidrodis\u201c tampa neatsiejama j\u016bs\u0173 prie\u0161kambario dalimi, suteikian\u010dia ne tik funkcionalumo, bet ir unikalaus \u017eavesio.<\/p>\n<p>Prek\u0117s kodas S330-LUS\/96-MSJ\/DSAJ Simbolis ZM EAN Plotis 96 cm Gylis 3,8 cm Auk\u0161tis 91,5 cm Kolekcija Romantika Spalva \u0161viesi Sibiu maumedis\/\u0161viesus San Remo \u0105\u017euolas Gaubtas \u0161viesi mediena Stilius modernus Med\u017eiaga laminatas Gamintojas Juoda Raudona Balta Baldo tipas Lovos PVM 23% EAN 5906123925785<\/p>","protected":false},"excerpt":{"rendered":"<p>\u201eRomance\u201c veidrodis \u2013 paskutiniai akcentai prie\u0161 i\u0161einant. Ie\u0161kote stiling\u0173 ir prakti\u0161k\u0173 element\u0173 savo prie\u0161kambariui? \u201eRomance\u201c kolekcija, \u012fkv\u0117pta skandinavi\u0161ko dizaino paprastumo, gali b\u016bti puikus sprendimas. \u201eRomance\u201c veidrodis yra ne tik funkcionalus elementas, bet ir eleganti\u0161kas j\u016bs\u0173 prie\u0161kambario papildymas. 96 cm kvadratin\u0117 veidrod\u017eio plok\u0161t\u0117 tarnauja [\u2026]<\/p>","protected":false},"featured_media":261733,"comment_status":"open","ping_status":"open","template":"","meta":[],"product_brand":[],"product_cat":[9200,1108],"product_tag":[],"class_list":{"0":"post-261732","1":"product","2":"type-product","3":"status-publish","4":"has-post-thumbnail","6":"product_cat-black-red-white","7":"product_cat-mirrors","9":"first","10":"instock","11":"purchasable","12":"product-type-simple"},"_links":{"self":[{"href":"https:\/\/baldumarket.lt\/lt\/wp-json\/wp\/v2\/product\/261732","targetHints":{"allow":["GET"]}}],"collection":[{"href":"https:\/\/baldumarket.lt\/lt\/wp-json\/wp\/v2\/product"}],"about":[{"href":"https:\/\/baldumarket.lt\/lt\/wp-json\/wp\/v2\/types\/product"}],"replies":[{"embeddable":true,"href":"https:\/\/baldumarket.lt\/lt\/wp-json\/wp\/v2\/comments?post=261732"}],"wp:featuredmedia":[{"embeddable":true,"href":"https:\/\/baldumarket.lt\/lt\/wp-json\/wp\/v2\/media\/261733"}],"wp:attachment":[{"href":"https:\/\/baldumarket.lt\/lt\/wp-json\/wp\/v2\/media?parent=261732"}],"wp:term":[{"taxonomy":"product_brand","embeddable":true,"href":"https:\/\/baldumarket.lt\/lt\/wp-json\/wp\/v2\/product_brand?post=261732"},{"taxonomy":"product_cat","embeddable":true,"href":"https:\/\/baldumarket.lt\/lt\/wp-json\/wp\/v2\/product_cat?post=261732"},{"taxonomy":"product_tag","embeddable":true,"href":"https:\/\/baldumarket.lt\/lt\/wp-json\/wp\/v2\/product_tag?post=261732"}],"curies":[{"name":"wp","href":"https:\/\/api.w.org\/{rel}","templated":true}]}}