{"id":261728,"date":"2026-01-13T23:15:40","date_gmt":"2026-01-13T20:15:40","guid":{"rendered":"https:\/\/baldumarket.lt\/product\/lustro-prostokatne-kent-154-cm-kasztan\/"},"modified":"2026-02-11T18:19:27","modified_gmt":"2026-02-11T15:19:27","slug":"lustro-prostokatne-kent-154-cm-kasztan","status":"publish","type":"product","link":"https:\/\/baldumarket.lt\/lt\/product\/lustro-prostokatne-kent-154-cm-kasztan\/","title":{"rendered":"KENT sta\u010diakampis veidrodis 154 cm ka\u0161tonin\u0117 spalva"},"content":{"rendered":"<p>\u201eKent\u201c veidrodis \u2013 atskleiskite savo interjero potencial\u0105. Pagrindiniai klasikin\u0117s modulin\u0117s kolekcijos \u201eKent\u201c bruo\u017eai \u2013 eleganti\u0161ka i\u0161vaizda ir nesenstantis gro\u017eis. \u201eKent\u201c veidrodis puikiai papildys j\u016bs\u0173 interjero dizain\u0105. Didelis, horizontalus pavir\u0161ius leid\u017eia ne tik pa\u017evelgti \u012f save, bet ir vizualiai padidinti erdv\u0119.<br \/>\n\u2013 \u012esp\u016bdingas veidrod\u017eio r\u0117mas padengtas fanera, kuri puikiai perteikia neapdorotos medienos charakter\u012f ir tekst\u016br\u0105. Bendr\u0105 \u0161io k\u016brinio efekt\u0105 sukuria \u0161ilta ka\u0161tonin\u0117 spalva.<br \/>\n\u2013 Eleganti\u0161kos, rai\u017eytos dekoracijos veidrod\u017eio vir\u0161uje primena pra\u0117jusi\u0173 epoch\u0173 stili\u0173.<br \/>\n\u2013 Veidrodis puikiai dera su 153,5 cm plo\u010dio komodomis i\u0161 \u201eKent\u201c kolekcijos.<br \/>\n\u2013 Bald\u0105 galima derinti su kitais \u201eKent\u201c kolekcijos elementais. Pasirink\u0119 tuos, kurie atitinka j\u016bs\u0173 poreikius, galite sukurti unikal\u0173 interjero dizain\u0105 savo namams.<\/p>\n<p>Prek\u0117s kodas S10-ELUS155-KA Simbolis ZM EAN Plotis 154,5 cm Gylis 11 cm Auk\u0161tis 88 cm Kolekcija Kent Spalva ka\u0161tonin\u0117 Atspalvis tamsi mediena Stilius klasikinis Med\u017eiaga laminatas Gamintojas Juoda Raudona Balta Baldo tipas Veidrod\u017eiai PVM 23% EAN 5906123882187<\/p>","protected":false},"excerpt":{"rendered":"<p>\u201eKent\u201c veidrodis \u2013 atskleiskite savo interjero potencial\u0105. Pagrindiniai klasikin\u0117s modulin\u0117s kolekcijos \u201eKent\u201c bruo\u017eai \u2013 eleganti\u0161ka i\u0161vaizda ir nesenstantis gro\u017eis. \u201eKent\u201c veidrodis puikiai papildys j\u016bs\u0173 interjero dizain\u0105. Didelis, horizontalus pavir\u0161ius leid\u017eia ne tik pa\u017evelgti \u012f save, bet ir vizualiai padidinti erdv\u0119. \u2013 [\u2026]<\/p>","protected":false},"featured_media":261729,"comment_status":"open","ping_status":"open","template":"","meta":[],"product_brand":[],"product_cat":[9200,1108],"product_tag":[],"class_list":{"0":"post-261728","1":"product","2":"type-product","3":"status-publish","4":"has-post-thumbnail","6":"product_cat-black-red-white","7":"product_cat-mirrors","9":"first","10":"instock","11":"purchasable","12":"product-type-simple"},"_links":{"self":[{"href":"https:\/\/baldumarket.lt\/lt\/wp-json\/wp\/v2\/product\/261728","targetHints":{"allow":["GET"]}}],"collection":[{"href":"https:\/\/baldumarket.lt\/lt\/wp-json\/wp\/v2\/product"}],"about":[{"href":"https:\/\/baldumarket.lt\/lt\/wp-json\/wp\/v2\/types\/product"}],"replies":[{"embeddable":true,"href":"https:\/\/baldumarket.lt\/lt\/wp-json\/wp\/v2\/comments?post=261728"}],"wp:featuredmedia":[{"embeddable":true,"href":"https:\/\/baldumarket.lt\/lt\/wp-json\/wp\/v2\/media\/261729"}],"wp:attachment":[{"href":"https:\/\/baldumarket.lt\/lt\/wp-json\/wp\/v2\/media?parent=261728"}],"wp:term":[{"taxonomy":"product_brand","embeddable":true,"href":"https:\/\/baldumarket.lt\/lt\/wp-json\/wp\/v2\/product_brand?post=261728"},{"taxonomy":"product_cat","embeddable":true,"href":"https:\/\/baldumarket.lt\/lt\/wp-json\/wp\/v2\/product_cat?post=261728"},{"taxonomy":"product_tag","embeddable":true,"href":"https:\/\/baldumarket.lt\/lt\/wp-json\/wp\/v2\/product_tag?post=261728"}],"curies":[{"name":"wp","href":"https:\/\/api.w.org\/{rel}","templated":true}]}}