{"id":261727,"date":"2026-01-13T23:15:39","date_gmt":"2026-01-13T20:15:39","guid":{"rendered":"https:\/\/baldumarket.lt\/product\/lustro-prostokatne-kaspian-49x116-cm-dab-sonoma\/"},"modified":"2026-02-11T18:19:27","modified_gmt":"2026-02-11T15:19:27","slug":"lustro-prostokatne-kaspian-49x116-cm-dab-sonoma","status":"publish","type":"product","link":"https:\/\/baldumarket.lt\/lt\/product\/lustro-prostokatne-kaspian-49x116-cm-dab-sonoma\/","title":{"rendered":"KASPIAN sta\u010diakampis veidrodis 49\u00d7116 cm, Sonoma \u0105\u017euolas"},"content":{"rendered":"<p>\u201eKaspian\u201c veidrodis \u2013 atspindys, kuris puo\u0161ia. Modulin\u0117 \u201eKaspian\u201c kolekcija yra puikus pasirinkimas ie\u0161kantiems bald\u0173, kuriuose nat\u016bralios tekst\u016bros derinamos su moderniu dizainu. \u201eKaspian\u201c veidrodis yra vienas i\u0161 t\u0173 element\u0173, kuris ne tik atspindi kolekcijos originalum\u0105, bet ir atlieka dekoratyvin\u0119 funkcij\u0105. Faneruotas veidrod\u017eio r\u0117mas puikiai atkartoja neapdorotos medienos strukt\u016br\u0105 ir ra\u0161t\u0105, suteikdamas veidrod\u017eiui unikali\u0105 i\u0161vaizd\u0105. Tai paver\u010dia veidrod\u012f ne tik prakti\u0161ku kambario elementu, bet ir ry\u0161kia dekoracija. Pakabintas ant sienos, veidrodis traukia ak\u012f ir vizualiai padidina kambar\u012f. Tai puikus b\u016bdas dar labiau pa\u0161viesinti ir atverti erdv\u0119, ypa\u010d ma\u017eesniuose kambariuose. Paprastos formos ir universali\u0173 spalv\u0173 veidrod\u017eio r\u0117mas leid\u017eia j\u012f lengvai derinti ne tik su kitais \u201eKaspian\u201c kolekcijos elementais, bet ir su kit\u0173 \u201eBlack Red White\u201c kolekcij\u0173 komponentais. \u0160is veidrodis puikiai atrodo pakabintas vir\u0161 komodos, indaujas ar kit\u0173 bald\u0173, sukuriant darn\u0173 interjero dizain\u0105. D\u0117l savo originalumo ir dekoratyvumo jis yra ne tik prakti\u0161kas aksesuaras kasdieniam naudojimui, bet ir dekoratyvinis elementas, puo\u0161iantis kambar\u012f ir suteikiantis jam unikal\u0173 charakter\u012f. Trumpai tariant, \u201eKaspian\u201c veidrodis yra ne tik atspindys, bet ir dekoratyvinis elementas, patraukiantis d\u0117mes\u012f ir suteikiantis interjerui unikal\u0173 charakter\u012f. Jo r\u0117mas, padengtas med\u017eio tekst\u016bros fanera, puikiai papildo \u201eKaspian\u201c kolekcij\u0105 ir yra universalus baldas, kur\u012f galima derinti su daugeliu kit\u0173 bald\u0173. Tai leid\u017eia veidrod\u017eiui suteikti stiliaus ir elegancijos bet kuriame kambaryje.<\/p>\n<p>Prek\u0117s kodas S128-LUS\/50-DSO Simbolis ZM EAN Plotis 49 cm Gylis 2 cm Auk\u0161tis 116 cm Kolekcija Kaspian Spalva Sonoma \u0105\u017euolas Gaubtas \u0161viesios medienos Stilius modernus Gamintojas Juoda Raudona Balta Bald\u0173 tipas Veidrod\u017eiai PVM 23% EAN 5906123883603<\/p>","protected":false},"excerpt":{"rendered":"<p>\u201eKaspian\u201c veidrodis \u2013 atspindys, kuris puo\u0161ia. Modulin\u0117 \u201eKaspian\u201c kolekcija yra puikus pasirinkimas ie\u0161kantiems bald\u0173, kuriuose der\u0117t\u0173 nat\u016bralios tekst\u016bros ir modernus dizainas. \u201eKaspian\u201c veidrodis yra vienas i\u0161 t\u0173 element\u0173, kuris ne tik atspindi kolekcijos originalum\u0105, bet ir atlieka dekoratyvin\u0119 funkcij\u0105. Faneruotas veidrod\u017eio r\u0117mas puikiai atkartoja [\u2026]<\/p>","protected":false},"featured_media":0,"comment_status":"open","ping_status":"open","template":"","meta":[],"product_brand":[],"product_cat":[9200,1108],"product_tag":[],"class_list":{"0":"post-261727","1":"product","2":"type-product","3":"status-publish","5":"product_cat-black-red-white","6":"product_cat-mirrors","8":"first","9":"instock","10":"purchasable","11":"product-type-simple"},"_links":{"self":[{"href":"https:\/\/baldumarket.lt\/lt\/wp-json\/wp\/v2\/product\/261727","targetHints":{"allow":["GET"]}}],"collection":[{"href":"https:\/\/baldumarket.lt\/lt\/wp-json\/wp\/v2\/product"}],"about":[{"href":"https:\/\/baldumarket.lt\/lt\/wp-json\/wp\/v2\/types\/product"}],"replies":[{"embeddable":true,"href":"https:\/\/baldumarket.lt\/lt\/wp-json\/wp\/v2\/comments?post=261727"}],"wp:attachment":[{"href":"https:\/\/baldumarket.lt\/lt\/wp-json\/wp\/v2\/media?parent=261727"}],"wp:term":[{"taxonomy":"product_brand","embeddable":true,"href":"https:\/\/baldumarket.lt\/lt\/wp-json\/wp\/v2\/product_brand?post=261727"},{"taxonomy":"product_cat","embeddable":true,"href":"https:\/\/baldumarket.lt\/lt\/wp-json\/wp\/v2\/product_cat?post=261727"},{"taxonomy":"product_tag","embeddable":true,"href":"https:\/\/baldumarket.lt\/lt\/wp-json\/wp\/v2\/product_tag?post=261727"}],"curies":[{"name":"wp","href":"https:\/\/api.w.org\/{rel}","templated":true}]}}