{"id":261721,"date":"2026-01-13T23:15:34","date_gmt":"2026-01-13T20:15:34","guid":{"rendered":"https:\/\/baldumarket.lt\/product\/lustro-prostokatne-holten-925x70-cm-bialy-dab-wotan\/"},"modified":"2026-02-11T18:19:27","modified_gmt":"2026-02-11T15:19:27","slug":"lustro-prostokatne-holten-925x70-cm-bialy-dab-wotan","status":"publish","type":"product","link":"https:\/\/baldumarket.lt\/lt\/product\/lustro-prostokatne-holten-925x70-cm-bialy-dab-wotan\/","title":{"rendered":"HOLTEN sta\u010diakampis veidrodis 92.5&#215;70 cm balta\/wotan \u0105\u017euolas"},"content":{"rendered":"<p>\u201eHolten\u201c veidrodis \u2013 funkcionalumas ir estetika viename. Veidrodis yra ne tik prakti\u0161kas prie\u0161kambario ar kitos j\u016bs\u0173 nam\u0173 erdv\u0117s papildymas, bet ir dekoratyvinis elementas, galintis vizualiai padidinti ir pagyvinti interjer\u0105. \u0160iuolaikin\u0117s \u201eHolten\u201c kolekcijos \u201eHolten\u201c veidrodis atlieka \u0161ias funkcijas ir si\u016blo daug kit\u0173 privalum\u0173: \u017einoma, veidrodis naudojamas norint patikrinti savo i\u0161vaizd\u0105 prie\u0161 i\u0161einant i\u0161 nam\u0173, ta\u010diau jis taip pat gali pad\u0117ti vizualiai padidinti erdv\u0119, ypa\u010d jei jis pastatytas tinkamoje vietoje. Veidrod\u017eio \u201eWaterford\u201c \u0105\u017euolo r\u0117mas i\u0161ry\u0161kina nat\u016brali\u0105 medienos tekst\u016br\u0105 ir suteikia \u201eHolten\u201c kolekcijai elegancijos bei charakterio. Daugiafunkcis: \u201eHolten\u201c veidrodis yra universalus ir gali b\u016bti derinamas su kitais kolekcijos elementais, pavyzd\u017eiui, bat\u0173 spintele ar \u017eema lentyna. Tai leid\u017eia sukurti darn\u0173 ir funkcional\u0173 i\u0161d\u0117stym\u0105 j\u016bs\u0173 prie\u0161kambaryje ar kitoje erdv\u0117je. \u012evair\u016bs spalv\u0173 variantai: \u201eHolten\u201c veidrodis yra dviej\u0173 spalv\u0173: balta \/ \u201eWotan\u201c \u0105\u017euolas \/ blizgi balta ir \u201eWaterford\u201c \u0105\u017euolas, tod\u0117l galite j\u012f pritaikyti pagal savo pageidavimus ir interjero stili\u0173. \u201eHolten\u201c veidrodis yra ne tik kasdien\u0117s i\u0161vaizdos prie\u017ei\u016bros priemon\u0117, bet ir dekoratyvinis elementas, galintis transformuoti ir pagyvinti erdv\u0119. D\u0117l savo funkcionalumo ir estetikos \u0161is veidrodis gali tapti svarbiu akcentu j\u016bs\u0173 namuose, suteikian\u010diu elegancijos ir patogios vietos ap\u017ei\u016br\u0117ti savo i\u0161vaizd\u0105.<\/p>\n<p>Prek\u0117s kodas S440-LUS-BI\/DWO\/BIP Simbolis ZM EAN Plotis 92,5 cm Gylis 2,2 cm Auk\u0161tis 70 cm Kolekcija Holten Spalva balta\/wotan \u0105\u017euolas\/blizgi balta Atspalvis balta Stilius modernus Gamintojas Juoda Raudona Balta Bald\u0173 tipas Lovos PVM 23% EAN 5906123951876<\/p>","protected":false},"excerpt":{"rendered":"<p>\u201eHolten\u201c veidrodis \u2013 funkcionalumas ir estetika viename. Veidrodis yra ne tik prakti\u0161kas prie\u0161kambario ar kitos j\u016bs\u0173 nam\u0173 erdv\u0117s papildymas, bet ir dekoratyvinis elementas, galintis vizualiai padidinti ir pagyvinti interjer\u0105. \u201eHolten\u201c veidrodis i\u0161 modernios \u201eHolten\u201c kolekcijos atlieka \u0161ias funkcijas ir si\u016blo daug kit\u0173 privalum\u0173: I\u0161 [\u2026]<\/p>","protected":false},"featured_media":261722,"comment_status":"open","ping_status":"open","template":"","meta":[],"product_brand":[],"product_cat":[9200,1108],"product_tag":[],"class_list":{"0":"post-261721","1":"product","2":"type-product","3":"status-publish","4":"has-post-thumbnail","6":"product_cat-black-red-white","7":"product_cat-mirrors","9":"first","10":"instock","11":"purchasable","12":"product-type-simple"},"_links":{"self":[{"href":"https:\/\/baldumarket.lt\/lt\/wp-json\/wp\/v2\/product\/261721","targetHints":{"allow":["GET"]}}],"collection":[{"href":"https:\/\/baldumarket.lt\/lt\/wp-json\/wp\/v2\/product"}],"about":[{"href":"https:\/\/baldumarket.lt\/lt\/wp-json\/wp\/v2\/types\/product"}],"replies":[{"embeddable":true,"href":"https:\/\/baldumarket.lt\/lt\/wp-json\/wp\/v2\/comments?post=261721"}],"wp:featuredmedia":[{"embeddable":true,"href":"https:\/\/baldumarket.lt\/lt\/wp-json\/wp\/v2\/media\/261722"}],"wp:attachment":[{"href":"https:\/\/baldumarket.lt\/lt\/wp-json\/wp\/v2\/media?parent=261721"}],"wp:term":[{"taxonomy":"product_brand","embeddable":true,"href":"https:\/\/baldumarket.lt\/lt\/wp-json\/wp\/v2\/product_brand?post=261721"},{"taxonomy":"product_cat","embeddable":true,"href":"https:\/\/baldumarket.lt\/lt\/wp-json\/wp\/v2\/product_cat?post=261721"},{"taxonomy":"product_tag","embeddable":true,"href":"https:\/\/baldumarket.lt\/lt\/wp-json\/wp\/v2\/product_tag?post=261721"}],"curies":[{"name":"wp","href":"https:\/\/api.w.org\/{rel}","templated":true}]}}