{"id":261718,"date":"2026-01-13T23:15:32","date_gmt":"2026-01-13T20:15:32","guid":{"rendered":"https:\/\/baldumarket.lt\/product\/lustro-prostokatne-gent-101x66-cm-dab-stirling\/"},"modified":"2026-02-11T18:19:27","modified_gmt":"2026-02-11T15:19:27","slug":"lustro-prostokatne-gent-101x66-cm-dab-stirling","status":"publish","type":"product","link":"https:\/\/baldumarket.lt\/lt\/product\/lustro-prostokatne-gent-101x66-cm-dab-stirling\/","title":{"rendered":"GENT sta\u010diakampis veidrodis, 101\u00d766 cm, \u0105\u017euolas Stirlinge"},"content":{"rendered":"<p>\u201eGent\u201c veidrodis \u2013 eleganti\u0161kas interjero elementas. \u201eGent\u201c kolekcija \u2013 tikras malonumas klasikinio interjero m\u0117g\u0117jams, kur paprastumas, subtilios detal\u0117s ir tinkama spalv\u0173 gama sukuria harmoning\u0105 visum\u0105. \u201eGent\u201c veidrodis yra vienas i\u0161 t\u0173 element\u0173, kuris ne tik puo\u0161ia erdv\u0119, bet ir suteikia funkcionalumo. \u201eGent\u201c veidrodis yra b\u016btinas prie\u0161kambario elementas, ta\u010diau jis puikiai atrodys ir svetain\u0117je ar miegamajame. Jo matmenys \u2013 70 \u00d7 100 cm \u2013 leid\u017eia lengvai per\u017ei\u016br\u0117ti vaizd\u0105 ir \u012fvairiai i\u0161d\u0117styti veidrod\u012f. J\u012f galite kabinti tiek vertikaliai, tiek horizontaliai, pritaikydami j\u012f pagal savo pageidavimus ir poreikius. Verta pamin\u0117ti, kad lygus veidrod\u017eio pavir\u0161ius gali vizualiai ap\u0161viesti kambar\u012f, suteikdamas jam erdvumo ir \u0161viesumo poj\u016bt\u012f. Platus \u201eStirling\u201c \u0105\u017euolo r\u0117mas kontrastuoja su baltomis sienomis. \u0160is spalv\u0173 derinys suteikia veidrod\u017eiui elegancijos ir charakterio. Matoma medienos tekst\u016bra ir ra\u0161tas sukuria unikal\u0173 vizualin\u012f efekt\u0105, kuris patraukia d\u0117mes\u012f ir suteikia interjerui i\u0161skirtinumo. \u201eGent\u201c veidrodis puikiai dera prie tos pa\u010dios kolekcijos komodos ar bat\u0173 spintel\u0117s. Verta paeksperimentuoti, nustatyti, kuris i\u0161 \u0161i\u0173 bald\u0173 atrodo geriausiai, kurti darnias kompozicijas ir darniai i\u0161d\u0117styti interjer\u0105. Jei norite sukurti funkcional\u0173 ir darn\u0173 interjer\u0105, verta derinti \u201eGent\u201c veidrod\u012f su kitais kolekcijos baldais. Galite pasirinkti atskirus baldus, kad puikiai pritaikytum\u0117te erdv\u0119 savo poreikiams ir pageidavimams. Trumpai tariant, \u201eGent\u201c veidrodis yra ne tik funkcionalus daiktas, bet ir dekoratyvinis elementas, kuris suteiks j\u016bs\u0173 interjerui elegancijos ir stiliaus. Jo dizainas, unikalus r\u0117mas ir \u012fvairios i\u0161d\u0117stymo galimyb\u0117s daro j\u012f puikiu \u201eGent\u201c kolekcijos papildymu ir suteikia harmonijos j\u016bs\u0173 namams.<\/p>\n<p>Prek\u0117s kodas M244-LUS\/7\/10-DAST Simbolis ZM EAN Plotis 101 cm Gylis 2 cm Auk\u0161tis 66 cm Kolekcija Gent Spalva stirling \u0105\u017euolas Atspalvis tamsi mediena Stilius modernus Gamintojas Juoda Raudona Balta Baldo tipas Veidrod\u017eiai PVM 23% EAN 5906123605359<\/p>","protected":false},"excerpt":{"rendered":"<p>\u201eGent\u201c veidrodis \u2013 eleganti\u0161kas interjero elementas. \u201eGent\u201c kolekcija \u2013 tikras malonumas klasikinio interjero m\u0117g\u0117jams, kur paprastumas, subtilios detal\u0117s ir tinkama spalv\u0173 gama sukuria harmoning\u0105 visum\u0105. \u201eGent\u201c veidrodis yra vienas i\u0161 t\u0173 element\u0173, kuris ne tik puo\u0161ia erdv\u0119, bet ir suteikia jai funkcionalumo. \u201eGent\u201c veidrodis yra [\u2026]<\/p>","protected":false},"featured_media":261719,"comment_status":"open","ping_status":"open","template":"","meta":[],"product_brand":[],"product_cat":[9200,1108],"product_tag":[],"class_list":{"0":"post-261718","1":"product","2":"type-product","3":"status-publish","4":"has-post-thumbnail","6":"product_cat-black-red-white","7":"product_cat-mirrors","9":"first","10":"instock","11":"purchasable","12":"product-type-simple"},"_links":{"self":[{"href":"https:\/\/baldumarket.lt\/lt\/wp-json\/wp\/v2\/product\/261718","targetHints":{"allow":["GET"]}}],"collection":[{"href":"https:\/\/baldumarket.lt\/lt\/wp-json\/wp\/v2\/product"}],"about":[{"href":"https:\/\/baldumarket.lt\/lt\/wp-json\/wp\/v2\/types\/product"}],"replies":[{"embeddable":true,"href":"https:\/\/baldumarket.lt\/lt\/wp-json\/wp\/v2\/comments?post=261718"}],"wp:featuredmedia":[{"embeddable":true,"href":"https:\/\/baldumarket.lt\/lt\/wp-json\/wp\/v2\/media\/261719"}],"wp:attachment":[{"href":"https:\/\/baldumarket.lt\/lt\/wp-json\/wp\/v2\/media?parent=261718"}],"wp:term":[{"taxonomy":"product_brand","embeddable":true,"href":"https:\/\/baldumarket.lt\/lt\/wp-json\/wp\/v2\/product_brand?post=261718"},{"taxonomy":"product_cat","embeddable":true,"href":"https:\/\/baldumarket.lt\/lt\/wp-json\/wp\/v2\/product_cat?post=261718"},{"taxonomy":"product_tag","embeddable":true,"href":"https:\/\/baldumarket.lt\/lt\/wp-json\/wp\/v2\/product_tag?post=261718"}],"curies":[{"name":"wp","href":"https:\/\/api.w.org\/{rel}","templated":true}]}}