{"id":261714,"date":"2026-01-13T23:15:29","date_gmt":"2026-01-13T20:15:29","guid":{"rendered":"https:\/\/baldumarket.lt\/product\/lustro-loksa-andersen-pine-white\/"},"modified":"2026-02-11T18:19:27","modified_gmt":"2026-02-11T15:19:27","slug":"lustro-loksa-andersen-pine-white","status":"publish","type":"product","link":"https:\/\/baldumarket.lt\/lt\/product\/lustro-loksa-andersen-pine-white\/","title":{"rendered":"LOKSA andersen pu\u0161ies baltas veidrodis"},"content":{"rendered":"<p>\u201eLoksa\u201c veidrodis \u2013 prakti\u0161ka ir stilinga dekoracija. \u201eLoksa\u201c kolekcija pasi\u017eymi paprastu, skandinavi\u0161ku stiliumi, kuris skland\u017eiai dera prie \u012fvairi\u0173 interjer\u0173. \u012er\u0117minti fasadai ir metalin\u0117s rankenos yra b\u016bdingi \u0161ios kolekcijos elementai, suteikiantys baldams unikal\u0173 charakter\u012f. Jei svajojate apie greit\u0105, ekonomi\u0161k\u0105 ir efektyv\u0173 b\u016bd\u0105 padidinti ir pagyvinti savo interjer\u0105, \u0161is veidrodis yra puikus sprendimas. \u201eLoksa\u201c veidrodis yra ne tik prakti\u0161kas, bet ir dekoratyvinis elementas, kuris \u012fkv\u0117ps naujos gyvyb\u0117s j\u016bs\u0173 erdvei. Pastatytas ant sienos prie\u0161ais langus, jis vizualiai pa\u0161viesins ir i\u0161pl\u0117s erdv\u0119, o tai yra vienas i\u0161 pagrindini\u0173 interjero dizaino triuk\u0173. \u201eLoksa\u201c veidrodis puikiai papildo svetain\u0119; j\u012f galima pakabinti vir\u0161 komodos arba koridoriuje vir\u0161 bat\u0173 spintel\u0117s. Taip pat galite apsvarstyti galimyb\u0119 pastatyti kelis veidrod\u017eius greta, sukurdami ry\u0161k\u0173 dekoratyvin\u012f efekt\u0105 ir dar labiau atverdami erdv\u0119. Veidrod\u017eio spalv\u0173 gama dera su likusia \u201eLoksa\u201c kolekcijos dalimi, suteikdama visam interjerui vientisumo. \u017dvilgantis veidrodis \u012fr\u0117mintas baltos \u201eAndersen\u201c pu\u0161ies medienos, o vir\u0161utin\u0117 plok\u0161t\u0117 \u2013 \u201eGrandson\u201c \u0105\u017euolo atspalvio, atkartojan\u010dio \u0161ios kolekcijos bald\u0173 stalvir\u0161ius. \u201eLoksa\u201c veidrod\u017eio matmenys yra 90,5 x 96 cm, tod\u0117l j\u012f galima kabinti \u012fvairiose erdv\u0117se. Jis papildys siaur\u0105 komod\u0105 ar bat\u0173 spintel\u0119 arba gali tapti ry\u0161kiu dekoratyviniu elementu, ypa\u010d derinamas su kitais \u201eLoksa\u201c kolekcijos baldais. Tai prakti\u0161kas baldas, kuris pakeis j\u016bs\u0173 interjer\u0105 ir suteiks jam nauj\u0105 dimensij\u0105.<\/p>\n<p>Prek\u0117s kodas S455-LUS\/96-APW Simbolis ZM EAN Plotis 96 cm Gylis 4 cm Auk\u0161tis 90,5 cm Kolekcija Loksa Spalva andersen pu\u0161is balta Atspalvis \u0161viesus medis Stilius Skandinavi\u0161kas Med\u017eiaga laminatas Gamintojas Juoda Raudona Balta Bald\u0173 tipas Lovos PVM 23% EAN 5906123607438<\/p>","protected":false},"excerpt":{"rendered":"<p>\u201eLoksa\u201c veidrodis \u2013 prakti\u0161ka ir stilinga dekoracija. \u201eLoksa\u201c kolekcija pasi\u017eymi paprastu, skandinavi\u0161ku stiliumi, kuris skland\u017eiai dera prie \u012fvairi\u0173 interjer\u0173. \u012er\u0117minti fasadai ir metalin\u0117s rankenos yra b\u016bdingi \u0161ios kolekcijos elementai, suteikiantys baldams unikal\u0173 charakter\u012f. Jei svajojate apie greit\u0105, ekonomi\u0161k\u0105 ir efektyv\u0173 b\u016bd\u0105 padidinti ir [\u2026]<\/p>","protected":false},"featured_media":261715,"comment_status":"open","ping_status":"open","template":"","meta":[],"product_brand":[],"product_cat":[9200,1108],"product_tag":[],"class_list":{"0":"post-261714","1":"product","2":"type-product","3":"status-publish","4":"has-post-thumbnail","6":"product_cat-black-red-white","7":"product_cat-mirrors","9":"first","10":"instock","11":"purchasable","12":"product-type-simple"},"_links":{"self":[{"href":"https:\/\/baldumarket.lt\/lt\/wp-json\/wp\/v2\/product\/261714","targetHints":{"allow":["GET"]}}],"collection":[{"href":"https:\/\/baldumarket.lt\/lt\/wp-json\/wp\/v2\/product"}],"about":[{"href":"https:\/\/baldumarket.lt\/lt\/wp-json\/wp\/v2\/types\/product"}],"replies":[{"embeddable":true,"href":"https:\/\/baldumarket.lt\/lt\/wp-json\/wp\/v2\/comments?post=261714"}],"wp:featuredmedia":[{"embeddable":true,"href":"https:\/\/baldumarket.lt\/lt\/wp-json\/wp\/v2\/media\/261715"}],"wp:attachment":[{"href":"https:\/\/baldumarket.lt\/lt\/wp-json\/wp\/v2\/media?parent=261714"}],"wp:term":[{"taxonomy":"product_brand","embeddable":true,"href":"https:\/\/baldumarket.lt\/lt\/wp-json\/wp\/v2\/product_brand?post=261714"},{"taxonomy":"product_cat","embeddable":true,"href":"https:\/\/baldumarket.lt\/lt\/wp-json\/wp\/v2\/product_cat?post=261714"},{"taxonomy":"product_tag","embeddable":true,"href":"https:\/\/baldumarket.lt\/lt\/wp-json\/wp\/v2\/product_tag?post=261714"}],"curies":[{"name":"wp","href":"https:\/\/api.w.org\/{rel}","templated":true}]}}