{"id":261702,"date":"2026-01-13T23:15:19","date_gmt":"2026-01-13T20:15:19","guid":{"rendered":"https:\/\/baldumarket.lt\/product\/lozko-z-szufladami-i-polka-homeland-100x200-cm-bialy-dab-artisan\/"},"modified":"2026-02-11T18:19:27","modified_gmt":"2026-02-11T15:19:27","slug":"lozko-z-szufladami-i-polka-homeland-100x200-cm-bialy-dab-artisan","status":"publish","type":"product","link":"https:\/\/baldumarket.lt\/lt\/product\/lozko-z-szufladami-i-polka-homeland-100x200-cm-bialy-dab-artisan\/","title":{"rendered":"\u201eT\u0117vyn\u0117\u201c lova su stal\u010diais ir lentyna, 100\u00d7200 cm, balta\/artisan \u0105\u017euolo spalvos"},"content":{"rendered":"<p>\u2019Homeland\u201c lova \u2013 puikiai tinka miegui ir daikt\u0173 laikymui. \u201eHomeland\u201c kolekcija derina universal\u0173 ir nat\u016bral\u0173 dizain\u0105 su prakti\u0161kais sprendimais. Baldai i\u0161siskiria dekoratyvia med\u017eio tekst\u016bra ir nesenstan\u010dia balta spalva, tod\u0117l puikiai dera prie gamtos \u012fkv\u0117pt\u0173, pavyzd\u017eiui, skandinavi\u0161ko stiliaus, interjere. Matmenys ir funkcionalumas Miegamasis plotas: 100 \u00d7 200 cm Bendri lovos matmenys: 105 \u00d7 205 cm Lova \u201eHomeland\u201c si\u016blo: 2 skirting\u0173 dyd\u017ei\u0173 stal\u010dius su \u0161velniu u\u017edarymu, idealiai tinkan\u010dius patalynei, antklod\u0117ms ar kitiems daiktams laikyti Atvir\u0105 lentyn\u0105, ant kurios galite pad\u0117ti knygas ar kitus daiktus Dizainas ir med\u017eiagos Spalvos: \u0161ilto meni\u0161ko \u0105\u017euolo atspalvio ir klasikin\u0117s baltos spalvos derinys, suteikiantis baldams eleganti\u0161k\u0105 ir moderni\u0105 i\u0161vaizd\u0105 Med\u017eiagos: pagaminta i\u0161 laminuotos plok\u0161t\u0117s, kuri u\u017etikrina patvarum\u0105 ir lengv\u0105 valym\u0105 Papildomos parinktys: u\u017e papildom\u0105 mokest\u012f galima \u012fsigyti 100 \u00d7 200 cm r\u0117m\u0105 ir \u010diu\u017ein\u012f. Lovos privalumai Puikiai tinka ma\u017eesniems kambariams arba studijos tipo apartamentams, kur reikia papildomos vietos daiktams laikyti. Malonus dizainas, kuris puikiai tiks tiek suaugusi\u0173j\u0173, tiek paaugli\u0173 kambariuose. Prakti\u0161kas sprendimas, derinantis miegojimo ir daikt\u0173 laikymo funkcijas, padedantis palaikyti tvark\u0105. Santrauka: Lova \u201eHomeland\u201c \u2013 funkcionalus ir modernus baldas, puikiai tinkantis \u012fvairiems interjerams. D\u0117l gerai apgalvoto stal\u010di\u0173 ir lentyn\u0173 i\u0161d\u0117stymo, eleganti\u0161ko dizaino ir patvari\u0173 med\u017eiag\u0173 ji ne tik palengvina erdv\u0117s organizavim\u0105, bet ir yra esteti\u0161kai patrauklus dizaino elementas. \u0160i\u0105 modernaus stiliaus lov\u0105 galima derinti su kitais \u201eHomeland\u201c kolekcijos baldais, sukuriant darni\u0105 ir harmoning\u0105 miegojimo ir daikt\u0173 laikymo erdv\u0119.<\/p>\n<p>Prek\u0117s kodas S595-LOZ2S-BI\/DASN Ilgis 205 cm Plotis 105 cm Auk\u0161tis 72 cm Kolekcija \u201eHomeland\u201c Spalva balta\/artisan \u0105\u017euolas Gaubtas \u0161viesi mediena Stilius modernus Med\u017eiaga laminatas Miegamoji funkcija su miegam\u0105ja funkcija Miegamoji dalis 100\u00d7200 Stal\u010di\u0173 skai\u010dius 2 stal\u010diai Gamintojas Juoda Raudona Balta Bald\u0173 tipas Lovos PVM 23% EAN 5906123037198<\/p>","protected":false},"excerpt":{"rendered":"<p>\u201eHomeland\u201c lova \u2013 puikiai tinka miegui ir daikt\u0173 laikymui. \u201eHomeland\u201c kolekcijoje derinamas universalus ir nat\u016bralus dizainas su prakti\u0161kais sprendimais. Baldams b\u016bdinga dekoratyvi med\u017eio tekst\u016bra ir nesenstanti balta spalva, tod\u0117l jie puikiai dera prie gamtos \u012fkv\u0117pt\u0173 kompozicij\u0173, pavyzd\u017eiui, skandinavi\u0161ko stiliaus. Matmenys ir funkcionalumas. Miegamasis plotas: 100 \u00d7 200 cm [\u2026]<\/p>","protected":false},"featured_media":261703,"comment_status":"open","ping_status":"open","template":"","meta":[],"product_brand":[],"product_cat":[9200,505],"product_tag":[],"class_list":{"0":"post-261702","1":"product","2":"type-product","3":"status-publish","4":"has-post-thumbnail","6":"product_cat-black-red-white","7":"product_cat-bedroom-beds","9":"first","10":"instock","11":"purchasable","12":"product-type-simple"},"_links":{"self":[{"href":"https:\/\/baldumarket.lt\/lt\/wp-json\/wp\/v2\/product\/261702","targetHints":{"allow":["GET"]}}],"collection":[{"href":"https:\/\/baldumarket.lt\/lt\/wp-json\/wp\/v2\/product"}],"about":[{"href":"https:\/\/baldumarket.lt\/lt\/wp-json\/wp\/v2\/types\/product"}],"replies":[{"embeddable":true,"href":"https:\/\/baldumarket.lt\/lt\/wp-json\/wp\/v2\/comments?post=261702"}],"wp:featuredmedia":[{"embeddable":true,"href":"https:\/\/baldumarket.lt\/lt\/wp-json\/wp\/v2\/media\/261703"}],"wp:attachment":[{"href":"https:\/\/baldumarket.lt\/lt\/wp-json\/wp\/v2\/media?parent=261702"}],"wp:term":[{"taxonomy":"product_brand","embeddable":true,"href":"https:\/\/baldumarket.lt\/lt\/wp-json\/wp\/v2\/product_brand?post=261702"},{"taxonomy":"product_cat","embeddable":true,"href":"https:\/\/baldumarket.lt\/lt\/wp-json\/wp\/v2\/product_cat?post=261702"},{"taxonomy":"product_tag","embeddable":true,"href":"https:\/\/baldumarket.lt\/lt\/wp-json\/wp\/v2\/product_tag?post=261702"}],"curies":[{"name":"wp","href":"https:\/\/api.w.org\/{rel}","templated":true}]}}