{"id":261698,"date":"2026-01-13T23:15:15","date_gmt":"2026-01-13T20:15:15","guid":{"rendered":"https:\/\/baldumarket.lt\/product\/lozko-z-pojemnikiem-i-podnoszonym-stelazem-ostia-145-cm-dab-artisan-czarny-blask\/"},"modified":"2026-02-11T18:19:27","modified_gmt":"2026-02-11T15:19:27","slug":"lozko-z-pojemnikiem-i-podnoszonym-stelazem-ostia-145-cm-dab-artisan-czarny-blask","status":"publish","type":"product","link":"https:\/\/baldumarket.lt\/lt\/product\/lozko-z-pojemnikiem-i-podnoszonym-stelazem-ostia-145-cm-dab-artisan-czarny-blask\/","title":{"rendered":"OSTIA lova su daiktad\u0117\u017ee ir pak\u0117limo r\u0117mu 145 cm, \u0105\u017euolo dirbiniai \/ juodos spalvos blizgios spalvos"},"content":{"rendered":"<p>\u201eOstia 140\u201c lova \u2013 patogus miegas ir funkcionalumas viename. \u201eOstia\u201c lova, kurios miegamojo dydis yra 140 x 200 cm, ne tik garantuoja patog\u0173 mieg\u0105, bet ir si\u016blo daugyb\u0119 kit\u0173 privalum\u0173, kurie pakeis j\u016bs\u0173 miego aplink\u0105. \u0160i lova derina paprast\u0105 form\u0105 ir elegancij\u0105, d\u017eiugindama jus ne tik savo i\u0161vaizda, bet ir universalumu bei funkcionalumu. Rinkit\u0117s bald\u0105, kuris ne tik u\u017etikrins ger\u0105 mieg\u0105, bet ir supaprastins j\u016bs\u0173 kasdienyb\u0119. \u201eOstia\u201c lova turi \u012fmontuot\u0105 r\u0117m\u0105 su spyruoklin\u0117mis grotel\u0117mis ir didel\u0119 daiktad\u0117\u017e\u0119 apa\u010dioje. \u0160is r\u0117mas tvirtinamas ant skland\u017eiai veikian\u010di\u0173 dujini\u0173 keltuv\u0173, o tai rei\u0161kia, kad galite j\u012f pakelti i\u0161 lovos \u0161ono ir patekti \u012f viet\u0105, kurioje galite patogiai laikyti \u012fvairius daiktus, tokius kaip patalyn\u0117, pagalv\u0117s, antklod\u0117s ar net j\u016bs\u0173 vaiko \u017eaislai. Tai puikus sprendimas norint palaikyti tvark\u0105 miegamajame. Jei jums reikia dar daugiau vietos daiktams susid\u0117ti, papildomas daiktad\u0117\u017e\u0117s skyrius, esantis lovos priekyje, yra puikus sprendimas. Jis pasl\u0117ptas po s\u0117dyne, tod\u0117l joje patogu laikyti \u012fvairius daiktus, o vakare pasiruo\u0161ti miegui ar ryte darbui. Lova \u201e140 Ostia\u201c, pagaminta i\u0161 \u0105\u017euolo, pasi\u017eymi auk\u0161tu, juodos spalvos apmu\u0161tu galv\u016bgaliu su \u012fsp\u016bdingomis horizontaliomis si\u016bl\u0117mis. Tiek galv\u016bgalyje, tiek s\u0117dyn\u0117je naudojamas juodas, dilimui atsparus \u201eSolar 99\u201c audinys, sukuriantis darn\u0173 ir modern\u0173 vaizd\u0105. Verta pamin\u0117ti, kad lova komplektuojama be \u010diu\u017einio, tod\u0117l galite laisvai rinktis model\u012f, kuris geriausiai atitinka j\u016bs\u0173 poreikius ir pageidavimus. Jei norite sukurti darn\u0173 miegamojo interjer\u0105, apsvarstykite kitus \u201eOstia\u201c serijos baldus, kurie puikiai papildys j\u016bs\u0173 svetain\u0117s, darbo kambario ar miegamojo interjer\u0105 ir sukurs harmoning\u0105 visum\u0105. Lova \u201e140 Ostia\u201c \u2013 tai ne tik vieta miegoti, bet ir prakti\u0161kas baldas, palengvinantis daikt\u0173 laikym\u0105 ir organizavim\u0105 miegamajame.<\/p>\n<p>Prek\u0117s kodas S467-LOZ\/140\/B-DASN\/T1706C99G00 Simbolis ZM EAN Ilgis 242,5 cm Plotis 147 cm Auk\u0161tis 48,5\u2013100,5 cm Kolekcija Ostia Spalva meni\u0161kas \u0105\u017euolas\/SOLAR_99_BLACK Gaubtas \u0161viesi mediena Stilius modernus Miegamoji funkcija su miegam\u0105ja funkcija Miegamoji dalis 140 \u00d7 200 Indas su indu Gamintojas Juoda Raudona Balta Bald\u0173 tipas Lovos PVM mokestis 23% EAN 5906123705028<\/p>","protected":false},"excerpt":{"rendered":"<p>Lova \u201eOstia 140\u201c \u2013 patogus miegas ir funkcionalumas viename. Lova \u201eOstia\u201c, kurios miegamojo dydis yra 140 x 200 cm, ne tik garantuoja patog\u0173 mieg\u0105, bet ir si\u016blo daugyb\u0119 kit\u0173 privalum\u0173, kurie pakeis j\u016bs\u0173 miego aplink\u0105. \u0160i lova sujungia paprast\u0105 form\u0105 ir elegancij\u0105, d\u017eiugindama jus ne tik savo [\u2026]<\/p>","protected":false},"featured_media":261699,"comment_status":"open","ping_status":"open","template":"","meta":[],"product_brand":[],"product_cat":[9200,505],"product_tag":[],"class_list":{"0":"post-261698","1":"product","2":"type-product","3":"status-publish","4":"has-post-thumbnail","6":"product_cat-black-red-white","7":"product_cat-bedroom-beds","9":"first","10":"instock","11":"purchasable","12":"product-type-simple"},"_links":{"self":[{"href":"https:\/\/baldumarket.lt\/lt\/wp-json\/wp\/v2\/product\/261698","targetHints":{"allow":["GET"]}}],"collection":[{"href":"https:\/\/baldumarket.lt\/lt\/wp-json\/wp\/v2\/product"}],"about":[{"href":"https:\/\/baldumarket.lt\/lt\/wp-json\/wp\/v2\/types\/product"}],"replies":[{"embeddable":true,"href":"https:\/\/baldumarket.lt\/lt\/wp-json\/wp\/v2\/comments?post=261698"}],"wp:featuredmedia":[{"embeddable":true,"href":"https:\/\/baldumarket.lt\/lt\/wp-json\/wp\/v2\/media\/261699"}],"wp:attachment":[{"href":"https:\/\/baldumarket.lt\/lt\/wp-json\/wp\/v2\/media?parent=261698"}],"wp:term":[{"taxonomy":"product_brand","embeddable":true,"href":"https:\/\/baldumarket.lt\/lt\/wp-json\/wp\/v2\/product_brand?post=261698"},{"taxonomy":"product_cat","embeddable":true,"href":"https:\/\/baldumarket.lt\/lt\/wp-json\/wp\/v2\/product_cat?post=261698"},{"taxonomy":"product_tag","embeddable":true,"href":"https:\/\/baldumarket.lt\/lt\/wp-json\/wp\/v2\/product_tag?post=261698"}],"curies":[{"name":"wp","href":"https:\/\/api.w.org\/{rel}","templated":true}]}}