{"id":261682,"date":"2026-01-13T23:15:00","date_gmt":"2026-01-13T20:15:00","guid":{"rendered":"https:\/\/baldumarket.lt\/product\/lozko-z-pojemnikiem-forn-1695-cm-bialy-polysk\/"},"modified":"2026-02-11T18:19:28","modified_gmt":"2026-02-11T15:19:28","slug":"lozko-z-pojemnikiem-forn-1695-cm-bialy-polysk","status":"publish","type":"product","link":"https:\/\/baldumarket.lt\/lt\/product\/lozko-z-pojemnikiem-forn-1695-cm-bialy-polysk\/","title":{"rendered":"FORN lova su daiktad\u0117\u017ee, 169,5 cm, balta, blizgi"},"content":{"rendered":"<p>160 Forn lova \u2013 unikaliai miegamojo atmosferai. Miegamasis yra vieta, kur praleid\u017eiate daug brangi\u0173 akimirk\u0173, tod\u0117l lova yra pagrindinis jo baldo elementas. Jei ie\u0161kote lovos, kuri ne tik u\u017etikrint\u0173 patog\u0173 mieg\u0105, bet ir sukurt\u0173 unikali\u0105 atmosfer\u0105, 160 Forn lova i\u0161 \u201eForn\u201c kolekcijos yra puikus pasirinkimas. Ji praturtins j\u016bs\u0173 miegamojo erdv\u0119, o j\u016bs\u0173 miegas bus tikrai atkuriantis j\u0117gas. \u0160tai kod\u0117l verta apsvarstyti \u0161i\u0105 i\u0161skirtin\u0119 lov\u0105. Pirmas dalykas, kuris patraukia j\u016bs\u0173 d\u0117mes\u012f pasirinkus 160 Forn lov\u0105, yra auk\u0161ta kokyb\u0117 ir d\u0117mesys kiekvienai detalei. \u0160is baldas pasi\u017eymi tvirta konstrukcija ir ilgaam\u017ei\u0161kumu. Viena i\u0161 praktini\u0173 savybi\u0173 \u2013 skyrius sezoniniams drabu\u017eiams ar papildomai patalynei. Tai palaiko tvark\u0105 j\u016bs\u0173 miegamajame, o papildomi daiktai visada bus po ranka. Papildomas \u201eForn\u201c lovos privalumas yra jos r\u0117mas, pagr\u012fstas dujiniais keltuvais. \u0160is sprendimas leid\u017eia itin patogiai pakelti \u010diu\u017ein\u012f ir pasiekti erdv\u0119 po lova. Galite lengvai laikyti daiktus, kuri\u0173 nenaudojate da\u017enai, ir tuo pa\u010diu metu juos lengvai pasiekti, kai j\u0173 prireikia. Modern\u0173 \u201eForn\u201c kolekcijos stili\u0173 dar labiau sustiprina lovos spalv\u0173 pasirinkimas, kad atitikt\u0173 j\u016bs\u0173 skon\u012f ir miegamojo interjer\u0105. Galite rinktis i\u0161 keturi\u0173 variant\u0173: blizgios baltos, tamsaus \u201eDelano\u201c \u0105\u017euolo su matine juoda spalva, tamsaus \u201eDelano\u201c \u0105\u017euolo su blizgia balta spalva ir blizgios baltos su matine juoda spalva. U\u017etikrinkite sveik\u0105 ir patog\u0173 mieg\u0105, kuris leis jums prad\u0117ti kiekvien\u0105 nauj\u0105 dien\u0105 su \u0161ypsena. I\u0161 \u201eForn\u201c kolekcijos rinkit\u0117s 160 \u201eForn\u201c lov\u0105 ir m\u0117gaukit\u0117s ne tik kokybi\u0161ku miegu, bet ir unikaliu stiliumi bei funkcionalumu. \u017dinoma, atminkite, kad \u012f lovos kain\u0105 ne\u012feina \u010diu\u017einys, tod\u0117l galite j\u012f pritaikyti pagal savo individualius pageidavimus.<\/p>\n<p>Prek\u0117s kodas S471-LOZ\/160\/B-BIP Simbolis ZM EAN Ilgis 206 cm Plotis 169,5 cm Auk\u0161tis 98,5\/43 cm Kolekcija Forn Spalva balta blizgi Atspalvis baltas Stilius modernus Miegamoji funkcija su miegojimo funkcija Miegamoji dalis 160\u00d7200 Indas su indu Gamintojas Juoda Raudona Balta Bald\u0173 tipas Lovos PVM 23% EAN 5906123705677<\/p>","protected":false},"excerpt":{"rendered":"<p>160 Forn lova \u2013 unikaliai miegamojo atmosferai. Miegamasis yra vieta, kur praleid\u017eiate daug brangi\u0173 akimirk\u0173, tod\u0117l lova yra pagrindinis jo baldo elementas. Jei ie\u0161kote lovos, kuri ne tik u\u017etikrint\u0173 patog\u0173 mieg\u0105, bet ir sukurt\u0173 unikali\u0105 atmosfer\u0105, 160 Forn lova i\u0161 [\u2026]<\/p>","protected":false},"featured_media":261683,"comment_status":"open","ping_status":"open","template":"","meta":[],"product_brand":[],"product_cat":[9200,505],"product_tag":[],"class_list":{"0":"post-261682","1":"product","2":"type-product","3":"status-publish","4":"has-post-thumbnail","6":"product_cat-black-red-white","7":"product_cat-bedroom-beds","9":"first","10":"instock","11":"purchasable","12":"product-type-simple"},"_links":{"self":[{"href":"https:\/\/baldumarket.lt\/lt\/wp-json\/wp\/v2\/product\/261682","targetHints":{"allow":["GET"]}}],"collection":[{"href":"https:\/\/baldumarket.lt\/lt\/wp-json\/wp\/v2\/product"}],"about":[{"href":"https:\/\/baldumarket.lt\/lt\/wp-json\/wp\/v2\/types\/product"}],"replies":[{"embeddable":true,"href":"https:\/\/baldumarket.lt\/lt\/wp-json\/wp\/v2\/comments?post=261682"}],"wp:featuredmedia":[{"embeddable":true,"href":"https:\/\/baldumarket.lt\/lt\/wp-json\/wp\/v2\/media\/261683"}],"wp:attachment":[{"href":"https:\/\/baldumarket.lt\/lt\/wp-json\/wp\/v2\/media?parent=261682"}],"wp:term":[{"taxonomy":"product_brand","embeddable":true,"href":"https:\/\/baldumarket.lt\/lt\/wp-json\/wp\/v2\/product_brand?post=261682"},{"taxonomy":"product_cat","embeddable":true,"href":"https:\/\/baldumarket.lt\/lt\/wp-json\/wp\/v2\/product_cat?post=261682"},{"taxonomy":"product_tag","embeddable":true,"href":"https:\/\/baldumarket.lt\/lt\/wp-json\/wp\/v2\/product_tag?post=261682"}],"curies":[{"name":"wp","href":"https:\/\/api.w.org\/{rel}","templated":true}]}}