{"id":261674,"date":"2026-01-13T23:14:52","date_gmt":"2026-01-13T20:14:52","guid":{"rendered":"https:\/\/baldumarket.lt\/product\/lozko-z-materacem-i-stelazem-nepo-plus-140x200-cm-dab-noble\/"},"modified":"2026-02-11T18:19:28","modified_gmt":"2026-02-11T15:19:28","slug":"lozko-z-materacem-i-stelazem-nepo-plus-140x200-cm-dab-noble","status":"publish","type":"product","link":"https:\/\/baldumarket.lt\/lt\/product\/lozko-z-materacem-i-stelazem-nepo-plus-140x200-cm-dab-noble\/","title":{"rendered":"Lova su \u010diu\u017einiu ir r\u0117mu NEPO PLUS 140\u00d7200 cm, kilnus \u0105\u017euolas"},"content":{"rendered":"<p>Tobulas trejetas \u2013 \u201eNepo Plus\u201c lova, \u201eErgo Basic\u201c r\u0117mas ir \u201eCeres AV\u201c \u010diu\u017einys. \u201eNepo Plus\u201c komplektas \u2013 tai unikalus funkcionalumo, modernaus dizaino ir miego komforto derinys. Jis puikiai tinka vaiko kambariui, paauglio kambariui ar miegamajam, nes u\u017etikrina ir komfort\u0105, ir estetik\u0105. Komfortas ir funkcionalumas.<br \/>\n140 \u00d7 200 cm dyd\u017eio \u201eNepo Plus\u201c lova pasi\u017eymi prakti\u0161ku galv\u016bgaliu, kuris suteikia patogi\u0105 nugaros atram\u0105 vakare skaitant ar ilsintis. Lovos r\u0117mas padengtas \u012fbr\u0117\u017eimams atspariu laminatu, tod\u0117l idealiai tinka vaiko ar paauglio kambariui. Pasirinktinai lovoje gali b\u016bti trys prakti\u0161ki stal\u010diai, kurie padeda sutvarkyti erdv\u0119 ir susid\u0117ti patalyn\u0119 bei kitus smulkius daiktus. Stilius ir patvarumas<br \/>\nModernus, minimalistinis \u201eNepo Plus\u201c lovos, pagamintos i\u0161 kilnaus \u0105\u017euolo atspalvio, dizainas dera prie \u012fvairi\u0173 interjero dizain\u0173. \u201eErgo Basic\u201c r\u0117mas, pagamintas i\u0161 laminuotos medienos, turi 34 tvirtas ber\u017eo lenteles, kurios palaiko \u010diu\u017ein\u012f ir suteikia papildom\u0105 mink\u0161tum\u0105. \u201eCeres AV\u201c \u010diu\u017einys su 7 komforto zonomis, sutvirtintas ki\u0161enin\u0117mis spyruokl\u0117mis ir nat\u016bralaus kokoso pluo\u0161to sluoksniu, pasi\u017eymi tvirtumu ir ta\u0161kiniu elastingumu, idealiai tinkan\u010diu sveikam ir atkurian\u010diam miegui. Komplekto ypatyb\u0117s: \u201eNepo Plus\u201c lova: matmenys 145 \u00d7 204,5 \u00d7 47,5\u201385,5 cm, kilnaus \u0105\u017euolo spalva, galv\u016bgalis ir pasirinktinai stal\u010diai. \u201eErgo Basic\u201c r\u0117mas: ber\u017eo mediena, 34 lentel\u0117s, auk\u0161tis 3 cm, keliamoji galia iki 130 kg kiekvienai pusei. \u201eCeres AV\u201c \u010diu\u017einys: ki\u0161enin\u0117s spyruokl\u0117s su 7 komforto zonomis, kokoso pluo\u0161to sluoksnis, plaunamas alavijo u\u017evalkalas. Laminuotas lovos pavir\u0161ius: atsparus \u012fbr\u0117\u017eimams ir lengvai valomas. \u010ciu\u017einio kietumas: kietas \u2013 idealiai tinka tiems, kurie teikia pirmenyb\u0119 stabiliai atramai. Santrauka<br \/>\n\u201eNepo Plus\u201c komplektas \u2013 puikus sprendimas tiems, kurie vertina stili\u0173 ir funkcionalum\u0105 savo miegamajame. Lova su galv\u016bgaliu, \u201eErgo Basic\u201c r\u0117mas ir auk\u0161tos kokyb\u0117s \u201eCeres AV\u201c \u010diu\u017einys u\u017etikrina komfort\u0105 ir ilgaam\u017ei\u0161kum\u0105 ilgus metus. D\u0117l minimalistin\u0117s formos ir moderni\u0173 sprendim\u0173 \u0161is komplektas harmoningai der\u0117s prie bet kokio interjero dizaino.<\/p>\n<p>Prek\u0117s kodas S435-LOZ3S+CERES+STEL-DNO Ilgis 204,5 cm Plotis 145,5 cm Auk\u0161tis 47,5-85,5 cm Kolekcija \u201eNepo Plus\u201c Spalva kilnus \u0105\u017euolas Atspalvis tamsi mediena Stilius modernus Med\u017eiaga laminatas Miegamoji funkcija su miegam\u0105ja funkcija Miegamoji dalis 140\u00d7200 Papildomas konteineris Gamintojas Juoda Raudona Balta Bald\u0173 tipas Lovos PVM 23% EAN 5906123051774<\/p>","protected":false},"excerpt":{"rendered":"<p>Tobulas trejetas \u2013 \u201eNepo Plus\u201c lova, \u201eErgo Basic\u201c r\u0117mas ir \u201eCeres AV\u201c \u010diu\u017einys. \u201eNepo Plus\u201c komplektas \u2013 tai unikalus funkcionalumo, modernaus dizaino ir miego komforto derinys. Puikiai tinkantis vaiko kambariui, paauglio kambariui ar miegamajam, jis pasi\u017eymi ir komfortu, ir estetika. Patogumas ir funkcionalumas. 140 \u00d7 200 cm dyd\u017eio \u201eNepo Plus\u201c lova pasi\u017eymi [\u2026]<\/p>","protected":false},"featured_media":261675,"comment_status":"open","ping_status":"open","template":"","meta":[],"product_brand":[],"product_cat":[9200,505],"product_tag":[],"class_list":{"0":"post-261674","1":"product","2":"type-product","3":"status-publish","4":"has-post-thumbnail","6":"product_cat-black-red-white","7":"product_cat-bedroom-beds","9":"first","10":"instock","11":"purchasable","12":"product-type-simple"},"_links":{"self":[{"href":"https:\/\/baldumarket.lt\/lt\/wp-json\/wp\/v2\/product\/261674","targetHints":{"allow":["GET"]}}],"collection":[{"href":"https:\/\/baldumarket.lt\/lt\/wp-json\/wp\/v2\/product"}],"about":[{"href":"https:\/\/baldumarket.lt\/lt\/wp-json\/wp\/v2\/types\/product"}],"replies":[{"embeddable":true,"href":"https:\/\/baldumarket.lt\/lt\/wp-json\/wp\/v2\/comments?post=261674"}],"wp:featuredmedia":[{"embeddable":true,"href":"https:\/\/baldumarket.lt\/lt\/wp-json\/wp\/v2\/media\/261675"}],"wp:attachment":[{"href":"https:\/\/baldumarket.lt\/lt\/wp-json\/wp\/v2\/media?parent=261674"}],"wp:term":[{"taxonomy":"product_brand","embeddable":true,"href":"https:\/\/baldumarket.lt\/lt\/wp-json\/wp\/v2\/product_brand?post=261674"},{"taxonomy":"product_cat","embeddable":true,"href":"https:\/\/baldumarket.lt\/lt\/wp-json\/wp\/v2\/product_cat?post=261674"},{"taxonomy":"product_tag","embeddable":true,"href":"https:\/\/baldumarket.lt\/lt\/wp-json\/wp\/v2\/product_tag?post=261674"}],"curies":[{"name":"wp","href":"https:\/\/api.w.org\/{rel}","templated":true}]}}