{"id":261658,"date":"2026-01-13T23:14:38","date_gmt":"2026-01-13T20:14:38","guid":{"rendered":"https:\/\/baldumarket.lt\/product\/lozko-z-3-szufladami-boro-90x200-bialy\/"},"modified":"2026-02-11T18:19:28","modified_gmt":"2026-02-11T15:19:28","slug":"lozko-z-3-szufladami-boro-90x200-bialy","status":"publish","type":"product","link":"https:\/\/baldumarket.lt\/lt\/product\/lozko-z-3-szufladami-boro-90x200-bialy\/","title":{"rendered":"Lova su 3 stal\u010diais Boro 90\u00d7200 balta"},"content":{"rendered":"<p>\u2019Boro\u201c lova \u2013 tobulas sprendimas vaiko kambariui. Vaiko kambario sutvarkymas \u2013 i\u0161\u0161\u016bkis, reikalaujantis funkcionalumo ir tvarkos. Balta \u201eBoro\u201c viengul\u0117 lova su trimis stal\u010diais \u2013 puiki vieta atsipalaiduoti ir pasid\u0117ti daug vietos daiktams. D\u0117l universalaus dizaino ji yra idealus pasirinkimas ilgus metus. Ypatingos savyb\u0117s: Patogus miegas: 90 x 200 cm miegojimo pavir\u0161ius suteikia komforto ir erdv\u0117s j\u016bs\u0173 vaikui ramiai i\u0161simiegoti, o \u010diu\u017ein\u012f galima reguliuoti pagal j\u016bs\u0173 pageidavimus. Funkcionalumas: Viename i\u0161 stal\u010di\u0173 yra i\u0161traukiama lentyna, kuri taip pat gali b\u016bti naudojama kaip naktinis staliukas, puikiai tinkantis skaitymo lempai ar stiklinei vandens. Kiti du stal\u010diai suteikia prakti\u0161k\u0105 viet\u0105 patalynei, pagalv\u0117ms ar kitiems smulkiems daiktams laikyti. Pritaikymas: Stal\u010dius galima montuoti kair\u0117je arba de\u0161in\u0117je lovos pus\u0117je, tod\u0117l baldus galite pritaikyti prie savo kambario i\u0161planavimo. \u201eBoro\u201c lova yra idealus sprendimas tiek vaik\u0173, tiek paaugli\u0173 kambariams. Nesenstantis dizainas: Paprastas lovos dizainas dera prie \u012fvairi\u0173 interjer\u0173, o klasikin\u0117 i\u0161vaizda paver\u010dia j\u0105 prakti\u0161ku dizaino elementu ilgus metus, neatsi\u017evelgiant \u012f besikei\u010diant\u012f vaiko skon\u012f. Spalv\u0173 pasirinkimas: Lova yra dviej\u0173 spalv\u0173 \u2013 Sonoma \u0105\u017euolo ir baltos. Abu variantai suteikia neutral\u0173 pagrind\u0105, puikiai derant\u012f prie bet koki\u0173 aksesuar\u0173 ir bald\u0173. \u201eBoro\u201c lova \u2013 tai funkcionalus sprendimas, kuris \u012f vaiko ar paauglio kambar\u012f \u012fne\u0161 tvarkos ir stiliaus. Atkreipkite d\u0117mes\u012f, kad \u010diu\u017einys ir r\u0117mas \u012f komplekt\u0105 ne\u012feina.<\/p>\n<p>Prek\u0117s kodas POL\/BORO-LOZ3S\/90A-BI Ilgis 204 cm Plotis 95 cm Auk\u0161tis 65 cm Kolekcija Boro Spalva balta Atspalvis baltas Stilius modernus Med\u017eiaga laminatas Miegamoji funkcija su miegam\u0105ja funkcija Miegamoji dalis 90\u00d7200 Indas su indu Stal\u010di\u0173 skai\u010dius 3 stal\u010diai Gamintojas Juoda Raudona Balta Bald\u0173 tipas Lovos PVM mokestis 23% EAN 5906123037273<\/p>","protected":false},"excerpt":{"rendered":"<p>\u201eBoro\u201c lova \u2013 tobulas sprendimas vaiko kambariui. Vaiko kambario sutvarkymas yra i\u0161\u0161\u016bkis, reikalaujantis funkcionalumo ir tvarkos. Balta \u201eBoro\u201c viengul\u0117 lova su trimis stal\u010diais yra puiki vieta atsipalaiduoti ir pasid\u0117ti daug daikt\u0173. D\u0117l universalaus dizaino ji yra idealus pasirinkimas ateinantiems metams. Ypatingos savyb\u0117s: [\u2026]<\/p>","protected":false},"featured_media":261659,"comment_status":"open","ping_status":"open","template":"","meta":[],"product_brand":[],"product_cat":[9200,505],"product_tag":[],"class_list":{"0":"post-261658","1":"product","2":"type-product","3":"status-publish","4":"has-post-thumbnail","6":"product_cat-black-red-white","7":"product_cat-bedroom-beds","9":"first","10":"instock","11":"purchasable","12":"product-type-simple"},"_links":{"self":[{"href":"https:\/\/baldumarket.lt\/lt\/wp-json\/wp\/v2\/product\/261658","targetHints":{"allow":["GET"]}}],"collection":[{"href":"https:\/\/baldumarket.lt\/lt\/wp-json\/wp\/v2\/product"}],"about":[{"href":"https:\/\/baldumarket.lt\/lt\/wp-json\/wp\/v2\/types\/product"}],"replies":[{"embeddable":true,"href":"https:\/\/baldumarket.lt\/lt\/wp-json\/wp\/v2\/comments?post=261658"}],"wp:featuredmedia":[{"embeddable":true,"href":"https:\/\/baldumarket.lt\/lt\/wp-json\/wp\/v2\/media\/261659"}],"wp:attachment":[{"href":"https:\/\/baldumarket.lt\/lt\/wp-json\/wp\/v2\/media?parent=261658"}],"wp:term":[{"taxonomy":"product_brand","embeddable":true,"href":"https:\/\/baldumarket.lt\/lt\/wp-json\/wp\/v2\/product_brand?post=261658"},{"taxonomy":"product_cat","embeddable":true,"href":"https:\/\/baldumarket.lt\/lt\/wp-json\/wp\/v2\/product_cat?post=261658"},{"taxonomy":"product_tag","embeddable":true,"href":"https:\/\/baldumarket.lt\/lt\/wp-json\/wp\/v2\/product_tag?post=261658"}],"curies":[{"name":"wp","href":"https:\/\/api.w.org\/{rel}","templated":true}]}}