{"id":261626,"date":"2026-01-13T23:14:13","date_gmt":"2026-01-13T20:14:13","guid":{"rendered":"https:\/\/baldumarket.lt\/product\/lozko-tapicerowane-z-pojemnikiem-i-stelazem-tripo-140x200-bezowe\/"},"modified":"2026-02-11T18:19:28","modified_gmt":"2026-02-11T15:19:28","slug":"lozko-tapicerowane-z-pojemnikiem-i-stelazem-tripo-140x200-bezowe","status":"publish","type":"product","link":"https:\/\/baldumarket.lt\/lt\/product\/lozko-tapicerowane-z-pojemnikiem-i-stelazem-tripo-140x200-bezowe\/","title":{"rendered":"Mink\u0161ta lova su daiktad\u0117\u017ee ir r\u0117mu TRIPO 140\u00d7200 sm\u0117lio spalvos"},"content":{"rendered":"<p>\u201eTripo\u201c apmu\u0161ta lova \u2013 stilius, patogumas ir funkcionalumas viename. Patogumas ir funkcionalumas. \u201eTripo\u201c apmu\u0161ta lova u\u017etikrina patog\u0173 nakties mieg\u0105 ir kasdienio naudojimo patogum\u0105. Trij\u0173 dyd\u017ei\u0173 \u2013 140 \u00d7 200 cm, 160 \u00d7 200 cm ir 180 \u00d7 200 cm \u2013 lov\u0105 galite lengvai priderinti prie savo miegamojo. \u010ciu\u017einio nebuvimas leid\u017eia individualiai pasirinkti geriausiai j\u016bs\u0173 poreikius atitinkant\u012f model\u012f. Praktin\u0117s savyb\u0117s. \u0160is modelis turi erdv\u0173 patalyn\u0117s skyri\u0173, leid\u017eiant\u012f efektyviai i\u0161naudoti erdv\u0119 ir visk\u0105 tvarkingai laikyti. Lovos r\u0117mas atsidaro tiek i\u0161 priekio, tiek i\u0161 \u0161on\u0173, tod\u0117l lengvai pasiekiamas skyrius ir padid\u0117ja komfortas. Dizainas ir stilius. Paprast\u0105, moderni\u0105 \u201eTripo\u201c lovos form\u0105 papildo eleganti\u0161ki apmu\u0161alai, pagaminti i\u0161 mading\u0173 audini\u0173. Universalus dizainas puikiai tinka tiek moderniam, tiek klasikiniam interjerui. Savyb\u0117s: Apmu\u0161tas korpusas moderniu audiniu; Galima rinktis i\u0161 trij\u0173 dyd\u017ei\u0173: 140 \u00d7 200, 160 \u00d7 200 ir 180 \u00d7 200 cm; \u012emontuota daiktad\u0117\u017e\u0117; R\u0117mas atsidaro i\u0161 priekio arba \u0161ono; Pasirinkite norim\u0105 \u010diu\u017ein\u012f; Modernus, universalus dizainas; Miegamoji erdv\u0117: 140 \u00d7 200 cm; Santrauka: Apmu\u0161ta \u201eTripo\u201c lova \u2013 puikus pasirinkimas tiems, kurie vertina estetik\u0105 ir prakti\u0161kum\u0105. Funkcionali daiktad\u0117\u017e\u0117, moderni i\u0161vaizda ir reguliuojamas \u010diu\u017einys u\u017etikrina komfort\u0105 ir puikiai tinka bet kokiam miegamajam.<\/p>\n<p>Prek\u0117s kodas FL-LO-TRIPO_KPL-140X200-G3-PUENTE_06 Ilgis 219 cm Plotis 159 cm Auk\u0161tis 113 cm Kolekcija Tripo Spalva Puente 06 Atspalvis sm\u0117lio Stilius modernus Med\u017eiaga pintin\u0117 Miegamoji funkcija su miegojimo funkcija Miegamoji dalis 140\u00d7200 Indas su indu Gamintojas Juoda Raudona Balta Bald\u0173 tipas Lovos PVM 23% EAN 5905918137150<\/p>","protected":false},"excerpt":{"rendered":"<p>\u201eTripo\u201c apmu\u0161ta lova \u2013 stilius, patogumas ir funkcionalumas viename. Patogumas ir funkcionalumas. \u201eTripo\u201c apmu\u0161ta lova u\u017etikrina patog\u0173 mieg\u0105 ir kasdienio naudojimo patogum\u0105. Galima rinktis i\u0161 trij\u0173 dyd\u017ei\u0173 \u2013 140 \u00d7 200 cm, 160 \u00d7 200 cm ir 180 \u00d7 200 cm \u2013 tod\u0117l j\u0105 lengvai priderinsite prie savo miegamojo. \u010ciu\u017einio tr\u016bkumas [\u2026]<\/p>","protected":false},"featured_media":261627,"comment_status":"open","ping_status":"open","template":"","meta":[],"product_brand":[],"product_cat":[9200,505],"product_tag":[],"class_list":{"0":"post-261626","1":"product","2":"type-product","3":"status-publish","4":"has-post-thumbnail","6":"product_cat-black-red-white","7":"product_cat-bedroom-beds","9":"first","10":"instock","11":"product-type-simple"},"_links":{"self":[{"href":"https:\/\/baldumarket.lt\/lt\/wp-json\/wp\/v2\/product\/261626","targetHints":{"allow":["GET"]}}],"collection":[{"href":"https:\/\/baldumarket.lt\/lt\/wp-json\/wp\/v2\/product"}],"about":[{"href":"https:\/\/baldumarket.lt\/lt\/wp-json\/wp\/v2\/types\/product"}],"replies":[{"embeddable":true,"href":"https:\/\/baldumarket.lt\/lt\/wp-json\/wp\/v2\/comments?post=261626"}],"wp:featuredmedia":[{"embeddable":true,"href":"https:\/\/baldumarket.lt\/lt\/wp-json\/wp\/v2\/media\/261627"}],"wp:attachment":[{"href":"https:\/\/baldumarket.lt\/lt\/wp-json\/wp\/v2\/media?parent=261626"}],"wp:term":[{"taxonomy":"product_brand","embeddable":true,"href":"https:\/\/baldumarket.lt\/lt\/wp-json\/wp\/v2\/product_brand?post=261626"},{"taxonomy":"product_cat","embeddable":true,"href":"https:\/\/baldumarket.lt\/lt\/wp-json\/wp\/v2\/product_cat?post=261626"},{"taxonomy":"product_tag","embeddable":true,"href":"https:\/\/baldumarket.lt\/lt\/wp-json\/wp\/v2\/product_tag?post=261626"}],"curies":[{"name":"wp","href":"https:\/\/api.w.org\/{rel}","templated":true}]}}