{"id":261623,"date":"2026-01-13T23:14:11","date_gmt":"2026-01-13T20:14:11","guid":{"rendered":"https:\/\/baldumarket.lt\/product\/lozko-tapicerowane-nedin-160x200-szare\/"},"modified":"2026-02-11T18:19:28","modified_gmt":"2026-02-11T15:19:28","slug":"lozko-tapicerowane-nedin-160x200-szare","status":"publish","type":"product","link":"https:\/\/baldumarket.lt\/lt\/product\/lozko-tapicerowane-nedin-160x200-szare\/","title":{"rendered":"NEDIN mink\u0161ta lova 160\u00d7200 pilka"},"content":{"rendered":"<p>\u201eNedin\u201c apmu\u0161ta lova \u2013 stilius ir miego komfortas su moderniu akcentu. Komfortas ir funkcionalumas. \u201eNedin\u201c 160\u00d7200 apmu\u0161ta lova u\u017etikrina auk\u0161t\u0105 komforto lyg\u012f d\u0117l mink\u0161to, apmu\u0161to galv\u016bgalio, kuris leid\u017eia patogiai atsiremti skaitant ar ilsintis. Auk\u0161tos kokyb\u0117s lovos konstrukcijoje naudojamos med\u017eiagos u\u017etikrina komfort\u0105 ir ilgaam\u017ei\u0161kum\u0105. Prakti\u0161ki sprendimai. \u201eNedin\u201c modelis si\u016blomas be r\u0117mo ir \u010diu\u017einio, tod\u0117l galite individualiai pasirinkti \u0161iuos elementus pagal savo pageidavimus. Be to, dar didesniam komfortui galima rinktis \u201eErgo Futon II\u201c ir \u201eErgo Space II\u201c paketus, kurie pagerina ergonomik\u0105 ir miego kokyb\u0119. Kojeli\u0173 dizainas leid\u017eia lengviau palaikyti tvark\u0105 po lova, net ir naudojant valymo robot\u0105. Dizainas ir stilius. Modern\u0173 lovos charakter\u012f pabr\u0117\u017eia lieknos kojel\u0117s ir kruop\u0161\u010diai apdirbtos detal\u0117s. Neutrali pilka \u201eMaya 21\u201c audinio spalva kartu su eleganti\u0161ka galv\u016bgalio forma suteikia interjerui subtilios elegancijos ir darnos. Paprastas, ta\u010diau ry\u0161kus dizainas leid\u017eia \u201eNedin\u201c lovai puikiai der\u0117ti prie \u012fvairi\u0173 interjero stili\u0173 \u2013 nuo minimalistinio iki klasikinio. Savyb\u0117s: Matmenys: 216 x 176 x 84 cm Miegamasis plotas: 160 \u00d7 200 cm Audinys: Maya 21 \u2013 pilkas, mink\u0161tas liesti, lengvai pri\u017ei\u016brimas Konstrukcija: tvirtas r\u0117mas ant plon\u0173 kojeli\u0173 Galv\u016bgalis: apmu\u0161tas, suteikia patogi\u0105 atram\u0105 R\u0117mas ir \u010diu\u017einys: parduodami atskirai Papildoma \u012franga: galimi \u201eErgo Futon II\u201c arba \u201eErgo Space II\u201c paketai Apibendrinimas \u201eNedin\u201c 160 \u00d7 200 lova yra puikus pasirinkimas tiems, kurie vertina estetik\u0105, komfort\u0105 ir modernius sprendimus. Apmu\u0161tas galv\u016bgalis, eleganti\u0161kas audinys ir pritaikymo galimyb\u0117s paver\u010dia \u0161\u012f model\u012f puikiu bet kurio miegamojo papildymu. Rinkit\u0117s \u201eNedin\u201c, jei vertinate komfort\u0105 ir stili\u0173 kiekvien\u0105 dien\u0105.<\/p>\n<p>Prek\u0117s kodas FL-LO-NEDIN-160X200-G3-MAYA_21 Ilgis 216 cm Plotis 176 cm Auk\u0161tis 84 cm Kolekcija Nedin Spalva Maya 21 Atspalvis pilka Stilius modernus Med\u017eiaga audinys Miegamoji funkcija su miegojimo funkcija Miegamoji dalis 160\u00d7200 Papildomai galima rinktis ind\u0105 Poilsio funkcija be poilsio funkcijos Gamintojas Juoda Raudona Balta Bald\u0173 tipas Lovos PVM mokestis 23%<\/p>","protected":false},"excerpt":{"rendered":"<p>\u201eNedin\u201c apmu\u0161ta lova \u2013 stilius ir miego komfortas su moderniu akcentu. Komfortas ir funkcionalumas. \u201eNedin\u201c 160\u00d7200 apmu\u0161ta lova u\u017etikrina auk\u0161t\u0105 komforto lyg\u012f d\u0117l mink\u0161to, apmu\u0161to galv\u016bgalio, kuris leid\u017eia patogiai atsiremti skaitant ar ilsintis. Lovos konstrukcijoje naudojamos auk\u0161tos kokyb\u0117s med\u017eiagos u\u017etikrina komfort\u0105 ir ilgaam\u017ei\u0161kum\u0105. Prakti\u0161ki sprendimai. [\u2026]<\/p>","protected":false},"featured_media":261624,"comment_status":"open","ping_status":"open","template":"","meta":[],"product_brand":[],"product_cat":[9200,505],"product_tag":[],"class_list":{"0":"post-261623","1":"product","2":"type-product","3":"status-publish","4":"has-post-thumbnail","6":"product_cat-black-red-white","7":"product_cat-bedroom-beds","9":"first","10":"instock","11":"purchasable","12":"product-type-simple"},"_links":{"self":[{"href":"https:\/\/baldumarket.lt\/lt\/wp-json\/wp\/v2\/product\/261623","targetHints":{"allow":["GET"]}}],"collection":[{"href":"https:\/\/baldumarket.lt\/lt\/wp-json\/wp\/v2\/product"}],"about":[{"href":"https:\/\/baldumarket.lt\/lt\/wp-json\/wp\/v2\/types\/product"}],"replies":[{"embeddable":true,"href":"https:\/\/baldumarket.lt\/lt\/wp-json\/wp\/v2\/comments?post=261623"}],"wp:featuredmedia":[{"embeddable":true,"href":"https:\/\/baldumarket.lt\/lt\/wp-json\/wp\/v2\/media\/261624"}],"wp:attachment":[{"href":"https:\/\/baldumarket.lt\/lt\/wp-json\/wp\/v2\/media?parent=261623"}],"wp:term":[{"taxonomy":"product_brand","embeddable":true,"href":"https:\/\/baldumarket.lt\/lt\/wp-json\/wp\/v2\/product_brand?post=261623"},{"taxonomy":"product_cat","embeddable":true,"href":"https:\/\/baldumarket.lt\/lt\/wp-json\/wp\/v2\/product_cat?post=261623"},{"taxonomy":"product_tag","embeddable":true,"href":"https:\/\/baldumarket.lt\/lt\/wp-json\/wp\/v2\/product_tag?post=261623"}],"curies":[{"name":"wp","href":"https:\/\/api.w.org\/{rel}","templated":true}]}}