{"id":261580,"date":"2026-01-13T23:13:36","date_gmt":"2026-01-13T20:13:36","guid":{"rendered":"https:\/\/baldumarket.lt\/product\/lozko-tapicerowane-bondo-140x200-z-pojemnikiem-na-nozkach-i-stelazem-pomaranczowe\/"},"modified":"2026-02-11T18:19:29","modified_gmt":"2026-02-11T15:19:29","slug":"lozko-tapicerowane-bondo-140x200-z-pojemnikiem-na-nozkach-i-stelazem-pomaranczowe","status":"publish","type":"product","link":"https:\/\/baldumarket.lt\/lt\/product\/lozko-tapicerowane-bondo-140x200-z-pojemnikiem-na-nozkach-i-stelazem-pomaranczowe\/","title":{"rendered":"Bondo mink\u0161ta lova 140\u00d7200 su daiktad\u0117\u017ee ant ir koj\u0173 r\u0117mu, oran\u017ein\u0117"},"content":{"rendered":"<p>\u201eBondo 140\u201c apmu\u0161ta lova \u2013 estetika ir elegancija. \u201eBondo 140\u201c apmu\u0161ta lova yra eleganti\u0161kas baldas, suteikiantis prabangos ir funkcionalumo bet kuriam miegamajam. Jos 160 \u00d7 200 cm miegojimo plotas suteikia komforto tiek vienam, tiek dviem \u017emon\u0117ms, o kruop\u0161\u010diai pagamintas dygsniuotas galv\u016bgalis suteikia interjerui modernumo ir rafinuotumo. Patogumas ir funkcionalumas. \u201eBondo\u201c lovoje yra prakti\u0161ka patalyn\u0117s d\u0117\u017e\u0117, kurioje patogiai laikomos antklod\u0117s, pagalv\u0117s ir kiti tekstil\u0117s gaminiai. Lengva prieiga prie d\u0117\u017e\u0117s leid\u017eia lengviau palaikyti tvark\u0105 miegamajame. Lova turi r\u0117m\u0105, kuris laiko \u010diu\u017ein\u012f, u\u017etikrindamas tinkam\u0105 v\u0117dinim\u0105 ir patog\u0173 mieg\u0105. Estetika ir stilius. Apmu\u0161tas eleganti\u0161ko galv\u016bgalio dygsniuotas audinys ir \u201eAmon 23\u201c audinys suteikia lovai rafinuot\u0105 i\u0161vaizd\u0105, kuri puikiai dera prie \u012fvairi\u0173 interjero stili\u0173 \u2013 nuo \u200b\u200bklasikinio iki modernaus. \u201eBondo\u201c lova yra puikus sprendimas tiems, kurie vertina stili\u0173 ir komfort\u0105. Savyb\u0117s: Miegamosios dalies matmenys: 140 \u00d7 200 cm \u2013 patogu vienam arba dviem \u017emon\u0117ms. Patalyn\u0117 \u2013 prakti\u0161kas sprendimas daiktams susid\u0117ti. \u012e komplekt\u0105 \u012feina r\u0117mas \u2013 u\u017etikrina komfort\u0105 ir tinkam\u0105 \u010diu\u017einio v\u0117dinim\u0105. Dygsniuotas galv\u016bgalis \u2013 eleganti\u0161kas, modernus dizainas. Lygus ir malonus liesti \u201eAmon 23\u201c audinys \u2013 elegancija ir komfortas. \u010ciu\u017einys parduodamas atskirai. Santrauka: \u201eBondo 140\u00d7200\u201c mink\u0161ta lova \u2013 tai tobulas estetikos, elegancijos ir funkcionalumo derinys. Ji puikiai tiks bet kuriame miegamajame, u\u017etikrindama patog\u0173 mieg\u0105 ir stiling\u0105 interjero apdail\u0105.<\/p>\n<p>Prek\u0117s kodas FL-LO-BONDO-140X200-G1-AMON_23 Ilgis 215 cm Plotis 152 cm Auk\u0161tis 106 cm Kolekcija Bondo Spalva Amon 23 Oran\u017ein\u0117s spalvos atspalvis Stilius modernus Med\u017eiaga audinys Miegamoji funkcija su miegojimo funkcija Miegamoji dalis 140\u00d7200 Indas su indu Gamintojas Juoda Raudona Balta Bald\u0173 tipas Lovos PVM mokestis 23%<\/p>","protected":false},"excerpt":{"rendered":"<p>\u201eBondo 140\u201c apmu\u0161ta lova \u2013 estetika ir elegancija. \u201eBondo 140\u201c apmu\u0161ta lova yra eleganti\u0161kas baldas, suteikiantis prabangos ir funkcionalumo bet kuriam miegamajam. Jos 160 \u00d7 200 cm miegojimo plotas suteikia komforto tiek vienam, tiek dviem \u017emon\u0117ms, o kruop\u0161\u010diai pagamintas dygsniuotas galv\u016bgalis suteikia lovai modernumo ir rafinuotumo.<\/p>","protected":false},"featured_media":261581,"comment_status":"open","ping_status":"open","template":"","meta":[],"product_brand":[],"product_cat":[9200,505],"product_tag":[],"class_list":{"0":"post-261580","1":"product","2":"type-product","3":"status-publish","4":"has-post-thumbnail","6":"product_cat-black-red-white","7":"product_cat-bedroom-beds","9":"first","10":"instock","11":"purchasable","12":"product-type-simple"},"_links":{"self":[{"href":"https:\/\/baldumarket.lt\/lt\/wp-json\/wp\/v2\/product\/261580","targetHints":{"allow":["GET"]}}],"collection":[{"href":"https:\/\/baldumarket.lt\/lt\/wp-json\/wp\/v2\/product"}],"about":[{"href":"https:\/\/baldumarket.lt\/lt\/wp-json\/wp\/v2\/types\/product"}],"replies":[{"embeddable":true,"href":"https:\/\/baldumarket.lt\/lt\/wp-json\/wp\/v2\/comments?post=261580"}],"wp:featuredmedia":[{"embeddable":true,"href":"https:\/\/baldumarket.lt\/lt\/wp-json\/wp\/v2\/media\/261581"}],"wp:attachment":[{"href":"https:\/\/baldumarket.lt\/lt\/wp-json\/wp\/v2\/media?parent=261580"}],"wp:term":[{"taxonomy":"product_brand","embeddable":true,"href":"https:\/\/baldumarket.lt\/lt\/wp-json\/wp\/v2\/product_brand?post=261580"},{"taxonomy":"product_cat","embeddable":true,"href":"https:\/\/baldumarket.lt\/lt\/wp-json\/wp\/v2\/product_cat?post=261580"},{"taxonomy":"product_tag","embeddable":true,"href":"https:\/\/baldumarket.lt\/lt\/wp-json\/wp\/v2\/product_tag?post=261580"}],"curies":[{"name":"wp","href":"https:\/\/api.w.org\/{rel}","templated":true}]}}