{"id":261572,"date":"2026-01-13T23:13:29","date_gmt":"2026-01-13T20:13:29","guid":{"rendered":"https:\/\/baldumarket.lt\/product\/lozko-rozkladane-malcolm-80-160-dab-monument-dab-monument-z-nadrukiem\/"},"modified":"2026-01-17T15:55:43","modified_gmt":"2026-01-17T12:55:43","slug":"lozko-rozkladane-malcolm-80-160-dab-monument-dab-monument-z-nadrukiem","status":"publish","type":"product","link":"https:\/\/baldumarket.lt\/lt\/produktas\/lozko-rozkladane-malcolm-80-160-dab-monument-dab-monument-z-nadrukiem\/","title":{"rendered":"\u0141\u00f3\u017cko rozk\u0142adane MALCOLM 80\/160 d\u0105b monument\/d\u0105b monument z nadrukiem"},"content":{"rendered":"<p>The Malcolm Bed &#8211; A Multifunctional Sleeping Place. The Malcolm collection is a creative variation of youth furniture, combining modern design with traditional finishes. To enjoy a comfortable rest, it is necessary to purchase a mattress, headboard, and pillows. The Malcolm bed for a youth room combines the functions of an everyday sofa with a sleeping space. Thanks to the fold-out function, you can easily create additional space for sleeping or relaxing. The bed is equipped with a pull-out bedding container, creating additional storage space for bedding and other essentials. The furniture from the Malcolm collection, decorated in a subdued Canyon Monument Oak color, is a perfect complement to any children&#8217;s room design. The drawer fronts are enriched with graphic accents in the form of expressive letters, giving the bed a unique character. It is worth noting that the individual elements of the Malcolm collection can be combined in any way, allowing you to perfectly adapt the room layout to its specificity and the individual needs of the child. It&#8217;s the ability to create a functional and aesthetically pleasing space that promotes organization and user comfort. The Malcolm bed is not only a place to sleep, but also a multifunctional centerpiece for a youth room, providing comfort, practicality, and a unique design. It allows you to create a cozy place for both sleep and relaxation during the day.<\/p>\n<p>Product code S325-LOZ\/80\/160-DAMO\/DAMON Symbol ZM EAN Length 202.5 cm Width 79-154 cm Height 60.5 cm Collection Malcolm Color monument oak\/monument oak with print Shade dark wood Style modern Material laminate Sleeping function with sleeping function Sleeping area 150&#215;196 Container with container Manufacturer Black Red White Furniture type Beds VAT tax 23% EAN 5906123925341<\/p>","protected":false},"excerpt":{"rendered":"<p>The Malcolm Bed &#8211; A Multifunctional Sleeping Place. The Malcolm collection is a creative variation of youth furniture, combining modern design with traditional finishes. To enjoy a comfortable rest, it is necessary to purchase a mattress, headboard, and pillows. The Malcolm bed for a youth room combines the functions of an everyday sofa with a [&hellip;]<\/p>","protected":false},"featured_media":261573,"comment_status":"open","ping_status":"open","template":"","meta":[],"product_brand":[],"product_cat":[9200,505],"product_tag":[],"class_list":{"0":"post-261572","1":"product","2":"type-product","3":"status-publish","4":"has-post-thumbnail","6":"product_cat-black-red-white","7":"product_cat-bedroom-beds","9":"first","10":"instock","11":"purchasable","12":"product-type-simple"},"_links":{"self":[{"href":"https:\/\/baldumarket.lt\/lt\/wp-json\/wp\/v2\/product\/261572","targetHints":{"allow":["GET"]}}],"collection":[{"href":"https:\/\/baldumarket.lt\/lt\/wp-json\/wp\/v2\/product"}],"about":[{"href":"https:\/\/baldumarket.lt\/lt\/wp-json\/wp\/v2\/types\/product"}],"replies":[{"embeddable":true,"href":"https:\/\/baldumarket.lt\/lt\/wp-json\/wp\/v2\/comments?post=261572"}],"wp:featuredmedia":[{"embeddable":true,"href":"https:\/\/baldumarket.lt\/lt\/wp-json\/wp\/v2\/media\/261573"}],"wp:attachment":[{"href":"https:\/\/baldumarket.lt\/lt\/wp-json\/wp\/v2\/media?parent=261572"}],"wp:term":[{"taxonomy":"product_brand","embeddable":true,"href":"https:\/\/baldumarket.lt\/lt\/wp-json\/wp\/v2\/product_brand?post=261572"},{"taxonomy":"product_cat","embeddable":true,"href":"https:\/\/baldumarket.lt\/lt\/wp-json\/wp\/v2\/product_cat?post=261572"},{"taxonomy":"product_tag","embeddable":true,"href":"https:\/\/baldumarket.lt\/lt\/wp-json\/wp\/v2\/product_tag?post=261572"}],"curies":[{"name":"wp","href":"https:\/\/api.w.org\/{rel}","templated":true}]}}