{"id":261564,"date":"2026-01-13T23:13:23","date_gmt":"2026-01-13T20:13:23","guid":{"rendered":"https:\/\/baldumarket.lt\/product\/lozko-pojedyncze-90-balder-dab-riviera\/"},"modified":"2026-02-11T18:19:29","modified_gmt":"2026-02-11T15:19:29","slug":"lozko-pojedyncze-90-balder-dab-riviera","status":"publish","type":"product","link":"https:\/\/baldumarket.lt\/lt\/product\/lozko-pojedyncze-90-balder-dab-riviera\/","title":{"rendered":"Viengul\u0117 lova 90 BALDER riviera \u0105\u017euolas"},"content":{"rendered":"<p>Viengul\u0117 lova \u201eBalder\u201c. \u201eBalder\u201c lova \u2013 puikus pasirinkimas tiems, kurie savo interjere renkasi paprastum\u0105 ir modern\u0173 dizain\u0105. Verta pamin\u0117ti, kad \u012f lovos kain\u0105 ne\u012fskai\u010diuotas r\u0117mas ir \u010diu\u017einys. Sukurta taip, kad vaikams b\u016bt\u0173 patogu atsipalaiduoti, \u201eBalder\u201c viengul\u0117 lova yra 95 cm plo\u010dio ir 204 cm ilgio, puikiai tinkanti tiek vaikams, tiek paaugliams. Papildomai patalynei skirtas stal\u010dius puikiai papildo lovos funkcionalum\u0105. Auk\u0161tas galv\u016bgalis ne tik suteikia prakti\u0161k\u0105 sprendim\u0105, nes pagalv\u0117 lieka vietoje, bet ir apsaugo sien\u0105 nuo purvo. Derindami \u201eBalder\u201c viengul\u0119 lov\u0105 su kitais kolekcijos elementais, galite sukurti darn\u0173 interjero dizain\u0105 svetain\u0117je, miegamajame ar jaunimo kambaryje, naudodami \u012fvairius modulius lanks\u010diam bald\u0173 i\u0161d\u0117stymui.<\/p>\n<p>Prek\u0117s kodas S382-LOZ\/90-DRI Simbolis ZM EAN Ilgis 204,5 cm Plotis 95 cm Auk\u0161tis 80,5 cm Kolekcija Balder Spalva rivjeros \u0105\u017euolas \u0160e\u0161\u0117lis \u0161viesi mediena Stilius modernus Med\u017eiaga laminatas Miegamoji funkcija su miegam\u0105ja funkcija Miegamoji dalis 90\u00d7200 Papildoma talpa Gamintojas Juoda Raudona Balta Bald\u0173 tipas Lovos PVM mokestis 23% EAN 5906123928113<\/p>","protected":false},"excerpt":{"rendered":"<p>Balder Single Bed. The Balder bed is an excellent option for those who prefer simplicity and modern design in their interiors. It&#8217;s worth noting that the price of the bed does not include the frame and mattress. Designed to provide a comfortable place for children to relax, the Balder single bed measures 95 cm wide [&hellip;]<\/p>","protected":false},"featured_media":261565,"comment_status":"open","ping_status":"open","template":"","meta":[],"product_brand":[],"product_cat":[9200,505],"product_tag":[],"class_list":{"0":"post-261564","1":"product","2":"type-product","3":"status-publish","4":"has-post-thumbnail","6":"product_cat-black-red-white","7":"product_cat-bedroom-beds","9":"first","10":"instock","11":"purchasable","12":"product-type-simple"},"_links":{"self":[{"href":"https:\/\/baldumarket.lt\/lt\/wp-json\/wp\/v2\/product\/261564","targetHints":{"allow":["GET"]}}],"collection":[{"href":"https:\/\/baldumarket.lt\/lt\/wp-json\/wp\/v2\/product"}],"about":[{"href":"https:\/\/baldumarket.lt\/lt\/wp-json\/wp\/v2\/types\/product"}],"replies":[{"embeddable":true,"href":"https:\/\/baldumarket.lt\/lt\/wp-json\/wp\/v2\/comments?post=261564"}],"wp:featuredmedia":[{"embeddable":true,"href":"https:\/\/baldumarket.lt\/lt\/wp-json\/wp\/v2\/media\/261565"}],"wp:attachment":[{"href":"https:\/\/baldumarket.lt\/lt\/wp-json\/wp\/v2\/media?parent=261564"}],"wp:term":[{"taxonomy":"product_brand","embeddable":true,"href":"https:\/\/baldumarket.lt\/lt\/wp-json\/wp\/v2\/product_brand?post=261564"},{"taxonomy":"product_cat","embeddable":true,"href":"https:\/\/baldumarket.lt\/lt\/wp-json\/wp\/v2\/product_cat?post=261564"},{"taxonomy":"product_tag","embeddable":true,"href":"https:\/\/baldumarket.lt\/lt\/wp-json\/wp\/v2\/product_tag?post=261564"}],"curies":[{"name":"wp","href":"https:\/\/api.w.org\/{rel}","templated":true}]}}