{"id":261502,"date":"2026-01-13T23:12:18","date_gmt":"2026-01-13T20:12:18","guid":{"rendered":"https:\/\/baldumarket.lt\/product\/lozko-kontynentalne-joy-180x200-z-dwoma-pojemnikami-bezowe\/"},"modified":"2026-02-11T18:19:30","modified_gmt":"2026-02-11T15:19:30","slug":"lozko-kontynentalne-joy-180x200-z-dwoma-pojemnikami-bezowe","status":"publish","type":"product","link":"https:\/\/baldumarket.lt\/lt\/product\/lozko-kontynentalne-joy-180x200-z-dwoma-pojemnikami-bezowe\/","title":{"rendered":"JOY kontinentin\u0117 lova 180&#215;200 su dviem konteineriais, sm\u0117lio spalvos"},"content":{"rendered":"<p>\u201eJoy 180\u201c lova \u2013 modernus komfortas ir elegancija j\u016bs\u0173 miegamajame. Komfortas ir funkcionalumas. \u201eJoy 180\u201c lova puikiai tinka tiems, kurie vertina komforto, modernaus dizaino ir tvirtos meistri\u0161kumo derin\u012f. Du \u010diu\u017einiai su u\u017evalkalais, kuriuos galima apversti ir pasirinkti mink\u0161tum\u0105, leid\u017eia pritaikyti komfort\u0105 pagal individualius poreikius. 7 zon\u0173 ki\u0161enini\u0173 spyruokli\u0173 u\u017epildas ir kokoso pluo\u0161to sluoksnis garantuoja tinkam\u0105 k\u016bno atram\u0105 ir sveik\u0105 mieg\u0105. Praktin\u0117s savyb\u0117s. \u0160is modelis turi du \u012f \u0161onus atidaromus daiktad\u0117\u017ees, puikiai tinkan\u010dias patalynei ir kitiems priedams laikyti. Neslystantis \u201eAntiSlip\u201c sluoksnis neleid\u017eia \u010diu\u017einiui slysti, o \u201eFresche\u00ae\u201c audinys u\u017etikrina higien\u0105, ma\u017eindamas bakterij\u0173 ir dulki\u0173 erku\u010di\u0173 augim\u0105. Dizainas ir stilius. Minimalistin\u0119 \u201eJoy\u201c lovos form\u0105 papildo auk\u0161tas galv\u016bgalis su vertikaliomis si\u016bl\u0117mis, suteikiantis visai lovai eleganti\u0161k\u0105 ir modern\u0173 charakter\u012f. Medin\u0117 konstrukcija, paremta stabiliomis plastikin\u0117mis kojel\u0117mis, suteikia baldui lengv\u0105, ta\u010diau patvari\u0105 i\u0161vaizd\u0105. Specialios savyb\u0117s: Medin\u0117 konstrukcija ant stabili\u0173 plastikini\u0173 kojeli\u0173, Auk\u0161tas galv\u016bgalis su dekoratyvin\u0117mis si\u016bl\u0117mis, Du \u0161oniniai atidaromi daiktad\u0117\u017e\u0117s, Du \u010diu\u017einiai su u\u017evalkalais \u2013 dvipusiai, 7 zon\u0173 ki\u0161enin\u0117s spyruokl\u0117s ir kokoso pluo\u0161to sluoksnis, Fresche\u00ae audinys su antibakterin\u0117mis savyb\u0117mis, Neslystantis sluoksnis, neleid\u017eiantis \u010diu\u017einiui slysti, Miegamasis plotas: 180 \u00d7 200 cm. Santrauka: \u201eJoy 180\u201c lova \u2013 tai tobulas komforto, estetikos ir funkcionalumo derinys. D\u0117l moderni\u0173 sprendim\u0173 ir kruop\u0161taus meistri\u0161kumo ji daugel\u012f met\u0173 taps j\u016bs\u0173 miegamojo \u0161irdimi.<\/p>\n<p>Prek\u0117s kodas FL-LO_KT-JOY-180X200-G2-ELEMENT_17 Ilgis 213 cm Plotis 203 cm Auk\u0161tis 114 cm Kolekcija Joy Spalva Element 17 Atspalvis sm\u0117lio Stilius modernus Med\u017eiaga audinys Miegamoji funkcija su miegojimo funkcija Miegamoji dalis 180\u00d7200 Indas su indu Gamintojas Juoda Raudona Balta Bald\u0173 tipas Lovos PVM mokestis 23%<\/p>","protected":false},"excerpt":{"rendered":"<p>The Joy 180 Bed \u2013 Modern Comfort and Elegance in Your Bedroom. Comfort and Functionality. The Joy 180 bed is perfect for those who value a combination of comfort, modern design, and solid craftsmanship. Two mattresses with covers, with the option of reversing and a choice of softness, allow you to tailor comfort to your [&hellip;]<\/p>","protected":false},"featured_media":261503,"comment_status":"open","ping_status":"open","template":"","meta":[],"product_brand":[],"product_cat":[9200,505],"product_tag":[],"class_list":{"0":"post-261502","1":"product","2":"type-product","3":"status-publish","4":"has-post-thumbnail","6":"product_cat-black-red-white","7":"product_cat-bedroom-beds","9":"first","10":"instock","11":"purchasable","12":"product-type-simple"},"_links":{"self":[{"href":"https:\/\/baldumarket.lt\/lt\/wp-json\/wp\/v2\/product\/261502","targetHints":{"allow":["GET"]}}],"collection":[{"href":"https:\/\/baldumarket.lt\/lt\/wp-json\/wp\/v2\/product"}],"about":[{"href":"https:\/\/baldumarket.lt\/lt\/wp-json\/wp\/v2\/types\/product"}],"replies":[{"embeddable":true,"href":"https:\/\/baldumarket.lt\/lt\/wp-json\/wp\/v2\/comments?post=261502"}],"wp:featuredmedia":[{"embeddable":true,"href":"https:\/\/baldumarket.lt\/lt\/wp-json\/wp\/v2\/media\/261503"}],"wp:attachment":[{"href":"https:\/\/baldumarket.lt\/lt\/wp-json\/wp\/v2\/media?parent=261502"}],"wp:term":[{"taxonomy":"product_brand","embeddable":true,"href":"https:\/\/baldumarket.lt\/lt\/wp-json\/wp\/v2\/product_brand?post=261502"},{"taxonomy":"product_cat","embeddable":true,"href":"https:\/\/baldumarket.lt\/lt\/wp-json\/wp\/v2\/product_cat?post=261502"},{"taxonomy":"product_tag","embeddable":true,"href":"https:\/\/baldumarket.lt\/lt\/wp-json\/wp\/v2\/product_tag?post=261502"}],"curies":[{"name":"wp","href":"https:\/\/api.w.org\/{rel}","templated":true}]}}