{"id":261466,"date":"2026-01-13T23:11:47","date_gmt":"2026-01-13T20:11:47","guid":{"rendered":"https:\/\/baldumarket.lt\/product\/lozko-kontynentalne-120-cm-z-pojemnikiem-zalea-neve-85-szare\/"},"modified":"2026-02-11T18:19:31","modified_gmt":"2026-02-11T15:19:31","slug":"lozko-kontynentalne-120-cm-z-pojemnikiem-zalea-neve-85-szare","status":"publish","type":"product","link":"https:\/\/baldumarket.lt\/lt\/product\/lozko-kontynentalne-120-cm-z-pojemnikiem-zalea-neve-85-szare\/","title":{"rendered":"Zalea Neve 85 120 cm kontinentin\u0117 lova su daiktad\u0117\u017ee, pilka"},"content":{"rendered":"<p>ZALEA 120 cm lova \u2013 patogumas ir prakti\u0161kumas viename. Norite miegamojo, kuris spinduliuot\u0173 rafinuotu stiliumi ir i\u0161skirtiniu charakteriu? ZALEA lova sukurta \u0161ioms svajon\u0117ms \u012fgyvendinti. Tai baldas, pasi\u017eymintis nepaprasta elegancija ir subtilumu.<br \/>\nI\u0161skirtinis ZALEA lovos bruo\u017eas \u2013 \u012fsp\u016bdingas, auk\u0161tas galv\u016bgalis su esteti\u0161komis si\u016bl\u0117mis, suteikiantis interjerui unikalaus \u017eavesio, pabr\u0117\u017eiantis miegamojo stili\u0173 ir charakter\u012f.<br \/>\nMedin\u0117 ZALEA lovos konstrukcija garantuoja ilgaam\u017ei\u0161kum\u0105, tvirtum\u0105 ir stabilum\u0105. Pasirink\u0119 \u0161i\u0105 lov\u0105, galite b\u016bti tikri, kad ji ne tik papuo\u0161 j\u016bs\u0173 miegam\u0105j\u012f, bet ir bus prakti\u0161kas elementas kasdieniam naudojimui.<br \/>\nJ\u016bs\u0173 miego kokyb\u0119 u\u017etikrins ne tik patogus, \u012f lovos r\u0117m\u0105 \u012fmontuotas ki\u0161enini\u0173 spyruokli\u0173 \u010diu\u017einys, bet ir pridedamas 4 cm storio auk\u0161\u010diausios kokyb\u0117s \u010diu\u017einys. \u0160is elementas ne tik pagerina miego komfort\u0105, bet ir apsaugo \u010diu\u017einio pavir\u0161i\u0173 nuo d\u0117mi\u0173.<br \/>\nPakeltos kojel\u0117s ir dujinio pak\u0117limo mechanizmas \u2013 dar vienas ZALEA lovos privalumas. Daiktad\u0117\u017e\u0117je patogiai susid\u0117ti antklodes, apklotus ir patalyn\u0119, tod\u0117l miegamajame viskas tvarkinga. 12 centimetr\u0173 ilgio kojel\u0117s leid\u017eia lengvai palaikyti \u0161var\u0105 po lova, tod\u0117l miegamasis i\u0161lieka idealiai tvarkingas.<\/p>\n<p>ZALEA lova esteti\u0161kai ir prakti\u0161kai pakeis j\u016bs\u0173 miegamojo erdv\u0119. Pasirinkite audinio atspalv\u012f ir lovos dyd\u012f, kad sukurtum\u0117te nauj\u0105 miegojimo erdv\u0117s kokyb\u0119.<\/p>\n<p>Prek\u0117s kodas FL-LO_KT-ZALEA-120X200-G2-NEVE_85 Simbolis ZM EAN Ilgis 210 cm Plotis 138 cm Auk\u0161tis 108 cm Kolekcija Zalea Spalva Neve 85 Atspalvis pilka Stilius modernus Med\u017eiaga audinys Miegamoji funkcija su miegojimo funkcija Miegamoji dalis 120\u00d7200 Indas su indu U\u017epildas ki\u0161enin\u0117 spyruokl\u0117 Kietumo zonos 7 zonos Kietumas H3 Gamintojas Juoda Raudona Balta Bald\u0173 tipas Lovos PVM mokestis 23% EAN 5906123149945<\/p>","protected":false},"excerpt":{"rendered":"<p>ZALEA 120 cm lova \u2013 patogumas ir prakti\u0161kumas viename. Norite miegamojo, kuris spinduliuot\u0173 rafinuotu stiliumi ir i\u0161skirtiniu charakteriu? ZALEA lova sukurta \u0161ioms svajon\u0117ms \u012fgyvendinti. Tai baldas, pasi\u017eymintis nepaprasta elegancija ir subtilumu. I\u0161skirtinis ZALEA lovos bruo\u017eas \u2013 \u012fsp\u016bdingas, auk\u0161tas galv\u016bgalis su esteti\u0161ku [\u2026]<\/p>","protected":false},"featured_media":261467,"comment_status":"open","ping_status":"open","template":"","meta":[],"product_brand":[],"product_cat":[9200,505],"product_tag":[],"class_list":{"0":"post-261466","1":"product","2":"type-product","3":"status-publish","4":"has-post-thumbnail","6":"product_cat-black-red-white","7":"product_cat-bedroom-beds","9":"first","10":"instock","11":"purchasable","12":"product-type-simple"},"_links":{"self":[{"href":"https:\/\/baldumarket.lt\/lt\/wp-json\/wp\/v2\/product\/261466","targetHints":{"allow":["GET"]}}],"collection":[{"href":"https:\/\/baldumarket.lt\/lt\/wp-json\/wp\/v2\/product"}],"about":[{"href":"https:\/\/baldumarket.lt\/lt\/wp-json\/wp\/v2\/types\/product"}],"replies":[{"embeddable":true,"href":"https:\/\/baldumarket.lt\/lt\/wp-json\/wp\/v2\/comments?post=261466"}],"wp:featuredmedia":[{"embeddable":true,"href":"https:\/\/baldumarket.lt\/lt\/wp-json\/wp\/v2\/media\/261467"}],"wp:attachment":[{"href":"https:\/\/baldumarket.lt\/lt\/wp-json\/wp\/v2\/media?parent=261466"}],"wp:term":[{"taxonomy":"product_brand","embeddable":true,"href":"https:\/\/baldumarket.lt\/lt\/wp-json\/wp\/v2\/product_brand?post=261466"},{"taxonomy":"product_cat","embeddable":true,"href":"https:\/\/baldumarket.lt\/lt\/wp-json\/wp\/v2\/product_cat?post=261466"},{"taxonomy":"product_tag","embeddable":true,"href":"https:\/\/baldumarket.lt\/lt\/wp-json\/wp\/v2\/product_tag?post=261466"}],"curies":[{"name":"wp","href":"https:\/\/api.w.org\/{rel}","templated":true}]}}