{"id":261446,"date":"2026-01-13T23:11:31","date_gmt":"2026-01-13T20:11:31","guid":{"rendered":"https:\/\/baldumarket.lt\/product\/lozko-kassel-ze-stelazem-i-pojemnikiem-160x200-cm-dab-monastery\/"},"modified":"2026-02-11T18:19:32","modified_gmt":"2026-02-11T15:19:32","slug":"lozko-kassel-ze-stelazem-i-pojemnikiem-160x200-cm-dab-monastery","status":"publish","type":"product","link":"https:\/\/baldumarket.lt\/lt\/product\/lozko-kassel-ze-stelazem-i-pojemnikiem-160x200-cm-dab-monastery\/","title":{"rendered":"Kaselio lova su r\u0117mu ir daiktad\u0117\u017ee, 160&#215;200 cm, vienuolyno \u0105\u017euolas"},"content":{"rendered":"<p>\u201eKassel 160\u201c lova su daiktad\u0117\u017ee \u2013 patogumas ir funkcionalumas. Unikalus dizainas ir didel\u0117 miegojimo erdv\u0117. \u201eKassel 160\u201c lova su daiktad\u0117\u017ee yra puikus pasirinkimas bet kokiam miegamajam, nesvarbu, ar j\u0105 pastatysite kambario centre, ar prie sienos. Ji turi didel\u0119 160 \u00d7 200 cm miegojimo erdv\u0119, u\u017etikrinan\u010di\u0105 patog\u0173 poils\u012f dviem \u017emon\u0117ms. \u010ciu\u017einio pasirinkimas yra j\u016bs\u0173 \u2013 tinkam\u0105 model\u012f galite rasti m\u016bs\u0173 internetin\u0117je parduotuv\u0117je emkameble.pl. Atminkite, kad pasirinktas \u010diu\u017einys tur\u0117t\u0173 sverti nuo 31,5 kg iki 41 kg, o tai u\u017etikrins tinkam\u0105 pak\u0117limo mechanizmo veikim\u0105. Auk\u0161tas, dygsniuotas galv\u016bgalis. \u201eKassel 160\u201c lovos su daiktad\u0117\u017ee galv\u016bgalis patraukia ak\u012f eleganti\u0161ku dygsniuotu apmu\u0161alu. Tai ne tik esteti\u0161ka, bet ir prakti\u0161ka \u2013 suteikia patogi\u0105 nugaros atram\u0105 vakare poilsiaujant su knyga. Apsauga nuo d\u0117mi\u0173. Lovos apmu\u0161aluose naudojamas audinys yra padengtas nanodalel\u0117mis, kurios veiksmingai blokuoja ne\u0161varum\u0173 \u012fsiskverbim\u0105. Tai rei\u0161kia, kad net sunkiai \u012fveikiamas d\u0117mes galima pa\u0161alinti nenaudojant valymo priemoni\u0173; pakaks vandens arba muiluoto vandens. Ke\u010dupo, kavos ar ra\u0161ikli\u0173 d\u0117m\u0117s nebebus problema. Stilingas dizainas ir prakti\u0161ki sprendimai: \u201eMonastery Oak\u201c spalvos lovos r\u0117mas yra sant\u016braus dizaino, o jo i\u0161vaizd\u0105 papildo juodas, apmu\u0161tas galv\u016bgalis. Po lovos r\u0117mu, kuris pakeliamas dujin\u0117mis amortizatoriais, yra daug vietos patalynei, tekstilei ir dekoratyvin\u0117ms pagalv\u0117ms laikyti, tod\u0117l miegamajame bus lengva palaikyti tvark\u0105. Papildomi \u201eKassel\u201c kolekcijos elementai: \u201eKassel 160\u201c lov\u0105 su daiktad\u0117\u017ee galima derinti su atitinkamais naktiniais staliukais, taip sukuriant darn\u0173 miegamojo komplekt\u0105. Naktiniai staliukai turi USB prievadus, tod\u0117l galite \u012fkrauti telefon\u0105 ir visada j\u012f laikyti po ranka. Specialius naktinius staliukus galite \u012fsigyti m\u016bs\u0173 internetin\u0117je parduotuv\u0117je emkameble.pl. Modernus stilius ir funkcionalumas: \u201eKassel\u201c kolekcija atspindi modern\u0173 stili\u0173, kuriame derinama paprasta forma ir funkcionalumas. \u201eKassel\u201c lova su daiktad\u0117\u017ee kartu su kitais kolekcijos elementais sukuria darn\u0173 ir prakti\u0161k\u0105 miegamojo \u012frengim\u0105, idealiai tinkant\u012f tiems, kurie vertina komfort\u0105 ir modern\u0173 dizain\u0105.<\/p>\n<p>Prek\u0117s kodas L99-LOZ\/160\/B1-DMON Ilgis 206 cm Plotis 165 cm Auk\u0161tis 98,5 cm Kolekcija Kassel Spalva vienuolyno \u0105\u017euolas\/juoda Atspalvis tamsi mediena Stilius modernus Med\u017eiaga laminatas Miegamoji funkcija su miegam\u0105ja funkcija Miegamoji dalis 160\u00d7200 Indas su indu Gamintojas Juoda Raudona Balta Bald\u0173 tipas Lovos PVM 23% EAN 5906123023238<\/p>","protected":false},"excerpt":{"rendered":"<p>Kassel 160 Bed with Storage &#8211; Comfort and Functionality. Unique design and large sleeping area. The Kassel 160 bed with storage is an excellent choice for any bedroom, whether you place it in the center of the room or against a wall. It has a large sleeping area of \u200b\u200b160&#215;200 cm, ensuring comfortable rest for [&hellip;]<\/p>","protected":false},"featured_media":261447,"comment_status":"open","ping_status":"open","template":"","meta":[],"product_brand":[],"product_cat":[9200,505],"product_tag":[],"class_list":{"0":"post-261446","1":"product","2":"type-product","3":"status-publish","4":"has-post-thumbnail","6":"product_cat-black-red-white","7":"product_cat-bedroom-beds","9":"first","10":"instock","11":"product-type-simple"},"_links":{"self":[{"href":"https:\/\/baldumarket.lt\/lt\/wp-json\/wp\/v2\/product\/261446","targetHints":{"allow":["GET"]}}],"collection":[{"href":"https:\/\/baldumarket.lt\/lt\/wp-json\/wp\/v2\/product"}],"about":[{"href":"https:\/\/baldumarket.lt\/lt\/wp-json\/wp\/v2\/types\/product"}],"replies":[{"embeddable":true,"href":"https:\/\/baldumarket.lt\/lt\/wp-json\/wp\/v2\/comments?post=261446"}],"wp:featuredmedia":[{"embeddable":true,"href":"https:\/\/baldumarket.lt\/lt\/wp-json\/wp\/v2\/media\/261447"}],"wp:attachment":[{"href":"https:\/\/baldumarket.lt\/lt\/wp-json\/wp\/v2\/media?parent=261446"}],"wp:term":[{"taxonomy":"product_brand","embeddable":true,"href":"https:\/\/baldumarket.lt\/lt\/wp-json\/wp\/v2\/product_brand?post=261446"},{"taxonomy":"product_cat","embeddable":true,"href":"https:\/\/baldumarket.lt\/lt\/wp-json\/wp\/v2\/product_cat?post=261446"},{"taxonomy":"product_tag","embeddable":true,"href":"https:\/\/baldumarket.lt\/lt\/wp-json\/wp\/v2\/product_tag?post=261446"}],"curies":[{"name":"wp","href":"https:\/\/api.w.org\/{rel}","templated":true}]}}