{"id":261414,"date":"2026-01-13T23:11:05","date_gmt":"2026-01-13T20:11:05","guid":{"rendered":"https:\/\/baldumarket.lt\/product\/lozko-kassel-140x200-cm-dab-monastery-z-tapicerowanym-wezglowiem\/"},"modified":"2026-02-11T18:19:32","modified_gmt":"2026-02-11T15:19:32","slug":"lozko-kassel-140x200-cm-dab-monastery-z-tapicerowanym-wezglowiem","status":"publish","type":"product","link":"https:\/\/baldumarket.lt\/lt\/product\/lozko-kassel-140x200-cm-dab-monastery-z-tapicerowanym-wezglowiem\/","title":{"rendered":"Kaselio lova, 140&#215;200 cm, vienuolyno \u0105\u017euolas, su apmu\u0161tu galv\u016bgaliu"},"content":{"rendered":"<p>\u201eKassel 140\u201c lova \u2013 prakti\u0161ka ir patogi. \u201eKassel 140\u201c \u2013 tai dvigul\u0117 lova, kuri eleganti\u0161kai atrodo bet kuriame miegamajame, nesvarbu, ar pastatyta centre, ar prie sienos. Didelis miegojimo plotas (140 \u00d7 200 cm) u\u017etikrina patog\u0173 poils\u012f, o tinkam\u0105 r\u0117m\u0105 ir \u010diu\u017ein\u012f galite pasirinkti m\u016bs\u0173 internetin\u0117je parduotuv\u0117je emkameble.pl. Dizainas ir med\u017eiagos.<br \/>\nLova pasi\u017eymi auk\u0161tu galv\u016bgaliu su nuostabiu dygsniuotu apmu\u0161alu. Tai ne tik esteti\u0161kai patrauklu, bet ir prakti\u0161ka, suteikianti patogi\u0105 nugaros atram\u0105 vakare skaitant. Lovos r\u0117mas, prislopintos vienuolyno \u0105\u017euolo spalvos, papildytas juodu apmu\u0161tu galv\u016bgaliu. Audinys pagamintas naudojant nanodaleli\u0173 technologij\u0105, kuri efektyviai blokuoja ne\u0161varumus. Tai rei\u0161kia, kad net ir sunkiai \u012fveikiamas d\u0117mes galima pa\u0161alinti tiesiog vandeniu arba muiluotu vandeniu. Tai ypa\u010d naudinga ke\u010dupo, kavos ar ra\u0161iklio d\u0117m\u0117ms. Priedai ir funkcionalumas<br \/>\nLov\u0105 \u201eKassel 140\u201c galima papildyti specialiais naktiniais staliukais, sukuriant vientis\u0105 ir patog\u0173 miegamojo komplekt\u0105. \u0160ie staliukai turi USB prievadus, tod\u0117l nakt\u012f galite \u012fkrauti telefon\u0105, j\u012f laikydami ranka pasiekiam\u0105. Specialius naktinius staliukus galite \u012fsigyti m\u016bs\u0173 internetin\u0117je parduotuv\u0117je emkameble.pl. Stilius ir kolekcija<br \/>\n\u201eKassel\u201c kolekcija, kurioje yra ir \u201eKassel 140\u201c lova, atspindi modern\u0173 stili\u0173, derindama paprast\u0105 form\u0105 ir funkcionalum\u0105. Visa kolekcija sukuria darn\u0173 ir funkcional\u0173 miegamojo i\u0161d\u0117stym\u0105, idealiai tinkant\u012f tiems, kurie vertina elegancij\u0105 ir komfort\u0105. Trumpai tariant, \u201eKassel 140\u201c lova yra puikus pasirinkimas tiems, kurie ie\u0161ko komforto ir stiliaus savo miegamajame. D\u0117l auk\u0161tos kokyb\u0117s med\u017eiag\u0173 ir moderni\u0173 sprendim\u0173 ji u\u017etikrina patog\u0173 ir sveik\u0105 mieg\u0105, kartu suteikdama eleganti\u0161k\u0105 interjero dizaino element\u0105.<\/p>\n<p>Prek\u0117s kodas L99-LOZ\/140\/A1-DMON Ilgis 206 cm Plotis 145 cm Auk\u0161tis 98,5 cm Kolekcija Kassel Spalva vienuolyno \u0105\u017euolas\/juoda Atspalvis tamsi mediena Stilius modernus Med\u017eiaga laminatas Miegamoji funkcija su miegam\u0105ja funkcija Miegamoji dalis 140\u00d7200 Indas be indo Gamintojas Juoda Raudona Balta Bald\u0173 tipas Lovos PVM 23% EAN 5906123027144<\/p>","protected":false},"excerpt":{"rendered":"<p>Kassel 140 Bed &#8211; Practical and Comfortable. The Kassel 140 bed is a double bed that looks elegant in any bedroom, whether positioned centrally or against a wall. Its large sleeping surface (140&#215;200 cm) ensures a comfortable rest, and you can choose the right frame and mattress in our online store emkameble.pl. Design and Materials. [&hellip;]<\/p>","protected":false},"featured_media":261415,"comment_status":"open","ping_status":"open","template":"","meta":[],"product_brand":[],"product_cat":[9200,505],"product_tag":[],"class_list":{"0":"post-261414","1":"product","2":"type-product","3":"status-publish","4":"has-post-thumbnail","6":"product_cat-black-red-white","7":"product_cat-bedroom-beds","9":"first","10":"instock","11":"product-type-simple"},"_links":{"self":[{"href":"https:\/\/baldumarket.lt\/lt\/wp-json\/wp\/v2\/product\/261414","targetHints":{"allow":["GET"]}}],"collection":[{"href":"https:\/\/baldumarket.lt\/lt\/wp-json\/wp\/v2\/product"}],"about":[{"href":"https:\/\/baldumarket.lt\/lt\/wp-json\/wp\/v2\/types\/product"}],"replies":[{"embeddable":true,"href":"https:\/\/baldumarket.lt\/lt\/wp-json\/wp\/v2\/comments?post=261414"}],"wp:featuredmedia":[{"embeddable":true,"href":"https:\/\/baldumarket.lt\/lt\/wp-json\/wp\/v2\/media\/261415"}],"wp:attachment":[{"href":"https:\/\/baldumarket.lt\/lt\/wp-json\/wp\/v2\/media?parent=261414"}],"wp:term":[{"taxonomy":"product_brand","embeddable":true,"href":"https:\/\/baldumarket.lt\/lt\/wp-json\/wp\/v2\/product_brand?post=261414"},{"taxonomy":"product_cat","embeddable":true,"href":"https:\/\/baldumarket.lt\/lt\/wp-json\/wp\/v2\/product_cat?post=261414"},{"taxonomy":"product_tag","embeddable":true,"href":"https:\/\/baldumarket.lt\/lt\/wp-json\/wp\/v2\/product_tag?post=261414"}],"curies":[{"name":"wp","href":"https:\/\/api.w.org\/{rel}","templated":true}]}}