{"id":261398,"date":"2026-01-13T23:10:51","date_gmt":"2026-01-13T20:10:51","guid":{"rendered":"https:\/\/baldumarket.lt\/product\/lozko-kaspian-160-cm-dab-sonoma-dab-sonoma-2\/"},"modified":"2026-02-11T18:19:32","modified_gmt":"2026-02-11T15:19:32","slug":"lozko-kaspian-160-cm-dab-sonoma-dab-sonoma-2","status":"publish","type":"product","link":"https:\/\/baldumarket.lt\/lt\/product\/lozko-kaspian-160-cm-dab-sonoma-dab-sonoma-2\/","title":{"rendered":"KASPIAN lova 160 cm Sonoma \u0105\u017euolas\/Sonoma \u0105\u017euolas"},"content":{"rendered":"<p>\u201eKaspian 160\u201c lova \u2013 patogus miegas dviem. \u201eKaspian\u201c baldai \u2013 puikus pasirinkimas ie\u0161kantiems funkcionali\u0173 ir prakti\u0161k\u0173 sprendim\u0173 savo interjerui. \u201eKaspian 160\u201c lovoje derinamas modernus dizainas su ekologi\u0161kais sprendimais, u\u017etikrinant patog\u0173 mieg\u0105 dviem. Vienas pagrindini\u0173 \u0161ios lovos privalum\u0173 \u2013 jos fanera, imituojanti nat\u016bralios medienos strukt\u016br\u0105 ir ra\u0161t\u0105. D\u0117l to lova puikiai dera prie modernaus ir ekologi\u0161ko interjero. \u0160i fanera suteikia lovai unikal\u0173 charakter\u012f ir harmoningai dera prie \u012fvairi\u0173 interjero stili\u0173. Erdv\u0117 po lova suteikia papildomos vietos daiktams susid\u0117ti, o tai ypa\u010d prakti\u0161ka ma\u017eesniuose miegamuosiuose. Joje galite laikyti patalyn\u0119, sezoninius drabu\u017eius ar kitus daiktus, kuriuos norite visada tur\u0117ti po ranka. \u201eKaspian\u201c lova taip pat turi mink\u0161t\u0105 galv\u016bgal\u012f, o tinkam\u0105 r\u0117m\u0105 ir \u010diu\u017ein\u012f galite pasirinkti, pritaikydami juos prie individuali\u0173 kiekvieno lova besinaudojan\u010dio asmens poreiki\u0173 ir pageidavim\u0173. Tai svarbus aspektas, turintis \u012ftakos miego komfortui ir patogumui naudojantis lova. Lov\u0105 surinkti patiems lengva, o gamintojo svetain\u0117je yra \u017eingsnis po \u017eingsnio instrukcij\u0173 vaizdo \u012fra\u0161as. Trij\u0173 spalv\u0173 variant\u0173 pasirinkimas suteikia plat\u0173 dizaino variant\u0173 pasirinkim\u0105, leid\u017eiant\u012f pritaikyti \u201eKaspian\u201c lov\u0105 pagal individualius pageidavimus ir interjero stili\u0173. Spalv\u0173 \u012fvairov\u0117 taip pat leid\u017eia derinti \u0161i\u0105 lov\u0105 su kit\u0173 \u201eBlack Red White\u201c kolekcij\u0173 elementais, suteikiant dar daugiau laisv\u0117s kuriant interjer\u0105. Trumpai tariant, 160 cm plo\u010dio \u201eKaspian\u201c lova u\u017etikrina patog\u0173 mieg\u0105 dviem ir tampa ry\u0161kiu j\u016bs\u0173 miegamojo akcentu. Ekologi\u0161kas dizainas, erdv\u0117 daiktams susid\u0117ti, pritaikymo galimyb\u0117s ir spalv\u0173 \u012fvairov\u0117 daro j\u0105 puikiu pasirinkimu tiems, kurie vertina kokyb\u0119 ir estetik\u0105 savo interjere. Su \u201eKaspian\u201c lova j\u016bs\u0173 miegamasis \u012fgaus nauj\u0105 charakter\u012f ir funkcionalum\u0105.<\/p>\n<p>Prek\u0117s kodas S128-LOZ\/160-DSO\/DSO Simbolis ZM EAN Ilgis 206,5 cm Plotis 168 cm Auk\u0161tis 35\u201360,5 cm Kolekcija Kaspian Spalva sonoma \u0105\u017euolas Gaubtas \u0161viesios medienos Stilius modernus Miegamoji funkcija su miegam\u0105ja funkcija Miegamoji dalis 160 \u00d7 200 Indas be indo Gamintojas Juoda Raudona Balta Bald\u0173 tipas Lovos PVM mokestis 23% EAN 5906123883580<\/p>","protected":false},"excerpt":{"rendered":"<p>\u201eKaspian 160\u201c lova \u2013 patogus miegas dviem. \u201eKaspian\u201c baldai yra puikus pasirinkimas ie\u0161kantiems funkcionali\u0173 ir prakti\u0161k\u0173 sprendim\u0173 savo interjerui. \u201eKaspian 160\u201c lovoje derinamas modernus dizainas su ekologi\u0161kais sprendimais, u\u017etikrinant patog\u0173 mieg\u0105 dviem. Vienas i\u0161 pagrindini\u0173 \u0161ios lovos privalum\u0173 yra jos fanera, kuri imituoja [\u2026]<\/p>","protected":false},"featured_media":261399,"comment_status":"open","ping_status":"open","template":"","meta":[],"product_brand":[],"product_cat":[9200,505],"product_tag":[],"class_list":{"0":"post-261398","1":"product","2":"type-product","3":"status-publish","4":"has-post-thumbnail","6":"product_cat-black-red-white","7":"product_cat-bedroom-beds","9":"first","10":"instock","11":"purchasable","12":"product-type-simple"},"_links":{"self":[{"href":"https:\/\/baldumarket.lt\/lt\/wp-json\/wp\/v2\/product\/261398","targetHints":{"allow":["GET"]}}],"collection":[{"href":"https:\/\/baldumarket.lt\/lt\/wp-json\/wp\/v2\/product"}],"about":[{"href":"https:\/\/baldumarket.lt\/lt\/wp-json\/wp\/v2\/types\/product"}],"replies":[{"embeddable":true,"href":"https:\/\/baldumarket.lt\/lt\/wp-json\/wp\/v2\/comments?post=261398"}],"wp:featuredmedia":[{"embeddable":true,"href":"https:\/\/baldumarket.lt\/lt\/wp-json\/wp\/v2\/media\/261399"}],"wp:attachment":[{"href":"https:\/\/baldumarket.lt\/lt\/wp-json\/wp\/v2\/media?parent=261398"}],"wp:term":[{"taxonomy":"product_brand","embeddable":true,"href":"https:\/\/baldumarket.lt\/lt\/wp-json\/wp\/v2\/product_brand?post=261398"},{"taxonomy":"product_cat","embeddable":true,"href":"https:\/\/baldumarket.lt\/lt\/wp-json\/wp\/v2\/product_cat?post=261398"},{"taxonomy":"product_tag","embeddable":true,"href":"https:\/\/baldumarket.lt\/lt\/wp-json\/wp\/v2\/product_tag?post=261398"}],"curies":[{"name":"wp","href":"https:\/\/api.w.org\/{rel}","templated":true}]}}