{"id":261371,"date":"2026-01-13T23:10:28","date_gmt":"2026-01-13T20:10:28","guid":{"rendered":"https:\/\/baldumarket.lt\/product\/lozko-kaspian-140-cm-dab-sonoma-dab-sonoma\/"},"modified":"2026-02-11T18:19:33","modified_gmt":"2026-02-11T15:19:33","slug":"lozko-kaspian-140-cm-dab-sonoma-dab-sonoma","status":"publish","type":"product","link":"https:\/\/baldumarket.lt\/lt\/product\/lozko-kaspian-140-cm-dab-sonoma-dab-sonoma\/","title":{"rendered":"KASPIAN lova 140 cm Sonoma \u0105\u017euolas\/Sonoma \u0105\u017euolas"},"content":{"rendered":"<p>\u201eKaspian 140\u201c lova \u2013 komfortas miegamajame. \u201eKaspian\u201c baldai \u2013 puikus pasirinkimas tiems, kurie savo interjere vertina funkcionalum\u0105 ir prakti\u0161kum\u0105. \u201eKaspian 140\u201c lova \u2013 puikus bald\u0173, kuriuose derinamas modernus dizainas su ekologi\u0161kais sprendimais, pavyzdys. Vienas i\u0161 pagrindini\u0173 \u0161ios lovos privalum\u0173 \u2013 jos fanera, imituojanti nat\u016bralios medienos strukt\u016br\u0105 ir ra\u0161t\u0105. D\u0117l to lova puikiai dera moderniame ir ekologi\u0161kame interjere. \u0160i fanera suteikia lovai unikal\u0173 charakter\u012f ir harmoningai dera prie \u012fvairi\u0173 interjero stili\u0173. Erdv\u0117 po lova suteikia papildomos vietos daiktams susid\u0117ti, o tai ypa\u010d prakti\u0161ka ma\u017eesniuose miegamuosiuose. Joje galite laikyti patalyn\u0119, sezoninius drabu\u017eius ar kitus daiktus, kuriuos norite visada tur\u0117ti po ranka. \u201eKaspian\u201c lov\u0105 galima priderinti prie atitinkamo r\u0117mo ir \u010diu\u017einio, pritaikyto j\u016bs\u0173 individualiems poreikiams ir pageidavimams. Tai svarbus aspektas, turintis \u012ftakos miego komfortui ir lovos naudojimo patogumui. Lov\u0105 surinkti patiems lengva, o gamintojo svetain\u0117je yra \u017eingsnis po \u017eingsnio instrukcij\u0173 vaizdo \u012fra\u0161as. Trij\u0173 spalv\u0173 variant\u0173 pasirinkimas suteikia plat\u0173 dizaino variant\u0173 pasirinkim\u0105, leid\u017eiant\u012f pritaikyti \u201eKaspian\u201c lov\u0105 pagal individualius pageidavimus ir interjero stili\u0173. Spalv\u0173 \u012fvairov\u0117 taip pat leid\u017eia derinti \u0161i\u0105 lov\u0105 su elementais i\u0161 kit\u0173 \u201eBlack Red White\u201c kolekcij\u0173, suteikiant dar didesn\u0119 laisv\u0119 kuriant interjer\u0105. Trumpai tariant, 140 cm plo\u010dio \u201eKaspian\u201c lova yra baldas, kuris u\u017etikrins patog\u0173 mieg\u0105 ir taps ry\u0161kiu j\u016bs\u0173 miegamojo akcentu. Ekologi\u0161kas dizainas, talpi laikymo vieta, pritaikymo galimyb\u0117s ir spalv\u0173 \u012fvairov\u0117 daro j\u0105 puikiu pasirinkimu tiems, kurie vertina kokyb\u0119 ir estetik\u0105 savo interjere. Su \u201eKaspian\u201c lova j\u016bs\u0173 miegamasis \u012fgaus nauj\u0105 charakter\u012f ir funkcionalum\u0105.<\/p>\n<p>Prek\u0117s kodas S128-LOZ\/140-DSO\/DSO Simbolis ZM EAN Ilgis 206,5 cm Plotis 148 cm Auk\u0161tis 35\u201360,5 cm Kolekcija Kaspian Spalva sonoma \u0105\u017euolas Gaubtas \u0161viesi mediena Stilius modernus Miegamoji funkcija su miegam\u0105ja funkcija Miegamoji dalis 140 \u00d7 200 Indas be indo Gamintojas Juoda Raudona Balta Bald\u0173 tipas Lovos PVM mokestis 23% EAN 5906123883467<\/p>","protected":false},"excerpt":{"rendered":"<p>The Kaspian 140 Bed \u2013 Comfort in the Bedroom. Kaspian furniture is a perfect choice for those who value functionality and practicality in their interiors. The Kaspian 140 Bed is a perfect example of furniture that combines modern design with eco-friendly solutions. One of the main advantages of this bed is its veneer, which imitates [&hellip;]<\/p>","protected":false},"featured_media":261372,"comment_status":"open","ping_status":"open","template":"","meta":[],"product_brand":[],"product_cat":[9200,505],"product_tag":[],"class_list":{"0":"post-261371","1":"product","2":"type-product","3":"status-publish","4":"has-post-thumbnail","6":"product_cat-black-red-white","7":"product_cat-bedroom-beds","9":"first","10":"instock","11":"purchasable","12":"product-type-simple"},"_links":{"self":[{"href":"https:\/\/baldumarket.lt\/lt\/wp-json\/wp\/v2\/product\/261371","targetHints":{"allow":["GET"]}}],"collection":[{"href":"https:\/\/baldumarket.lt\/lt\/wp-json\/wp\/v2\/product"}],"about":[{"href":"https:\/\/baldumarket.lt\/lt\/wp-json\/wp\/v2\/types\/product"}],"replies":[{"embeddable":true,"href":"https:\/\/baldumarket.lt\/lt\/wp-json\/wp\/v2\/comments?post=261371"}],"wp:featuredmedia":[{"embeddable":true,"href":"https:\/\/baldumarket.lt\/lt\/wp-json\/wp\/v2\/media\/261372"}],"wp:attachment":[{"href":"https:\/\/baldumarket.lt\/lt\/wp-json\/wp\/v2\/media?parent=261371"}],"wp:term":[{"taxonomy":"product_brand","embeddable":true,"href":"https:\/\/baldumarket.lt\/lt\/wp-json\/wp\/v2\/product_brand?post=261371"},{"taxonomy":"product_cat","embeddable":true,"href":"https:\/\/baldumarket.lt\/lt\/wp-json\/wp\/v2\/product_cat?post=261371"},{"taxonomy":"product_tag","embeddable":true,"href":"https:\/\/baldumarket.lt\/lt\/wp-json\/wp\/v2\/product_tag?post=261371"}],"curies":[{"name":"wp","href":"https:\/\/api.w.org\/{rel}","templated":true}]}}