{"id":261344,"date":"2026-01-13T23:10:05","date_gmt":"2026-01-13T20:10:05","guid":{"rendered":"https:\/\/baldumarket.lt\/product\/lozko-kaspian-128-cm-bialy\/"},"modified":"2026-02-11T18:19:33","modified_gmt":"2026-02-11T15:19:33","slug":"lozko-kaspian-128-cm-bialy","status":"publish","type":"product","link":"https:\/\/baldumarket.lt\/lt\/product\/lozko-kaspian-128-cm-bialy\/","title":{"rendered":"KASPIAN lova 128 cm balta"},"content":{"rendered":"<p>\u201eKaspian 120\u201c lova \u2013 komfortas vienam asmeniui. \u201eKaspian\u201c kolekcija i\u0161siskiria madingu dizainu, prakti\u0161kumu ir funkcionalumu, tod\u0117l puikiai tinka daugeliui interjer\u0173. \u201eKaspian 120\u201c lova pasi\u017eymi paprasta forma ir tvirta konstrukcija, garantuojan\u010dia patog\u0173 mieg\u0105 vienam asmeniui. Jei paauglio kambaryje tr\u016bksta vietos poilsiui, \u201eKaspian\u201c lova gali i\u0161spr\u0119sti \u0161i\u0105 problem\u0105. Jos 120 \u00d7 200 cm miegojimo plotas suteikia erdvi\u0105 miegojimo zon\u0105 vienam asmeniui. Taip pat verta pagalvoti apie tinkam\u0105 r\u0117m\u0105 ir \u010diu\u017ein\u012f, kad padidintum\u0117te \u0161ios lovos komfort\u0105. Papildomai galite \u012fsigyti apmu\u0161t\u0105 galv\u016bgalio u\u017evalkal\u0105 ir stal\u010di\u0173 su mi\u0161riu skydeliu. Stal\u010dius suteikia papildomos vietos patalynei ir kitiems b\u016btiniausiems daiktams laikyti. \u0160is prakti\u0161kas sprendimas padeda palaikyti tvark\u0105 kambaryje. Pastorintos \u0161onin\u0117s dalys ir galv\u016bgalis ne tik sustiprina konstrukcij\u0105, bet ir suteikia tvirt\u0105 bei i\u0161skirtin\u0119 i\u0161vaizd\u0105. \u0160ios estetin\u0117s detal\u0117s pabr\u0117\u017eia baldo modern\u0173 charakter\u012f. \u201eKaspian\u201c lovoje naudojama fanera puikiai perteikia neapdorotos medienos charakter\u012f ir ra\u0161t\u0105. Tai suteikia lovai unikal\u0173 charakter\u012f ir harmoningai dera prie \u012fvairi\u0173 interjero stili\u0173. Be to, \u012fvairios spalv\u0173 pasirinkimo galimyb\u0117s leid\u017eia pritaikyti bald\u0105 pagal j\u016bs\u0173 pageidavimus. \u201eKaspian 120\u201c lov\u0105 galima derinti su kitais kolekcijos elementais, suteikiant galimyb\u0119 sukurti darn\u0173 ir funkcional\u0173 interjer\u0105. Platus \u201eKaspian\u201c sistemos form\u0173, dyd\u017ei\u0173 ir funkcij\u0173 pasirinkimas leid\u017eia lanks\u010diai i\u0161d\u0117styti kambar\u012f. Trumpai tariant, \u201eKaspian 120\u201c lova yra prakti\u0161kas baldas, suteikiantis patogi\u0105 miegojimo viet\u0105 vienam asmeniui. Paprasta forma, tvirta konstrukcija ir platus spalv\u0173 pasirinkimas daro j\u0105 puikiu pasirinkimu tiems, kurie vertina komfort\u0105 ir estetik\u0105 savo interjere. Su \u201eKaspian\u201c lova galite sukurti funkcionali\u0105 ir stiling\u0105 erdv\u0119 poilsiui.<\/p>\n<p>Prek\u0117s kodas S128-LOZ\/120\/T-BI\/BI Simbolis ZM EAN Ilgis 208 cm Plotis 128 cm Auk\u0161tis 50\u2013100 cm Kolekcija Kaspian Spalva balta Atspalvis baltas Stilius modernus Miegamoji funkcija su miegojimo funkcija Miegamoji dalis 120 \u00d7 200 Papildoma talpa Gamintojas Juoda Raudona Balta Bald\u0173 tipas Lovos PVM mokestis 23% EAN 5906123883375<\/p>","protected":false},"excerpt":{"rendered":"<p>\u201eKaspian 120\u201c lova \u2013 komfortas vienam asmeniui. \u201eKaspian\u201c kolekcija i\u0161siskiria madingu dizainu, prakti\u0161kumu ir funkcionalumu, tod\u0117l puikiai tinka daugeliui interjer\u0173. \u201eKaspian 120\u201c lova pasi\u017eymi paprasta forma ir tvirta konstrukcija, garantuojan\u010dia patog\u0173 nakties mieg\u0105 vienam asmeniui. Jei paauglio kambaryje tr\u016bksta vietos poilsiui, [\u2026]<\/p>","protected":false},"featured_media":261345,"comment_status":"open","ping_status":"open","template":"","meta":[],"product_brand":[],"product_cat":[9200,505],"product_tag":[],"class_list":{"0":"post-261344","1":"product","2":"type-product","3":"status-publish","4":"has-post-thumbnail","6":"product_cat-black-red-white","7":"product_cat-bedroom-beds","9":"first","10":"instock","11":"purchasable","12":"product-type-simple"},"_links":{"self":[{"href":"https:\/\/baldumarket.lt\/lt\/wp-json\/wp\/v2\/product\/261344","targetHints":{"allow":["GET"]}}],"collection":[{"href":"https:\/\/baldumarket.lt\/lt\/wp-json\/wp\/v2\/product"}],"about":[{"href":"https:\/\/baldumarket.lt\/lt\/wp-json\/wp\/v2\/types\/product"}],"replies":[{"embeddable":true,"href":"https:\/\/baldumarket.lt\/lt\/wp-json\/wp\/v2\/comments?post=261344"}],"wp:featuredmedia":[{"embeddable":true,"href":"https:\/\/baldumarket.lt\/lt\/wp-json\/wp\/v2\/media\/261345"}],"wp:attachment":[{"href":"https:\/\/baldumarket.lt\/lt\/wp-json\/wp\/v2\/media?parent=261344"}],"wp:term":[{"taxonomy":"product_brand","embeddable":true,"href":"https:\/\/baldumarket.lt\/lt\/wp-json\/wp\/v2\/product_brand?post=261344"},{"taxonomy":"product_cat","embeddable":true,"href":"https:\/\/baldumarket.lt\/lt\/wp-json\/wp\/v2\/product_cat?post=261344"},{"taxonomy":"product_tag","embeddable":true,"href":"https:\/\/baldumarket.lt\/lt\/wp-json\/wp\/v2\/product_tag?post=261344"}],"curies":[{"name":"wp","href":"https:\/\/api.w.org\/{rel}","templated":true}]}}