{"id":261336,"date":"2026-01-13T23:09:58","date_gmt":"2026-01-13T20:09:58","guid":{"rendered":"https:\/\/baldumarket.lt\/product\/lozko-glamour-z-pojemnikiem-i-stelazem-160x200-cm-kaszmir-dab-mauvella\/"},"modified":"2026-02-11T18:19:33","modified_gmt":"2026-02-11T15:19:33","slug":"lozko-glamour-z-pojemnikiem-i-stelazem-160x200-cm-kaszmir-dab-mauvella","status":"publish","type":"product","link":"https:\/\/baldumarket.lt\/lt\/product\/lozko-glamour-z-pojemnikiem-i-stelazem-160x200-cm-kaszmir-dab-mauvella\/","title":{"rendered":"Glamour lova su daiktad\u0117\u017ee ir r\u0117mu, 160\u00d7200 cm, ka\u0161myro\/ro\u017ein\u0117s \u0105\u017euolo spalvos"},"content":{"rendered":"<p>\u201eGlamour\u201c lova \u2013 elegancija ir modernus stilius miegamajame. Patogumas ir funkcionalumas. \u201eGlamour\u201c lova \u2013 puikus pasirinkimas tiems, kurie vertina komfort\u0105 ir eleganti\u0161k\u0105 dizain\u0105. Jos dizainas, pritaikytas 160 \u00d7 200 cm \u010diu\u017einiui, garantuoja stabili\u0105 atram\u0105 ir patog\u0173 mieg\u0105. Prakti\u0161kas patalyn\u0117s skyrius leid\u017eia efektyviai i\u0161naudoti erdv\u0119 ir palaikyti tvark\u0105 miegamajame, o \u012fmontuotas r\u0117mas leid\u017eia pasirinkti bet kok\u012f \u010diu\u017ein\u012f pagal individualius poreikius. Prakti\u0161ki sprendimai. Erdvus patalyn\u0117s skyrius suteikia papildomos vietos antklod\u0117ms, pagalv\u0117ms ir sezoniniams tekstil\u0117s gaminiams. Tai puikus sprendimas miegamajam, kuriame svarbiausia funkcionalumas ir estetika. Dizainas ir stilius. Malvin\u0117s \u0105\u017euolo ir ka\u0161myro derinys suteikia \u201eGlamour\u201c lovai unikal\u0173 charakter\u012f. Auk\u0161tas galv\u016bgalis, papuo\u0161tas geometriniu ra\u0161tu, pabr\u0117\u017eia modern\u0173 bald\u0173 stili\u0173 ir sukuria jauki\u0105 atmosfer\u0105. Tai puikus pagrindas tiek minimalistiniam dizainui, tiek prabangiam interjerui, kur puikiai dera auksiniai akcentai ir mink\u0161ti tekstil\u0117s gaminiai. Savyb\u0117s: Lova su patalyn\u0117s saugykla \u012emontuotas r\u0117mas \u2013 \u010diu\u017ein\u012f galite pasirinkti; Miegamasis plotas: 160 \u00d7 200 cm; Auk\u0161tas galv\u016bgalis su geometriniu ra\u0161tu; Spalvos: \u0105\u017euolo \u201eMauvella\u201c ir ka\u0161myro; Stabili ir tvirta konstrukcija; Apibendrinimas: \u201eGlamour\u201c lova derina subtil\u0173 modernum\u0105, elegancij\u0105 ir prakti\u0161kum\u0105. Su patalyn\u0117s saugykla, \u012fmontuotu r\u0117mu ir unikaliu dizainu ji taps j\u016bs\u0173 miegamojo traukos centru.<\/p>\n<p>Prek\u0117s kodas S647-LOZ\/160\/B-UKA\/DMU Ilgis 210 cm Plotis 167 cm Auk\u0161tis 100 cm Atspalvis sm\u0117lio spalvos Stilius glam\u016bringas Med\u017eiaga laminatas Miegamoji funkcija su miegam\u0105ja funkcija Miegamoji dalis 160\u00d7200 Indas su indu Gamintojas Juoda Raudona Balta Bald\u0173 tipas Lovos PVM 23% EAN 5906123124355<\/p>","protected":false},"excerpt":{"rendered":"<p>\u201eGlamour\u201c lova \u2013 elegancija ir modernus stilius miegamajame. Patogumas ir funkcionalumas. \u201eGlamour\u201c lova \u2013 puikus pasirinkimas tiems, kurie vertina komfort\u0105 ir eleganti\u0161k\u0105 dizain\u0105. Jos dizainas, pritaikytas 160 \u00d7 200 cm \u010diu\u017einiui, garantuoja stabili\u0105 atram\u0105 ir patog\u0173 mieg\u0105. Prakti\u0161kas patalyn\u0117s skyrius leid\u017eia efektyviai i\u0161naudoti erdv\u0119 [\u2026]<\/p>","protected":false},"featured_media":261337,"comment_status":"open","ping_status":"open","template":"","meta":[],"product_brand":[],"product_cat":[9200,505],"product_tag":[],"class_list":{"0":"post-261336","1":"product","2":"type-product","3":"status-publish","4":"has-post-thumbnail","6":"product_cat-black-red-white","7":"product_cat-bedroom-beds","9":"first","10":"instock","11":"purchasable","12":"product-type-simple"},"_links":{"self":[{"href":"https:\/\/baldumarket.lt\/lt\/wp-json\/wp\/v2\/product\/261336","targetHints":{"allow":["GET"]}}],"collection":[{"href":"https:\/\/baldumarket.lt\/lt\/wp-json\/wp\/v2\/product"}],"about":[{"href":"https:\/\/baldumarket.lt\/lt\/wp-json\/wp\/v2\/types\/product"}],"replies":[{"embeddable":true,"href":"https:\/\/baldumarket.lt\/lt\/wp-json\/wp\/v2\/comments?post=261336"}],"wp:featuredmedia":[{"embeddable":true,"href":"https:\/\/baldumarket.lt\/lt\/wp-json\/wp\/v2\/media\/261337"}],"wp:attachment":[{"href":"https:\/\/baldumarket.lt\/lt\/wp-json\/wp\/v2\/media?parent=261336"}],"wp:term":[{"taxonomy":"product_brand","embeddable":true,"href":"https:\/\/baldumarket.lt\/lt\/wp-json\/wp\/v2\/product_brand?post=261336"},{"taxonomy":"product_cat","embeddable":true,"href":"https:\/\/baldumarket.lt\/lt\/wp-json\/wp\/v2\/product_cat?post=261336"},{"taxonomy":"product_tag","embeddable":true,"href":"https:\/\/baldumarket.lt\/lt\/wp-json\/wp\/v2\/product_tag?post=261336"}],"curies":[{"name":"wp","href":"https:\/\/api.w.org\/{rel}","templated":true}]}}