{"id":261332,"date":"2026-01-13T23:09:55","date_gmt":"2026-01-13T20:09:55","guid":{"rendered":"https:\/\/baldumarket.lt\/product\/lozko-dwuosobowe-180-z-pojemnikiem-frija\/"},"modified":"2026-02-11T18:19:34","modified_gmt":"2026-02-11T15:19:34","slug":"lozko-dwuosobowe-180-z-pojemnikiem-frija","status":"publish","type":"product","link":"https:\/\/baldumarket.lt\/lt\/product\/lozko-dwuosobowe-180-z-pojemnikiem-frija\/","title":{"rendered":"Dvigul\u0117 lova 180 su daiktad\u0117\u017ee FRIJA"},"content":{"rendered":"<p>\u201eFrija 180\u201c lova su daiktad\u0117\u017ee \u2013 j\u016bs\u0173 miego zona. \u201eFrija 160\u201c lova su daiktad\u0117\u017ee \u2013 tai \u017eavus dizainas, vertas j\u016bs\u0173 d\u0117mesio. Verta pamin\u0117ti, kad \u012f lovos kain\u0105 \u010diu\u017einys ne\u012fskai\u010diuotas. Skandinavi\u0161kas stilius yra nepaprastai populiarus d\u0117l minimalistinio dizaino, nat\u016bralumo ir jaukios atmosferos derinio. Dabar galite \u0161\u012f tobul\u0105 derin\u012f perkelti \u012f savo miegam\u0105j\u012f, suteikdami nauj\u0105 harmonijos, komforto ir patrauklumo dimensij\u0105 su \u201eFrija\u201c lova su daiktad\u0117\u017ee. \u0160i lova pavers j\u016bs\u0173 interjer\u0105 komforto oaze, kur miegas taps tikru malonumu. Harmoningas Anderseno pu\u0161ies ir meni\u0161ko \u0105\u017euolo derinys sukuria darn\u0173 bald\u0105, kuris d\u017eiugina nepriekai\u0161tingu stiliumi. Miegamoji dalis, kurios matmenys 180 x 200 cm, garantuoja ideal\u0173 poils\u012f. Tvirtas r\u0117mas leid\u017eia pad\u0117ti tinkam\u0105 \u010diu\u017ein\u012f, kuris, kad r\u0117mo pak\u0117limo mechanizmas tinkamai veikt\u0173, tur\u0117t\u0173 sverti ne ma\u017eiau kaip 24,5 kg \/ ne daugiau kaip 41 kg. J\u016bs sprend\u017eiate, ant ko miegosite ir kokia atrama geriausiai tinka j\u016bs\u0173 stuburui! Pak\u0117lus r\u0117m\u0105, pateksite \u012f erdv\u0173 daiktad\u0117\u017e\u0119, kurioje gal\u0117site susitvarkyti ir susitvarkyti savo miegam\u0105j\u012f. \u012egysite papildomos vietos daiktams susid\u0117ti, o tai ypa\u010d svarbu ma\u017eesniuose kambariuose. Daiktad\u0117\u017e\u0117je galite laikyti ne tik patalyn\u0119, bet ir sezoninius drabu\u017eius, antklodes ir dekoratyvines pagalv\u0117les. Tai taip pat puiki vieta pasl\u0117pti daiktus, kurie neprisideda prie bendro estetinio vaizdo. \u0160is sprendimas leis lengvai palaikyti tvark\u0105 ir harmonij\u0105 j\u016bs\u0173 miegamajame. Lova \u201eFrija\u201c taip pat pasi\u017eymi auk\u0161tu ir stabiliu galv\u016bgaliu, dekoruotu skandinavi\u0161kam stiliui b\u016bdingomis stiklo juostel\u0117mis. Galv\u016bgalis ne tik suteikia patogi\u0105 atram\u0105, bet ir neleid\u017eia pagalv\u0117ms remtis tiesiai \u012f sien\u0105. Lova suteikia j\u016bs\u0173 miegamajam unikalaus \u017eavesio ir charakterio, sukuria unikali\u0105 atmosfer\u0105 ir u\u017etikrina kokybi\u0161k\u0105 mieg\u0105. Sukurkite savo svajoni\u0173 poilsio erdv\u0119, derindami lov\u0105 \u201eFrija\u201c su kitais kolekcijos baldais.<\/p>\n<p>Prek\u0117s kodas S611-LOZ\/180-APW\/DASN Simbolis ZM EAN Ilgis 208 cm Plotis 188 cm Auk\u0161tis 57-95 cm Kolekcija Frija Spalva andersen pu\u0161is balta\/artisan \u0105\u017euolas \u0160e\u0161\u0117lis \u0161viesi mediena Stilius Skandinavi\u0161kas Med\u017eiaga laminatas Miegamoji funkcija su miegam\u0105ja funkcija Miegamoji dalis 180\u00d7200 Indas su indu Gamintojas Juoda Raudona Balta Bald\u0173 tipas Lovos PVM 23% EAN 5906123814478<\/p>","protected":false},"excerpt":{"rendered":"<p>\u201eFrija 180\u201c lova su daiktad\u0117\u017ee \u2013 j\u016bs\u0173 miego zona. \u201eFrija 160\u201c lova su daiktad\u0117\u017ee \u2013 tai \u017eavus dizainas, vertas j\u016bs\u0173 d\u0117mesio. Verta pamin\u0117ti, kad \u012f lovos kain\u0105 \u010diu\u017einys ne\u012fskai\u010diuotas. Skandinavi\u0161kas stilius yra nepaprastai populiarus d\u0117l minimalistinio dizaino, nat\u016bralumo ir jaukios atmosferos derinio. [\u2026]<\/p>","protected":false},"featured_media":261333,"comment_status":"open","ping_status":"open","template":"","meta":[],"product_brand":[],"product_cat":[9200,505],"product_tag":[],"class_list":{"0":"post-261332","1":"product","2":"type-product","3":"status-publish","4":"has-post-thumbnail","6":"product_cat-black-red-white","7":"product_cat-bedroom-beds","9":"first","10":"instock","11":"purchasable","12":"product-type-simple"},"_links":{"self":[{"href":"https:\/\/baldumarket.lt\/lt\/wp-json\/wp\/v2\/product\/261332","targetHints":{"allow":["GET"]}}],"collection":[{"href":"https:\/\/baldumarket.lt\/lt\/wp-json\/wp\/v2\/product"}],"about":[{"href":"https:\/\/baldumarket.lt\/lt\/wp-json\/wp\/v2\/types\/product"}],"replies":[{"embeddable":true,"href":"https:\/\/baldumarket.lt\/lt\/wp-json\/wp\/v2\/comments?post=261332"}],"wp:featuredmedia":[{"embeddable":true,"href":"https:\/\/baldumarket.lt\/lt\/wp-json\/wp\/v2\/media\/261333"}],"wp:attachment":[{"href":"https:\/\/baldumarket.lt\/lt\/wp-json\/wp\/v2\/media?parent=261332"}],"wp:term":[{"taxonomy":"product_brand","embeddable":true,"href":"https:\/\/baldumarket.lt\/lt\/wp-json\/wp\/v2\/product_brand?post=261332"},{"taxonomy":"product_cat","embeddable":true,"href":"https:\/\/baldumarket.lt\/lt\/wp-json\/wp\/v2\/product_cat?post=261332"},{"taxonomy":"product_tag","embeddable":true,"href":"https:\/\/baldumarket.lt\/lt\/wp-json\/wp\/v2\/product_tag?post=261332"}],"curies":[{"name":"wp","href":"https:\/\/api.w.org\/{rel}","templated":true}]}}