{"id":261324,"date":"2026-01-13T23:09:49","date_gmt":"2026-01-13T20:09:49","guid":{"rendered":"https:\/\/baldumarket.lt\/product\/lozko-dwuosobowe-180-loksa-z-pojemnikiem-na-posciel-sosna-andersen-biala-dab-grandson\/"},"modified":"2026-02-11T18:19:34","modified_gmt":"2026-02-11T15:19:34","slug":"lozko-dwuosobowe-180-loksa-z-pojemnikiem-na-posciel-sosna-andersen-biala-dab-grandson","status":"publish","type":"product","link":"https:\/\/baldumarket.lt\/lt\/product\/lozko-dwuosobowe-180-loksa-z-pojemnikiem-na-posciel-sosna-andersen-biala-dab-grandson\/","title":{"rendered":"Dvigul\u0117 lova 180 LOKSA su patalyn\u0117s d\u0117\u017ee, Anderseno pu\u0161is balta\/Grandson \u0105\u017euolas"},"content":{"rendered":"<p>Lova \u201eLoksa 180\u201c su patalyn\u0117s saugykla: Geras nakties miegas yra sveiko gyvenimo pagrindas, o \u201eLoksa\u201c kolekcijoje si\u016blome lov\u0105, kuri ne tik u\u017etikrina komfort\u0105, bet ir yra modernaus bei patrauklaus dizaino. Lova \u201eLoksa 180\u201c skirta 180 x 200 cm \u010diu\u017einiui, u\u017etikrinant erdv\u0173 ir patog\u0173 miegojimo pavir\u0161i\u0173. Tinkamas \u010diu\u017einio pasirinkimas garantuoja optimali\u0105 miego kokyb\u0119. Lova \u201eLoksa\u201c pasi\u017eymi skandinavi\u0161ko stiliaus estetika. Jos balta Anderseno pu\u0161ies spalva dera su nat\u016braliais Grandsono \u0105\u017euolo akcentais, sukurdama darni\u0105 ir jauki\u0105 visum\u0105. Eleganti\u0161kas galv\u016bgalis ne tik suteikia \u017eavesio, bet ir suteikia patogi\u0105 atram\u0105, apsaugodamas pagalves nuo tiesioginio s\u0105ly\u010dio su siena. D\u0117l to lova yra ne tik prakti\u0161ka, bet ir suteikia miegamajam jauki\u0105 bei stiling\u0105 atmosfer\u0105. Lovos \u201eLoksa\u201c funkcionalum\u0105 dar labiau padidina pakeliamas r\u0117mas ir erdvi patalyn\u0117s saugykla. \u0160is prakti\u0161kas sprendimas leid\u017eia patogiai laikyti patalyn\u0119 ir kitus daiktus, i\u0161laikant tvark\u0105 j\u016bs\u0173 miegamajame. Atkreipkite d\u0117mes\u012f, kad \u012f lovos kain\u0105 \u010diu\u017einys ne\u012fskai\u010diuotas. Sukurkite savo svajoni\u0173 poilsio erdv\u0119, derindami \u201eLoksa\u201c lov\u0105 su kitais \u0161ios kolekcijos baldais. Tai suteiks j\u016bs\u0173 miegamajam unikal\u0173 charakter\u012f ir taps puikia vieta atsipalaiduoti ir pasisemti nauj\u0173 j\u0117g\u0173.<\/p>\n<p>Prek\u0117s kodas S455-LOZ\/180\/B-APW Ilgis 208,5 cm Plotis 185 cm Auk\u0161tis 57,5-110,5 cm Kolekcija Loksa Spalva Anderseno pu\u0161is balta\/grandson \u0105\u017euolas Gaubtas \u0161viesi mediena Stilius Skandinavi\u0161kas Med\u017eiaga laminatas Miegamoji funkcija su miegam\u0105ja funkcija Miegamoji dalis 180\u00d7200 Indas su indu Gamintojas Juoda Raudona Balta Bald\u0173 tipas Lovos PVM 23% EAN 5906123030946<\/p>","protected":false},"excerpt":{"rendered":"<p>\u201eLoksa 180\u201c lova su patalyn\u0117s saugykla: geras nakties miegas yra sveiko gyvenimo pagrindas, o \u201eLoksa\u201c kolekcijoje si\u016blomos lovos, kurios ne tik suteikia komfort\u0105, bet ir yra modernaus bei patrauklaus dizaino. \u201eLoksa 180\u201c lova skirta 180 x 200 cm \u010diu\u017einiui, u\u017etikrinan\u010diam erdv\u0173 ir patog\u0173 miegojim\u0105 [\u2026]<\/p>","protected":false},"featured_media":261325,"comment_status":"open","ping_status":"open","template":"","meta":[],"product_brand":[],"product_cat":[9200,505],"product_tag":[],"class_list":{"0":"post-261324","1":"product","2":"type-product","3":"status-publish","4":"has-post-thumbnail","6":"product_cat-black-red-white","7":"product_cat-bedroom-beds","9":"first","10":"instock","11":"purchasable","12":"product-type-simple"},"_links":{"self":[{"href":"https:\/\/baldumarket.lt\/lt\/wp-json\/wp\/v2\/product\/261324","targetHints":{"allow":["GET"]}}],"collection":[{"href":"https:\/\/baldumarket.lt\/lt\/wp-json\/wp\/v2\/product"}],"about":[{"href":"https:\/\/baldumarket.lt\/lt\/wp-json\/wp\/v2\/types\/product"}],"replies":[{"embeddable":true,"href":"https:\/\/baldumarket.lt\/lt\/wp-json\/wp\/v2\/comments?post=261324"}],"wp:featuredmedia":[{"embeddable":true,"href":"https:\/\/baldumarket.lt\/lt\/wp-json\/wp\/v2\/media\/261325"}],"wp:attachment":[{"href":"https:\/\/baldumarket.lt\/lt\/wp-json\/wp\/v2\/media?parent=261324"}],"wp:term":[{"taxonomy":"product_brand","embeddable":true,"href":"https:\/\/baldumarket.lt\/lt\/wp-json\/wp\/v2\/product_brand?post=261324"},{"taxonomy":"product_cat","embeddable":true,"href":"https:\/\/baldumarket.lt\/lt\/wp-json\/wp\/v2\/product_cat?post=261324"},{"taxonomy":"product_tag","embeddable":true,"href":"https:\/\/baldumarket.lt\/lt\/wp-json\/wp\/v2\/product_tag?post=261324"}],"curies":[{"name":"wp","href":"https:\/\/api.w.org\/{rel}","templated":true}]}}