{"id":261316,"date":"2026-01-13T23:09:43","date_gmt":"2026-01-13T20:09:43","guid":{"rendered":"https:\/\/baldumarket.lt\/product\/lozko-dwuosobowe-180-loksa-sosna-andersen-biala-dab-grandson\/"},"modified":"2026-02-11T18:19:34","modified_gmt":"2026-02-11T15:19:34","slug":"lozko-dwuosobowe-180-loksa-sosna-andersen-biala-dab-grandson","status":"publish","type":"product","link":"https:\/\/baldumarket.lt\/lt\/product\/lozko-dwuosobowe-180-loksa-sosna-andersen-biala-dab-grandson\/","title":{"rendered":"Dvigul\u0117 lova 180 LOKSA Andersen balta pu\u0161is\/An\u016bkas \u0105\u017euolas"},"content":{"rendered":"<p>Lova \u201eLoksa 180\u201c \u2013 skandinavi\u0161kas stilius ir miego komfortas. Geras miegas yra sveiko gyvenimo pagrindas, o \u201eLoksa\u201c kolekcija u\u017etikrina J\u016bs\u0173 komfort\u0105, si\u016blydama lov\u0105, kurioje modernus dizainas dera su funkcionalumu. Lovoje \u201eLoksa 180\u201c telpa 180 x 200 cm \u010diu\u017einys, u\u017etikrinantis erdv\u0173 ir patog\u0173 miego pavir\u0161i\u0173. Tinkamai pasirinktas r\u0117mas ir \u010diu\u017einys u\u017etikrins optimali\u0105 miego kokyb\u0119. Lova \u201eLoksa\u201c pasi\u017eymi tipi\u0161ka skandinavi\u0161ka estetika \u2013 jos balta Anderseno pu\u0161ies spalva dera su nat\u016braliais Grandsono \u0105\u017euolo akcentais. Eleganti\u0161kas galv\u016bgalis ne tik suteikia \u017eavesio, bet ir suteikia patogi\u0105 atram\u0105, apsaugodamas pagalves nuo tiesioginio s\u0105ly\u010dio su siena. D\u0117l to lova yra ne tik prakti\u0161ka, bet ir sukuria jauki\u0105 bei stiling\u0105 atmosfer\u0105 miegamajame. Skandinavi\u0161kas stilius, derinantis minimalistin\u012f dizain\u0105 su nat\u016braliomis med\u017eiagomis ir jaukumu, yra nepaprastai populiarus. Dabar galite \u0161i\u0105 estetik\u0105 perkelti \u012f savo miegam\u0105j\u012f, sukurdami erdv\u0119, kupin\u0105 harmonijos, komforto ir elegancijos. Atkreipkite d\u0117mes\u012f, kad \u012f lovos kain\u0105 ne\u012feina r\u0117mas ir \u010diu\u017einys. Sukurkite savo svajoni\u0173 poilsio erdv\u0119, derindami \u201eLoksa\u201c lov\u0105 su kitais \u0161ios kolekcijos baldais. Tai suteiks j\u016bs\u0173 miegamajam unikal\u0173 charakter\u012f ir taps puikia vieta atsipalaiduoti ir pasisemti nauj\u0173 j\u0117g\u0173.<\/p>\n<p>Prek\u0117s kodas S455-LOZ\/180\/A-APW Ilgis 208,5 cm Plotis 185 cm Auk\u0161tis 57,5-110,5 cm Kolekcija Loksa Spalva Anderseno pu\u0161is balta\/\u0105\u017euolas \u201eGrandson\u201c Gaubtas \u0161viesi mediena Stilius Skandinavi\u0161kas Med\u017eiaga laminatas Miegamoji funkcija su miegam\u0105ja funkcija Miegamoji dalis 180\u00d7200 Indas be indo Gamintojas Juoda Raudona Balta Bald\u0173 tipas Lovos PVM 23% EAN 5906123030939<\/p>","protected":false},"excerpt":{"rendered":"<p>\u201eLoksa 180\u201c lova \u2013 skandinavi\u0161ko stiliaus ir miego komfortas. Geras miegas yra sveiko gyvenimo pagrindas, o \u201eLoksa\u201c kolekcija u\u017etikrina j\u016bs\u0173 komfort\u0105, si\u016blydama lov\u0105, kurioje derinamas modernus dizainas ir funkcionalumas. \u201eLoksa 180\u201c lovoje telpa 180 x 200 cm \u010diu\u017einys, u\u017etikrinantis erdv\u0173 ir patog\u0173 miegojimo pavir\u0161i\u0173. Pasirinkus [\u2026]<\/p>","protected":false},"featured_media":261317,"comment_status":"open","ping_status":"open","template":"","meta":[],"product_brand":[],"product_cat":[9200,505],"product_tag":[],"class_list":{"0":"post-261316","1":"product","2":"type-product","3":"status-publish","4":"has-post-thumbnail","6":"product_cat-black-red-white","7":"product_cat-bedroom-beds","9":"first","10":"instock","11":"purchasable","12":"product-type-simple"},"_links":{"self":[{"href":"https:\/\/baldumarket.lt\/lt\/wp-json\/wp\/v2\/product\/261316","targetHints":{"allow":["GET"]}}],"collection":[{"href":"https:\/\/baldumarket.lt\/lt\/wp-json\/wp\/v2\/product"}],"about":[{"href":"https:\/\/baldumarket.lt\/lt\/wp-json\/wp\/v2\/types\/product"}],"replies":[{"embeddable":true,"href":"https:\/\/baldumarket.lt\/lt\/wp-json\/wp\/v2\/comments?post=261316"}],"wp:featuredmedia":[{"embeddable":true,"href":"https:\/\/baldumarket.lt\/lt\/wp-json\/wp\/v2\/media\/261317"}],"wp:attachment":[{"href":"https:\/\/baldumarket.lt\/lt\/wp-json\/wp\/v2\/media?parent=261316"}],"wp:term":[{"taxonomy":"product_brand","embeddable":true,"href":"https:\/\/baldumarket.lt\/lt\/wp-json\/wp\/v2\/product_brand?post=261316"},{"taxonomy":"product_cat","embeddable":true,"href":"https:\/\/baldumarket.lt\/lt\/wp-json\/wp\/v2\/product_cat?post=261316"},{"taxonomy":"product_tag","embeddable":true,"href":"https:\/\/baldumarket.lt\/lt\/wp-json\/wp\/v2\/product_tag?post=261316"}],"curies":[{"name":"wp","href":"https:\/\/api.w.org\/{rel}","templated":true}]}}