{"id":261304,"date":"2026-01-13T23:09:32","date_gmt":"2026-01-13T20:09:32","guid":{"rendered":"https:\/\/baldumarket.lt\/product\/lozko-dwuosobowe-160-patras-dab-april\/"},"modified":"2026-02-11T18:19:34","modified_gmt":"2026-02-11T15:19:34","slug":"lozko-dwuosobowe-160-patras-dab-april","status":"publish","type":"product","link":"https:\/\/baldumarket.lt\/lt\/product\/lozko-dwuosobowe-160-patras-dab-april\/","title":{"rendered":"Dvigul\u0117 lova 160 PATRAS \u0105\u017euolo spalvos baland\u017eio spalvos"},"content":{"rendered":"<p>Lova \u201ePatras\u201cLova \u201ePatras\u201c \u2013 tai klasikinio komforto \u012fsik\u016bnijimas, j\u016bs\u0173 miegamojo traukos centras. Ji si\u016blo erdvi\u0105 miegojimo erdv\u0119 (160 \u00d7 200 cm), u\u017etikrinan\u010di\u0105 patog\u0173 poils\u012f abiem. Kad u\u017etikrintum\u0117te malonius sapnus, verta pasirinkti tinkam\u0105 r\u0117m\u0105 ir \u010diu\u017ein\u012f. I\u0161skirtin\u0117s lovos savyb\u0117s \u2013 du auk\u0161ti galv\u016bgaliai, kurie ne tik neleid\u017eia patalynei slysti, bet ir yra prakti\u0161ka atrama. Baland\u017eio \u0105\u017euolo spalva, atspindinti nat\u016brali\u0105 medienos tekst\u016br\u0105, suteikia miegamajam \u0161ilumos ir elegancijos. Lova \u201ePatras\u201c puikiai dera su kitais pla\u010dios kolekcijos elementais, leisdama jums sukurti ergonomi\u0161k\u0105 erdv\u0119 poilsiui. Atraskite \u012fvairi\u0173 komod\u0173 ir spinteli\u0173, kurios puikiai papildys j\u016bs\u0173 miegamojo dizain\u0105.<\/p>\n<p>Prek\u0117s kodas S405-LOZ\/160-DARL Simbolis ZM EAN Ilgis 208,5 cm Plotis 168 cm Auk\u0161tis 63-101 cm Kolekcija Patras Spalva baland\u017eio \u0105\u017euolas Atspalvis tamsi mediena Stilius modernus Med\u017eiaga laminatas Miegamoji funkcija su miegam\u0105ja funkcija Miegamoji dalis 160\u00d7200 Indas be indo Gamintojas Juoda Raudona Balta Bald\u0173 tipas Lovos PVM mokestis 23% EAN 5906123944144<\/p>","protected":false},"excerpt":{"rendered":"<p>Lova \u201ePatras\u201cLova \u201ePatras\u201c \u2013 tai klasikinio komforto \u012fsik\u016bnijimas, j\u016bs\u0173 miegamojo traukos centras. Joje yra erdvi miegojimo zona (160 \u00d7 200 cm), u\u017etikrinanti patog\u0173 poils\u012f abiem. Verta pasirinkti tinkam\u0105 r\u0117m\u0105 ir \u010diu\u017ein\u012f, kad u\u017etikrintum\u0117te malonius sapnus. I\u0161skirtin\u0117s lovos savyb\u0117s \u2013 du auk\u0161ti galv\u016bgaliai, kurie ne tik apsaugo nuo [\u2026]<\/p>","protected":false},"featured_media":261305,"comment_status":"open","ping_status":"open","template":"","meta":[],"product_brand":[],"product_cat":[9200,505],"product_tag":[],"class_list":{"0":"post-261304","1":"product","2":"type-product","3":"status-publish","4":"has-post-thumbnail","6":"product_cat-black-red-white","7":"product_cat-bedroom-beds","9":"first","10":"instock","11":"purchasable","12":"product-type-simple"},"_links":{"self":[{"href":"https:\/\/baldumarket.lt\/lt\/wp-json\/wp\/v2\/product\/261304","targetHints":{"allow":["GET"]}}],"collection":[{"href":"https:\/\/baldumarket.lt\/lt\/wp-json\/wp\/v2\/product"}],"about":[{"href":"https:\/\/baldumarket.lt\/lt\/wp-json\/wp\/v2\/types\/product"}],"replies":[{"embeddable":true,"href":"https:\/\/baldumarket.lt\/lt\/wp-json\/wp\/v2\/comments?post=261304"}],"wp:featuredmedia":[{"embeddable":true,"href":"https:\/\/baldumarket.lt\/lt\/wp-json\/wp\/v2\/media\/261305"}],"wp:attachment":[{"href":"https:\/\/baldumarket.lt\/lt\/wp-json\/wp\/v2\/media?parent=261304"}],"wp:term":[{"taxonomy":"product_brand","embeddable":true,"href":"https:\/\/baldumarket.lt\/lt\/wp-json\/wp\/v2\/product_brand?post=261304"},{"taxonomy":"product_cat","embeddable":true,"href":"https:\/\/baldumarket.lt\/lt\/wp-json\/wp\/v2\/product_cat?post=261304"},{"taxonomy":"product_tag","embeddable":true,"href":"https:\/\/baldumarket.lt\/lt\/wp-json\/wp\/v2\/product_tag?post=261304"}],"curies":[{"name":"wp","href":"https:\/\/api.w.org\/{rel}","templated":true}]}}