{"id":261293,"date":"2026-01-13T23:09:23","date_gmt":"2026-01-13T20:09:23","guid":{"rendered":"https:\/\/baldumarket.lt\/product\/lozko-bergen-160-modrzew-sibiu-zloty\/"},"modified":"2026-02-11T18:19:34","modified_gmt":"2026-02-11T15:19:34","slug":"lozko-bergen-160-modrzew-sibiu-zloty","status":"publish","type":"product","link":"https:\/\/baldumarket.lt\/lt\/product\/lozko-bergen-160-modrzew-sibiu-zloty\/","title":{"rendered":"BERGEN 160 lova, auksin\u0117 Sibiu maumed\u017eio mediena"},"content":{"rendered":"<p>\u201cBergen 160\u201d lova \u2013 patogus miegas ir elegancija viename. \u201dBergen\u201d kolekcija \u2013 tai \u017eavus geometrini\u0173 form\u0173, originali\u0173 detali\u0173 ir prislopint\u0173 spalv\u0173 derinys, puikiai papildantis tiek svetain\u0119, tiek miegam\u0105j\u012f. \u201eBergen\u201c lova \u2013 j\u016bs\u0173 miegamojo traukos centras. Jos 160 \u00d7 200 cm miegojimo erdv\u0117 u\u017etikrina patog\u0173 mieg\u0105 dviem \u017emon\u0117ms ir palieka vietos skaityti pasakas prie\u0161 mieg\u0105 su ma\u017eyliais. Verta atkreipti d\u0117mes\u012f \u012f auk\u0161t\u0105 lovos galv\u016bgal\u012f, kuris ne tik suteikia lovai elegancijos, bet ir suteikia patog\u0173 pagrind\u0105 vakaro poilsiui. \u0160ilta auksin\u0117s Sibiu maumed\u017eio medienos spalva suteikia interjerui nepaprasto \u017eavesio ir sukuria tvirt\u0105 pagrind\u0105 stilingiems i\u0161d\u0117stymams. Detal\u0117s yra svarbios \u2013 paprast\u0105 lovos form\u0105 puo\u0161ia i\u0161skirtinis \u201e\u012fdubimas\u201c \u0161oniniuose kra\u0161tuose, taip pat i\u0161siki\u0161\u0119s, tiesus cokolis. Auk\u0161tos, siaur\u0117jan\u010dios kojel\u0117s suteikia baldui charakterio ir pabr\u0117\u017eia unikal\u0173 dizain\u0105. \u201eBergen\u201c kolekcija si\u016blo \u012fvairius elementus, leid\u017eian\u010dius sukurti funkcionalius i\u0161d\u0117stymus, pritaikytus j\u016bs\u0173 \u0161eimos poreikiams. \u0160is lankstus sprendimas leid\u017eia suplanuoti darni\u0105 ir prakti\u0161k\u0105 erdv\u0119. Svarbu atkreipti d\u0117mes\u012f, kad \u012f lovos kain\u0105 ne\u012feina r\u0117mas ir \u010diu\u017einys, tod\u0117l verta \u012f tai atsi\u017evelgti planuojant. \u201eBergen\u201c lova yra ne tik vieta miegoti, bet ir eleganti\u0161kas miegamojo dekoro elementas, suteikiantis komforto ir stiliaus, u\u017etikrinantis, kad kiekviena naktis bus rami ir i\u0161skirtin\u0117.<\/p>\n<p>Prek\u0117s kodas S359-LOZ\/160-MSZ Simbolis ZM EAN Ilgis 204,5 cm Plotis 165,5 cm Auk\u0161tis 78,5\u2013102,5 cm Kolekcija Bergen Spalva maumedis sibiu auksin\u0117 Atspalvis tamsi mediena Stilius klasikinis Med\u017eiaga laminatas Miegamoji funkcija su miegam\u0105ja funkcija Miegamoji dalis 160 \u00d7 200 Indas be indo Gamintojas Juoda Raudona Balta Bald\u0173 tipas Lovos PVM mokestis 23% EAN 5906123926713<\/p>","protected":false},"excerpt":{"rendered":"<p>\u201eBergen 160\u201c lova \u2013 patogus miegas ir elegancija viename. \u201eBergen\u201c kolekcija \u2013 tai \u017eavus geometrini\u0173 form\u0173, originali\u0173 detali\u0173 ir prislopint\u0173 spalv\u0173 derinys, puikiai papildantis tiek svetain\u0119, tiek miegam\u0105j\u012f. \u201eBergen\u201c lova yra j\u016bs\u0173 miegamojo pagrindinis elementas. Jos 160 \u00d7 200 cm miegojimo erdv\u0117 u\u017etikrina patog\u0173 mieg\u0105 [\u2026]<\/p>","protected":false},"featured_media":261294,"comment_status":"open","ping_status":"open","template":"","meta":[],"product_brand":[],"product_cat":[9200,505],"product_tag":[],"class_list":{"0":"post-261293","1":"product","2":"type-product","3":"status-publish","4":"has-post-thumbnail","6":"product_cat-black-red-white","7":"product_cat-bedroom-beds","9":"first","10":"instock","11":"purchasable","12":"product-type-simple"},"_links":{"self":[{"href":"https:\/\/baldumarket.lt\/lt\/wp-json\/wp\/v2\/product\/261293","targetHints":{"allow":["GET"]}}],"collection":[{"href":"https:\/\/baldumarket.lt\/lt\/wp-json\/wp\/v2\/product"}],"about":[{"href":"https:\/\/baldumarket.lt\/lt\/wp-json\/wp\/v2\/types\/product"}],"replies":[{"embeddable":true,"href":"https:\/\/baldumarket.lt\/lt\/wp-json\/wp\/v2\/comments?post=261293"}],"wp:featuredmedia":[{"embeddable":true,"href":"https:\/\/baldumarket.lt\/lt\/wp-json\/wp\/v2\/media\/261294"}],"wp:attachment":[{"href":"https:\/\/baldumarket.lt\/lt\/wp-json\/wp\/v2\/media?parent=261293"}],"wp:term":[{"taxonomy":"product_brand","embeddable":true,"href":"https:\/\/baldumarket.lt\/lt\/wp-json\/wp\/v2\/product_brand?post=261293"},{"taxonomy":"product_cat","embeddable":true,"href":"https:\/\/baldumarket.lt\/lt\/wp-json\/wp\/v2\/product_cat?post=261293"},{"taxonomy":"product_tag","embeddable":true,"href":"https:\/\/baldumarket.lt\/lt\/wp-json\/wp\/v2\/product_tag?post=261293"}],"curies":[{"name":"wp","href":"https:\/\/api.w.org\/{rel}","templated":true}]}}