{"id":261290,"date":"2026-01-13T23:09:20","date_gmt":"2026-01-13T20:09:20","guid":{"rendered":"https:\/\/baldumarket.lt\/product\/lozko-bergen-140-modrzew-sibiu-zloty\/"},"modified":"2026-02-11T18:19:34","modified_gmt":"2026-02-11T15:19:34","slug":"lozko-bergen-140-modrzew-sibiu-zloty","status":"publish","type":"product","link":"https:\/\/baldumarket.lt\/lt\/product\/lozko-bergen-140-modrzew-sibiu-zloty\/","title":{"rendered":"BERGEN 140 lova, auksin\u0117 Sibiu maumed\u017eio mediena"},"content":{"rendered":"<p>Lova \u201cBergen 140\u201d \u2013 J\u016bs\u0173 miegamojo akcentas. \u201dBergen\u201d kolekcija \u2013 tai unikalus geometrini\u0173 form\u0173, unikali\u0173 detali\u0173 ir prislopint\u0173 spalv\u0173 derinys, puikiai tiksiantis tiek svetain\u0117je, tiek miegamajame. \u201eBergen\u201c lova \u2013 J\u016bs\u0173 miegamojo traukos centras. Lygus 140 \u00d7 200 cm miegamasis pavir\u0161ius u\u017etikrina patog\u0173 mieg\u0105 dviem. Verta atkreipti d\u0117mes\u012f \u012f auk\u0161t\u0105 galv\u016bgal\u012f, kuris ne tik suteikia elegancijos, bet ir suteikia patogi\u0105 atram\u0105 skaitant ar \u017ei\u016brint televizori\u0173 lovoje. \u0160ilta auksin\u0117s Sibiu maumed\u017eio medienos spalva suteikia kambariui unikal\u0173 charakter\u012f ir yra tvirtas pagrindas kurti stilingus i\u0161d\u0117stymus. Detal\u0117s yra svarbios \u2013 paprast\u0105 lovos form\u0105 puo\u0161ia i\u0161skirtinis \u201e\u012fdubimas\u201c \u0161oniniuose kra\u0161tuose, taip pat i\u0161siki\u0161\u0119s, tiesus cokolis. Auk\u0161tos, nuo\u017eulnios kojel\u0117s suteikia charakterio ir subtiliai pabr\u0117\u017eia jos dizain\u0105. \u201eBergen\u201c kolekcijoje yra \u012fvairi\u0173 element\u0173, leid\u017eian\u010di\u0173 sukurti funkcionalius i\u0161d\u0117stymus, pritaikytus J\u016bs\u0173 \u0161eimos poreikiams. \u0160is lankstus sprendimas leid\u017eia sukurti darni\u0105 ir prakti\u0161k\u0105 erdv\u0119. Svarbu atkreipti d\u0117mes\u012f, kad \u012f lovos kain\u0105 ne\u012feina r\u0117mas ir \u010diu\u017einys, \u012f k\u0105 verta atsi\u017evelgti planuojant. Ta\u010diau \u201eBergen\u201c lova yra ne tik baldas miegui; tai ir eleganti\u0161kas miegamojo dekoro elementas, suteikiantis komforto ir stiliaus.<\/p>\n<p>Prek\u0117s kodas S359-LOZ\/140-MSZ Simbolis ZM EAN Ilgis 204,5 cm Plotis 145,5 cm Auk\u0161tis 78,5\u2013102,5 cm Kolekcija Bergen Spalva maumedis sibiu auksin\u0117 Atspalvis tamsi mediena Stilius klasikinis Med\u017eiaga laminatas Miegamoji funkcija su miegam\u0105ja funkcija Miegamoji dalis 140 \u00d7 200 Indas be indo Gamintojas Juoda Raudona Balta Bald\u0173 tipas Lovos PVM mokestis 23% EAN 5906123926690<\/p>","protected":false},"excerpt":{"rendered":"<p>\u201eBergen 140\u201c lova \u2013 j\u016bs\u0173 miegamojo akcentas. \u201eBergen\u201c kolekcija \u2013 tai unikalus geometrini\u0173 form\u0173, unikali\u0173 detali\u0173 ir prislopint\u0173 spalv\u0173 derinys, puikiai derantis tiek svetain\u0117je, tiek miegamajame. \u201eBergen\u201c lova yra j\u016bs\u0173 miegamojo traukos centras. Jos lygus 140 \u00d7 200 cm miegojimo pavir\u0161ius u\u017etikrina [\u2026]<\/p>","protected":false},"featured_media":261291,"comment_status":"open","ping_status":"open","template":"","meta":[],"product_brand":[],"product_cat":[9200,505],"product_tag":[],"class_list":{"0":"post-261290","1":"product","2":"type-product","3":"status-publish","4":"has-post-thumbnail","6":"product_cat-black-red-white","7":"product_cat-bedroom-beds","9":"first","10":"instock","11":"purchasable","12":"product-type-simple"},"_links":{"self":[{"href":"https:\/\/baldumarket.lt\/lt\/wp-json\/wp\/v2\/product\/261290","targetHints":{"allow":["GET"]}}],"collection":[{"href":"https:\/\/baldumarket.lt\/lt\/wp-json\/wp\/v2\/product"}],"about":[{"href":"https:\/\/baldumarket.lt\/lt\/wp-json\/wp\/v2\/types\/product"}],"replies":[{"embeddable":true,"href":"https:\/\/baldumarket.lt\/lt\/wp-json\/wp\/v2\/comments?post=261290"}],"wp:featuredmedia":[{"embeddable":true,"href":"https:\/\/baldumarket.lt\/lt\/wp-json\/wp\/v2\/media\/261291"}],"wp:attachment":[{"href":"https:\/\/baldumarket.lt\/lt\/wp-json\/wp\/v2\/media?parent=261290"}],"wp:term":[{"taxonomy":"product_brand","embeddable":true,"href":"https:\/\/baldumarket.lt\/lt\/wp-json\/wp\/v2\/product_brand?post=261290"},{"taxonomy":"product_cat","embeddable":true,"href":"https:\/\/baldumarket.lt\/lt\/wp-json\/wp\/v2\/product_cat?post=261290"},{"taxonomy":"product_tag","embeddable":true,"href":"https:\/\/baldumarket.lt\/lt\/wp-json\/wp\/v2\/product_tag?post=261290"}],"curies":[{"name":"wp","href":"https:\/\/api.w.org\/{rel}","templated":true}]}}