{"id":261282,"date":"2026-01-13T23:09:13","date_gmt":"2026-01-13T20:09:13","guid":{"rendered":"https:\/\/baldumarket.lt\/product\/lozko-90-zele-dab-wotan\/"},"modified":"2026-02-11T18:19:34","modified_gmt":"2026-02-11T15:19:34","slug":"lozko-90-zele-dab-wotan","status":"publish","type":"product","link":"https:\/\/baldumarket.lt\/lt\/product\/lozko-90-zele-dab-wotan\/","title":{"rendered":"Lova 90 ZELE \u0105\u017euolo spalvos wotan"},"content":{"rendered":"<p>\u2019Zele\u201c lova \u2013 j\u016bs\u0173 poilsio vieta. \u201eZele\u201c kolekcija \u2013 puikus sprendimas moderniam interjerui, kuriame dera ekologi\u0161ko ir tradicinio stiliaus elementai. \u201eZele\u201c lova, ypa\u010d viengul\u0117 versija, buvo sukurta atsi\u017evelgiant \u012f j\u016bs\u0173 vaiko komfort\u0105 ir atsipalaidavim\u0105. Tiek d\u0117l savo matmen\u0173, tiek d\u0117l funkcionalumo tai puiki vieta atsipalaiduoti, nepriklausomai nuo naudotojo am\u017eiaus. Viengul\u0117 lova \u201eZele\u201c yra 95 cm plo\u010dio ir 204 cm ilgio, tod\u0117l tinka tiek vaikams, tiek paaugliams. Auk\u0161tas galv\u016bgalis yra ne tik estetinis dizaino elementas, bet ir prakti\u0161kas b\u016bdas i\u0161vengti pagalvi\u0173 kritimo miegant. Jis taip pat apsaugo sien\u0105 nuo d\u0117mi\u0173, o tai ypa\u010d naudinga vaik\u0173 ir paaugli\u0173 miegamuosiuose. Jei jums reikia papildomos vietos patalynei, galite \u012fsigyti special\u0173 stal\u010di\u0173 \u201eZele\u201c lovai. \u0160is sprendimas pad\u0117s palaikyti tvark\u0105 miegamajame ir maksimaliai i\u0161naudoti turim\u0105 erdv\u0119. \u201eZele\u201c kolekcija taip pat leid\u017eia derinti \u012fvairius elementus, sukuriant darni\u0105 ir ergonomi\u0161k\u0105 erdv\u0119 miegamajame ar paauglio kambaryje. Lov\u0105 galite derinti su kitais \u0161ios kolekcijos baldais, tokiais kaip komoda, spintel\u0117 ar kavos staliukas, kad sukurtum\u0117te tobul\u0105 viet\u0105 poilsiui ir atsipalaidavimui. Trumpai tariant, viengul\u0117 lova \u201eZele\u201c \u2013 tai vieta, kur j\u016bs\u0173 vaikas gali m\u0117gautis komfortu ir atsipalaidavimu. D\u0117l savo dizaino, funkcionalumo ir i\u0161d\u0117stymo galimybi\u0173 ji yra puikus bet kurio miegamojo ar jaunimo kambario centrinis elementas. I\u0161bandykite j\u0105 ir pamatysite, kaip ji gali pakeisti j\u016bs\u0173 vaiko poilsio erdv\u0119.<\/p>\n<p>Prek\u0117s kodas S383-LOZ\/90-DWO Simbolis ZM EAN Ilgis 204,5 cm Plotis 95 cm Auk\u0161tis 80,5 cm Kolekcija Zele Spalva wotan \u0105\u017euolas Gaubtas \u0161viesi mediena Stilius modernus Med\u017eiaga laminatas Miegamoji funkcija su miegam\u0105ja funkcija Miegamoji dalis 90\u00d7200 Papildoma talpa Gamintojas Juoda Raudona Balta Bald\u0173 tipas Lovos PVM mokestis 23% EAN 5906123928687<\/p>","protected":false},"excerpt":{"rendered":"<p>\u201eZele\u201c lova \u2013 j\u016bs\u0173 poilsio vieta. \u201eZele\u201c kolekcija \u2013 puikus sprendimas moderniam interjerui, kuriame dera ekologi\u0161ko ir tradicinio stiliaus elementai. \u201eZele\u201c lova, ypa\u010d viengul\u0117 versija, buvo sukurta atsi\u017evelgiant \u012f j\u016bs\u0173 vaiko komfort\u0105 ir atsipalaidavim\u0105. Tiek jos matmenys, tiek funkcionalumas daro j\u0105 puikia vieta atsipalaiduoti, nepriklausomai nuo [\u2026]<\/p>","protected":false},"featured_media":261283,"comment_status":"open","ping_status":"open","template":"","meta":[],"product_brand":[],"product_cat":[9200,505],"product_tag":[],"class_list":{"0":"post-261282","1":"product","2":"type-product","3":"status-publish","4":"has-post-thumbnail","6":"product_cat-black-red-white","7":"product_cat-bedroom-beds","9":"first","10":"instock","11":"purchasable","12":"product-type-simple"},"_links":{"self":[{"href":"https:\/\/baldumarket.lt\/lt\/wp-json\/wp\/v2\/product\/261282","targetHints":{"allow":["GET"]}}],"collection":[{"href":"https:\/\/baldumarket.lt\/lt\/wp-json\/wp\/v2\/product"}],"about":[{"href":"https:\/\/baldumarket.lt\/lt\/wp-json\/wp\/v2\/types\/product"}],"replies":[{"embeddable":true,"href":"https:\/\/baldumarket.lt\/lt\/wp-json\/wp\/v2\/comments?post=261282"}],"wp:featuredmedia":[{"embeddable":true,"href":"https:\/\/baldumarket.lt\/lt\/wp-json\/wp\/v2\/media\/261283"}],"wp:attachment":[{"href":"https:\/\/baldumarket.lt\/lt\/wp-json\/wp\/v2\/media?parent=261282"}],"wp:term":[{"taxonomy":"product_brand","embeddable":true,"href":"https:\/\/baldumarket.lt\/lt\/wp-json\/wp\/v2\/product_brand?post=261282"},{"taxonomy":"product_cat","embeddable":true,"href":"https:\/\/baldumarket.lt\/lt\/wp-json\/wp\/v2\/product_cat?post=261282"},{"taxonomy":"product_tag","embeddable":true,"href":"https:\/\/baldumarket.lt\/lt\/wp-json\/wp\/v2\/product_tag?post=261282"}],"curies":[{"name":"wp","href":"https:\/\/api.w.org\/{rel}","templated":true}]}}