{"id":261274,"date":"2026-01-13T23:09:06","date_gmt":"2026-01-13T20:09:06","guid":{"rendered":"https:\/\/baldumarket.lt\/product\/lozko-90-weston-sosna-old-style-ciemna-matera\/"},"modified":"2026-02-11T18:19:34","modified_gmt":"2026-02-11T15:19:34","slug":"lozko-90-weston-sosna-old-style-ciemna-matera","status":"publish","type":"product","link":"https:\/\/baldumarket.lt\/lt\/product\/lozko-90-weston-sosna-old-style-ciemna-matera\/","title":{"rendered":"Lova 90 WESTON senovinio stiliaus tamsi pus\u0161is\/\u010diu\u017einys"},"content":{"rendered":"<p>\u201eWeston\u201c lova \u2013 patogus miegas ir stilingas dizainas. Projektuojant jaunimo kambar\u012f, svarbu, kad kiekviena erdv\u0117 atlikt\u0173 konkre\u010di\u0105 paskirt\u012f. \u201eWeston\u201c lova yra ne tik vieta miegoti, bet ir dizaino elementas, suteikiantis kambariui charakterio ir funkcionalumo. \u201eWeston\u201c viengul\u0117 lova yra puikus pasirinkimas vaikams ir paaugliams. Jos 90 x 200 cm miegojimo plotas leid\u017eia patogiai miegoti ir atsipalaiduoti. Prakti\u0161kas galv\u016bgalis ne tik apsaugo pagalv\u0119, bet ir suteikia lovai individualumo, sukurdamas jauki\u0105 poilsio viet\u0105. Verta pamin\u0117ti, kad \u012f lovos kain\u0105 ne\u012feina r\u0117mas ir \u010diu\u017einys, tod\u0117l galite pritaikyti \u0161iuos elementus pagal savo individualius pageidavimus ir poreikius. Papildoma parinktis \u2013 prakti\u0161kas \u201eWeston\u201c stal\u010dius, kuris idealiai tinka patalynei, drabu\u017eiams ir kitiems b\u016btiniausiems daiktams laikyti. Tai puikus b\u016bdas palaikyti tvark\u0105 kambaryje. Kompakti\u0161ki lovos matmenys (204,5 x 101 x 80,5 \u2013 42,5 cm) puikiai tinka net ir ma\u017eose erdv\u0117se. J\u0105 galima pastatyti ma\u017eame kambaryje arba bendruose kambariuose su broliais ir seserimis. Dviej\u0173 spalv\u0173 variant\u0173 (\u201eOld Style Pine\/Matera\u201c ir \u201eArtisan Oak\/Matera\u201c) pasirinkimas leid\u017eia priderinti \u201eWeston\u201c lov\u0105 prie kambario interjero. \u0160i lova puikiai dera prie konteinerio, gali b\u016bti ni\u0161oje arba b\u016bti paauglio kambario traukos centru. Trumpai tariant, \u201eWeston\u201c lova yra ne tik vieta miegoti, bet ir dizaino elementas, apjungiantis komfort\u0105, stili\u0173 ir funkcionalum\u0105. Tai jaunatvi\u0161kos erdv\u0117s traukos centras, kur miegas tampa malonumu, o dizainas pabr\u0117\u017eia naudotojo individualum\u0105.<\/p>\n<p>Prek\u0117s kodas S483-LOZ\/90-SOSTC\/MTA Simbolis ZM EAN Ilgis 204,5 cm Plotis 101 cm Auk\u0161tis 42,5\u201380,5 cm Kolekcija Weston Spalva senovinio stiliaus tamsi pu\u0161is\/\u010diu\u017einys Atspalvis tamsi mediena Stilius modernus Med\u017eiaga laminatas Miegamoji funkcija su miegojimo funkcija Miegamoji dalis 90 \u00d7 200 Papildoma talpa Gamintojas Juoda Raudona Balta Bald\u0173 tipas Lovos PVM 23% EAN 5906123708364<\/p>","protected":false},"excerpt":{"rendered":"<p>\u201eWeston\u201c lova \u2013 patogus miegas ir stilingas dizainas. Projektuojant jaunimo kambar\u012f, svarbu, kad kiekviena erdv\u0117 atlikt\u0173 konkret\u0173 tiksl\u0105. \u201eWeston\u201c lova yra ne tik vieta miegoti, bet ir dizaino elementas, suteikiantis kambariui charakterio ir funkcionalumo. \u201eWeston\u201c viengul\u0117 lova yra puikus pasirinkimas [\u2026]<\/p>","protected":false},"featured_media":261275,"comment_status":"open","ping_status":"open","template":"","meta":[],"product_brand":[],"product_cat":[9200,505],"product_tag":[],"class_list":{"0":"post-261274","1":"product","2":"type-product","3":"status-publish","4":"has-post-thumbnail","6":"product_cat-black-red-white","7":"product_cat-bedroom-beds","9":"first","10":"instock","11":"purchasable","12":"product-type-simple"},"_links":{"self":[{"href":"https:\/\/baldumarket.lt\/lt\/wp-json\/wp\/v2\/product\/261274","targetHints":{"allow":["GET"]}}],"collection":[{"href":"https:\/\/baldumarket.lt\/lt\/wp-json\/wp\/v2\/product"}],"about":[{"href":"https:\/\/baldumarket.lt\/lt\/wp-json\/wp\/v2\/types\/product"}],"replies":[{"embeddable":true,"href":"https:\/\/baldumarket.lt\/lt\/wp-json\/wp\/v2\/comments?post=261274"}],"wp:featuredmedia":[{"embeddable":true,"href":"https:\/\/baldumarket.lt\/lt\/wp-json\/wp\/v2\/media\/261275"}],"wp:attachment":[{"href":"https:\/\/baldumarket.lt\/lt\/wp-json\/wp\/v2\/media?parent=261274"}],"wp:term":[{"taxonomy":"product_brand","embeddable":true,"href":"https:\/\/baldumarket.lt\/lt\/wp-json\/wp\/v2\/product_brand?post=261274"},{"taxonomy":"product_cat","embeddable":true,"href":"https:\/\/baldumarket.lt\/lt\/wp-json\/wp\/v2\/product_cat?post=261274"},{"taxonomy":"product_tag","embeddable":true,"href":"https:\/\/baldumarket.lt\/lt\/wp-json\/wp\/v2\/product_tag?post=261274"}],"curies":[{"name":"wp","href":"https:\/\/api.w.org\/{rel}","templated":true}]}}